{"id":389,"date":"2023-01-13T05:53:21","date_gmt":"2023-01-13T05:53:21","guid":{"rendered":"https:\/\/caliweedonlineshop.com\/?post_type=product&#038;p=389"},"modified":"2023-01-13T05:53:21","modified_gmt":"2023-01-13T05:53:21","slug":"bubble-kush","status":"publish","type":"product","link":"https:\/\/caliweedonlineshop.com\/fr\/product\/bubble-kush\/","title":{"rendered":"Bubble kush"},"content":{"rendered":"<h1>Acheter Bubba Kush \u00e0 Carbonado<\/h1>\n<p>Acheter Bubba Kush \u00e0 Carbonado. Commandez Bubba Kush \u00e0 Carbonado. Bubba Kush en est une <a href=\"https:\/\/caliweedonlineshop.com\/index.php\/product-category\/blumen\/indica-sorten\/\">Indica-Sorte<\/a>, qui est devenu connu aux \u00c9tats-Unis et au-del\u00e0 pour ses puissants effets s\u00e9datifs. Des saveurs de haschich PeachSweet avec des notes subtiles de chocolat et de caf\u00e9 se d\u00e9gagent \u00e0 l'expiration, ravissant le palais alors qu'une puissante relaxation s'installe. De la t\u00eate aux pieds, les muscles se d\u00e9tendent tandis qu'une euphorie r\u00eaveuse s'installe dans l'esprit, soulageant le stress et stimulant votre esprit. Bubba Kush poss\u00e8de une structure de bourgeons volumineuse et distinctive avec des teintes allant du vert for\u00eat au violet p\u00e2le.<\/p>\n<h2>Acheter Bubba Kush \u00e0 Carbonado<\/h2>\n<p>Acheter Bubba Kush \u00e0 Carbonado. commander Bubba Kush \u00e0 Carbonado. La stature trapue de Bubba et la structure des bourgeons volumineux sugg\u00e8rent une ascendance afghane, mais ses origines g\u00e9n\u00e9tiques sont incertaines. Le s\u00e9lectionneur qui a donn\u00e9 son nom \u00e0 cette vari\u00e9t\u00e9 explique que Bubba Kush est n\u00e9e peu apr\u00e8s 1996 lorsqu'une OG Kush a pollinis\u00e9 une vari\u00e9t\u00e9 indica inconnue obtenue \u00e0 la Nouvelle-Orl\u00e9ans. On disait que la plante m\u00e8re \u00e9tait Northern Lights, mais l'indica g\u00e9n\u00e9tiquement ambigu\u00eb s'appelait simplement \"Bubba\". Depuis lors, Bubba Kush a prosp\u00e9r\u00e9 sur ses racines californiennes. acheter du punch violet<\/p>\n<p>Bubba Kush est une vari\u00e9t\u00e9 indica qui est devenue populaire aux \u00c9tats-Unis et au-del\u00e0 pour ses puissants effets s\u00e9datifs. De douces saveurs de haschisch avec des notes subtiles de chocolat et de caf\u00e9 se d\u00e9gagent \u00e0 l'expiration, ravissant le palais alors qu'une forte relaxation s'installe. De la t\u00eate aux pieds, les muscles se d\u00e9tendent alors qu'une euphorie r\u00eaveuse s'installe dans l'esprit, soulageant le stress et for\u00e7ant la bonne humeur. Bubba Kush poss\u00e8de une structure de bourgeon volumineuse distinctive avec des teintes allant du vert for\u00eat au violet p\u00e2le.acheter Platinum Og<\/p>\n<p>La stature trapue de la plante et la structure des bourgeons volumineux de Bubba sugg\u00e8rent une ascendance afghane, mais ses origines g\u00e9n\u00e9tiques sont incertaines. L'\u00e9leveur qui a donn\u00e9 son nom \u00e0 cette vari\u00e9t\u00e9 d\u00e9clare que Bubba Kush est n\u00e9e peu apr\u00e8s 1996 lorsqu'un hybride OG Kush a pollinis\u00e9 une vari\u00e9t\u00e9 indica inconnue obtenue \u00e0 la Nouvelle-Orl\u00e9ans. acheter Pineapple ExpressLa plante m\u00e8re \u00e9tait cens\u00e9e \u00eatre Northern Lights, mais l'indica g\u00e9n\u00e9tiquement ambigu\u00eb s'appelait simplement \"Bubba\". Bubba Kush a depuis \u00e9volu\u00e9 \u00e0 partir de ses racines californiennes. Acheter de l'herbe en ligne Europe<\/p>\n<p>&nbsp;<\/p>\n<p>&nbsp;<\/p>\n<p>&nbsp;<\/p>","protected":false},"excerpt":{"rendered":"<p>Bubba Kush est une vari\u00e9t\u00e9 indica qui est devenue populaire aux \u00c9tats-Unis et au-del\u00e0 pour ses puissants effets s\u00e9datifs. De douces saveurs de haschisch avec des notes subtiles de chocolat et de caf\u00e9 se d\u00e9gagent \u00e0 l'expiration, ravissant le palais alors qu'une forte relaxation s'installe.<\/p>","protected":false},"featured_media":390,"comment_status":"open","ping_status":"closed","template":"","meta":{"om_disable_all_campaigns":false,"_monsterinsights_skip_tracking":false,"_monsterinsights_sitenote_active":false,"_monsterinsights_sitenote_note":"","_monsterinsights_sitenote_category":0},"product_brand":[],"product_cat":[126,195],"product_tag":[202,203,211],"class_list":{"0":"post-389","1":"product","2":"type-product","3":"status-publish","4":"has-post-thumbnail","6":"product_cat-blumen","7":"product_cat-indica-sorten","8":"product_tag-alice-brownies-online-kaufen-in-new-york","9":"product_tag-cdb-brownies-online-kaufen-in-texas","10":"product_tag-kuchenmischung-minntz-online-kaufen-in-colorado","12":"first","13":"instock","14":"shipping-taxable","15":"purchasable","16":"product-type-variable"},"_links":{"self":[{"href":"https:\/\/caliweedonlineshop.com\/fr\/wp-json\/wp\/v2\/product\/389","targetHints":{"allow":["GET"]}}],"collection":[{"href":"https:\/\/caliweedonlineshop.com\/fr\/wp-json\/wp\/v2\/product"}],"about":[{"href":"https:\/\/caliweedonlineshop.com\/fr\/wp-json\/wp\/v2\/types\/product"}],"replies":[{"embeddable":true,"href":"https:\/\/caliweedonlineshop.com\/fr\/wp-json\/wp\/v2\/comments?post=389"}],"wp:featuredmedia":[{"embeddable":true,"href":"https:\/\/caliweedonlineshop.com\/fr\/wp-json\/wp\/v2\/media\/390"}],"wp:attachment":[{"href":"https:\/\/caliweedonlineshop.com\/fr\/wp-json\/wp\/v2\/media?parent=389"}],"wp:term":[{"taxonomy":"product_brand","embeddable":true,"href":"https:\/\/caliweedonlineshop.com\/fr\/wp-json\/wp\/v2\/product_brand?post=389"},{"taxonomy":"product_cat","embeddable":true,"href":"https:\/\/caliweedonlineshop.com\/fr\/wp-json\/wp\/v2\/product_cat?post=389"},{"taxonomy":"product_tag","embeddable":true,"href":"https:\/\/caliweedonlineshop.com\/fr\/wp-json\/wp\/v2\/product_tag?post=389"}],"curies":[{"name":"wp","href":"https:\/\/api.w.org\/{rel}","templated":true}]}}