{"id":395,"date":"2023-01-13T05:57:17","date_gmt":"2023-01-13T05:57:17","guid":{"rendered":"https:\/\/caliweedonlineshop.com\/?post_type=product&#038;p=395"},"modified":"2023-01-13T05:58:19","modified_gmt":"2023-01-13T05:58:19","slug":"bubblegum-kush","status":"publish","type":"product","link":"https:\/\/caliweedonlineshop.com\/fr\/product\/bubblegum-kush\/","title":{"rendered":"Bubblegum kush"},"content":{"rendered":"<h1>Acheter Bubblegum Kush en ligne.<\/h1>\n<p>Acheter Bubblegum Kush en ligne. Commandez Bubblegum Kush en ligne, une force de 80% <a href=\"https:\/\/caliweedonlineshop.com\/index.php\/product-category\/blumen\/indica-sorten\/\">Indica-Sorte<\/a> par Bulldog Seeds des Pays-Bas, Bubblegum Kush est un croisement entre B<a href=\"https:\/\/www.seriousseeds.com\/cannabis-seeds\/bubble-gum\" target=\"_blank\" rel=\"noopener\">ubble Gum<\/a> et un Kush non sp\u00e9cifi\u00e9. C'est une plante facile \u00e0 cultiver qui produit d'\u00e9normes rendements de t\u00eates givr\u00e9es et r\u00e9sineuses et est populaire aupr\u00e8s des cultivateurs et des fabricants de hasch. Bubblegum Kush a une odeur et un go\u00fbt acidul\u00e9s, et avec des niveaux de THC d'environ 18 %, cette indica laissera les utilisateurs totalement d\u00e9tendus et clou\u00e9s au canap\u00e9.<\/p>\n<h2>Acheter Bubblegum kush en ligne<\/h2>\n<p>Acheter Bubblegum kush en ligne. Commandez bubblegum kush en ligne. Originaire de l'Indiana dans les ann\u00e9es 1970, Bubblegum est un m\u00e9lange presque 80\/20 de dominance indica et sativa. La souche hybride dominante Bubblegum indica a \u00e9t\u00e9 cr\u00e9\u00e9e en croisant Indiana Bubblegum avec une souche de cannabis indica non identifi\u00e9e. Cette souche a ensuite \u00e9t\u00e9 amen\u00e9e \u00e0 Amsterdam pour \u00eatre clon\u00e9e et hybrid\u00e9e. Il a fallu plusieurs ann\u00e9es pour enfin d\u00e9velopper une souche Bubblegum stable avec l'odeur sucr\u00e9e typique et le high euphorique. La vari\u00e9t\u00e9 tire son nom de son odeur, qui rappelle le chewing-gum rose. Acheter Super Og Cookie Cette vari\u00e9t\u00e9 de marijuana m\u00e9dicale a rapidement acquis une r\u00e9putation pour sa douceur. Il a une l\u00e9g\u00e8re saveur de chewing-gum \u00e0 l'inspiration et \u00e0 l'expiration. acheter Blissfully Baked BrownieCette vari\u00e9t\u00e9 a remport\u00e9 plusieurs prix et a \u00e9t\u00e9 plac\u00e9e \u00e0 plusieurs reprises dans la High Times Cannabis Cup. La plante est de couleur vert clair avec quelques poils orange vif. acheter Snow ManLes bourgeons semblent a\u00e9r\u00e9s avec beaucoup de cristaux qui semblent neigeux. Cette vari\u00e9t\u00e9 offre des effets indica classiques \u00e0 l'ancienne qui durent jusqu'\u00e0 deux heures. Les patients souffrant de stress, d'anxi\u00e9t\u00e9 et de tension obtiennent de bons r\u00e9sultats avec cette vari\u00e9t\u00e9. Bubblegum a \u00e9galement des propri\u00e9t\u00e9s am\u00e9liorant l'humeur. La plante est de couleur vert clair avec quelques poils orange vif. acheter Snow ManLes bourgeons semblent a\u00e9r\u00e9s avec beaucoup de cristaux qui semblent neigeux. Cette vari\u00e9t\u00e9 offre des effets indica classiques \u00e0 l'ancienne qui durent jusqu'\u00e0 deux heures. Les patients souffrant de stress, d'anxi\u00e9t\u00e9 et de tension obtiennent de bons r\u00e9sultats avec cette vari\u00e9t\u00e9. Bubblegum a \u00e9galement des propri\u00e9t\u00e9s am\u00e9liorant l'humeur. La plante est de couleur vert clair avec quelques poils orange vif. acheter Snow ManLes bourgeons semblent a\u00e9r\u00e9s avec beaucoup de cristaux qui semblent neigeux. Cette vari\u00e9t\u00e9 offre des effets indica classiques \u00e0 l'ancienne qui durent jusqu'\u00e0 deux heures. Les patients souffrant de stress, d'anxi\u00e9t\u00e9 et de tension obtiennent de bons r\u00e9sultats avec cette vari\u00e9t\u00e9. Bubblegum a \u00e9galement des propri\u00e9t\u00e9s am\u00e9liorant l'humeur.<br \/>\nTHC: 15-19%.<br \/>\n80% INDICA \/ 20% SATIVA<\/p>","protected":false},"excerpt":{"rendered":"<p>Vari\u00e9t\u00e9 \u00e0 80 % indica de Bulldog Seeds des Pays-Bas, Bubblegum Kush est un croisement entre Bubble Gum et une Kush non sp\u00e9cifi\u00e9e. Une plante facile \u00e0 cultiver qui produit d'\u00e9normes rendements de t\u00eates givr\u00e9es et r\u00e9sineuses, elle est populaire aupr\u00e8s des cultivateurs et des fabricants de hasch.<\/p>","protected":false},"featured_media":396,"comment_status":"open","ping_status":"closed","template":"","meta":{"om_disable_all_campaigns":false,"_monsterinsights_skip_tracking":false,"_monsterinsights_sitenote_active":false,"_monsterinsights_sitenote_note":"","_monsterinsights_sitenote_category":0},"product_brand":[],"product_cat":[126,195],"product_tag":[212,213,214],"class_list":{"0":"post-395","1":"product","2":"type-product","3":"status-publish","4":"has-post-thumbnail","6":"product_cat-blumen","7":"product_cat-indica-sorten","8":"product_tag-alice-brownies-online-kaufen-in-europa","9":"product_tag-all-american-brownie-online-kaufen-in-italien","10":"product_tag-banana-runtz-online-in-australien-kaufen","12":"first","13":"instock","14":"shipping-taxable","15":"purchasable","16":"product-type-variable"},"_links":{"self":[{"href":"https:\/\/caliweedonlineshop.com\/fr\/wp-json\/wp\/v2\/product\/395","targetHints":{"allow":["GET"]}}],"collection":[{"href":"https:\/\/caliweedonlineshop.com\/fr\/wp-json\/wp\/v2\/product"}],"about":[{"href":"https:\/\/caliweedonlineshop.com\/fr\/wp-json\/wp\/v2\/types\/product"}],"replies":[{"embeddable":true,"href":"https:\/\/caliweedonlineshop.com\/fr\/wp-json\/wp\/v2\/comments?post=395"}],"wp:featuredmedia":[{"embeddable":true,"href":"https:\/\/caliweedonlineshop.com\/fr\/wp-json\/wp\/v2\/media\/396"}],"wp:attachment":[{"href":"https:\/\/caliweedonlineshop.com\/fr\/wp-json\/wp\/v2\/media?parent=395"}],"wp:term":[{"taxonomy":"product_brand","embeddable":true,"href":"https:\/\/caliweedonlineshop.com\/fr\/wp-json\/wp\/v2\/product_brand?post=395"},{"taxonomy":"product_cat","embeddable":true,"href":"https:\/\/caliweedonlineshop.com\/fr\/wp-json\/wp\/v2\/product_cat?post=395"},{"taxonomy":"product_tag","embeddable":true,"href":"https:\/\/caliweedonlineshop.com\/fr\/wp-json\/wp\/v2\/product_tag?post=395"}],"curies":[{"name":"wp","href":"https:\/\/api.w.org\/{rel}","templated":true}]}}