{"id":401,"date":"2023-01-13T06:05:21","date_gmt":"2023-01-13T06:05:21","guid":{"rendered":"https:\/\/caliweedonlineshop.com\/?post_type=product&#038;p=401"},"modified":"2023-01-13T06:05:21","modified_gmt":"2023-01-13T06:05:21","slug":"gods-gift","status":"publish","type":"product","link":"https:\/\/caliweedonlineshop.com\/fr\/product\/gods-gift\/","title":{"rendered":"God\u2019s gift"},"content":{"rendered":"<h1>Achetez le cadeau de Dieu en ligne<\/h1>\n<p>Achetez le cadeau de Dieu en ligne. Commandez le cadeau de Dieu en ligne. God's Gift est une vari\u00e9t\u00e9 qui est devenue populaire dans les dispensaires californiens en 2005 et qui pr\u00e9sente des ar\u00f4mes de raisin, d'agrumes et de hasch. Ses parents sont <a href=\"https:\/\/www.wikileaf.com\/strain\/grand-daddy-purple\/\" target=\"_blank\" rel=\"noopener\">Granddaddy Purple<\/a> und <a href=\"https:\/\/www.leafly.com\/strains\/og-kush\" target=\"_blank\" rel=\"noopener\">OG Kush<\/a>. Quel que soit votre syst\u00e8me de croyances, cette vari\u00e9t\u00e9 est un \"cadeau\" avec ses effets r\u00eaveurs et merveilleux. Sa p\u00e9riode de floraison dure g\u00e9n\u00e9ralement environ 8-9 semaines.<\/p>\n<p>Tout d'abord, cette souche qui est devenue populaire dans les pharmacies du monde entier pour ses effets ultra relaxants, God's Gift contient des saveurs de raisin, d'agrumes et de hasch.acheter des dosidos roses<\/p>\n<p>Ses parents sont \u00e9galement Granddaddy Purple et OG Kush. Cette vari\u00e9t\u00e9 est \u00e9galement un \u00ab cadeau \u00bb, quel que soit le syst\u00e8me de croyance auquel vous croyez, avec des niveaux \u00e9lev\u00e9s de THC de 18 \u00e0 22 %.<\/p>\n<p>Cela ne vous d\u00e9rangera pas de vous enfoncer dans votre lit, votre canap\u00e9 ou une belle parcelle d'herbe chaude. Acheter Ananas Express<\/p>\n<h2>Achetez le cadeau de Dieu en ligne<\/h2>\n<p>Achetez le cadeau de Dieu en ligne. Commandez le cadeau de Dieu en ligne. De m\u00eame, le don de Dieu est l\u00e0 pour vous d\u00e9tendre, vous rendre heureux et gu\u00e9rir ce stress, cette douleur et cette insomnie ennuyeux. Paris JO<\/p>\n<p>De plus, cette belle vari\u00e9t\u00e9 a aussi la capacit\u00e9 de dissiper vos peurs. Encore une fois, c'est une vari\u00e9t\u00e9 sp\u00e9ciale qui m\u00e9rite une place permanente sur votre liste lorsque vous souffrez d'anxi\u00e9t\u00e9 ou de stress. http:\/\/CHOCOLATE FUDGE BROWNIE (Un jeton ou deux lorsque la vague mal\u00e9fique frappe est tout ce dont front \u00e0 l'envers don de Dieu<\/p>\n<p>Wirkungen: Entspannt, Gl\u00fccklich, Schl\u00e4frig<\/p>\n<p>Medizinische Wirkungen: Stress, Schmerz, Depression, Schlaflosigkeit<\/p>\n<p>THC: 24%<\/p>\n<h4>Achetez la meilleure herbe bon march\u00e9 en ligne, les produits comestibles, l'huile de cannabis, les graines de cannabis, le vapotage, les joints de pr\u00e9-rouleau, les concentr\u00e9s, le haschich et les topiques en ligne chez les fournisseurs d'experts en cannabis avec remise et exp\u00e9dition garantie. God's Gift Marihuana-Sorte acheter en ligne<\/h4>\n<p>Acheter de la marijuana en ligne, acheter de la marijuana en ligne au Royaume-Uni, acheter de la marijuana m\u00e9dicale en ligne en Australie, acheter de la marijuana<\/p>\n<p>en ligne Australie, commandez de la marijuana en ligne aux \u00c9tats-Unis, commandez de la marijuana m\u00e9dicale en ligne | achetez de la marijuana en ligne avec<\/p>\n<p>Commandez de la marijuana en ligne, commandez de la marijuana en ligne, o\u00f9 acheter de la marijuana en ligne, achetez de la marijuana en ligne aux \u00c9tats-Unis, achetez de la marijuana en ligne au Royaume-Uni, achetez de la marijuana en ligne en Australie, achetez la vari\u00e9t\u00e9 de marijuana God's Gift en ligne. Acheter de la marijuana en ligne Europe<\/p>","protected":false},"excerpt":{"rendered":"<p>God's Gift est une vari\u00e9t\u00e9 qui est devenue populaire dans les dispensaires californiens en 2005 et qui pr\u00e9sente des ar\u00f4mes de raisin, d'agrumes et de hasch. Ses parents sont Granddaddy Purple et OG Kush. Quel que soit votre syst\u00e8me de croyance, cette vari\u00e9t\u00e9 est un \"cadeau\" avec ses effets r\u00eaveurs et merveilleux.<\/p>\n<p>&nbsp;<\/p>","protected":false},"featured_media":407,"comment_status":"open","ping_status":"closed","template":"","meta":{"om_disable_all_campaigns":false,"_monsterinsights_skip_tracking":false,"_monsterinsights_sitenote_active":false,"_monsterinsights_sitenote_note":"","_monsterinsights_sitenote_category":0},"product_brand":[],"product_cat":[126,195],"product_tag":[215,216,217,218],"class_list":{"0":"post-401","1":"product","2":"type-product","3":"status-publish","4":"has-post-thumbnail","6":"product_cat-blumen","7":"product_cat-indica-sorten","8":"product_tag-ak-47-weed-online-kaufen-in-australien","9":"product_tag-ball-family-farms-online-kaufen-in-uk","10":"product_tag-cbd-brownies-in-deutschland-kaufen","11":"product_tag-weisses-kirschgelato-in-den-usa-kaufen","13":"first","14":"instock","15":"shipping-taxable","16":"purchasable","17":"product-type-variable"},"_links":{"self":[{"href":"https:\/\/caliweedonlineshop.com\/fr\/wp-json\/wp\/v2\/product\/401","targetHints":{"allow":["GET"]}}],"collection":[{"href":"https:\/\/caliweedonlineshop.com\/fr\/wp-json\/wp\/v2\/product"}],"about":[{"href":"https:\/\/caliweedonlineshop.com\/fr\/wp-json\/wp\/v2\/types\/product"}],"replies":[{"embeddable":true,"href":"https:\/\/caliweedonlineshop.com\/fr\/wp-json\/wp\/v2\/comments?post=401"}],"wp:featuredmedia":[{"embeddable":true,"href":"https:\/\/caliweedonlineshop.com\/fr\/wp-json\/wp\/v2\/media\/407"}],"wp:attachment":[{"href":"https:\/\/caliweedonlineshop.com\/fr\/wp-json\/wp\/v2\/media?parent=401"}],"wp:term":[{"taxonomy":"product_brand","embeddable":true,"href":"https:\/\/caliweedonlineshop.com\/fr\/wp-json\/wp\/v2\/product_brand?post=401"},{"taxonomy":"product_cat","embeddable":true,"href":"https:\/\/caliweedonlineshop.com\/fr\/wp-json\/wp\/v2\/product_cat?post=401"},{"taxonomy":"product_tag","embeddable":true,"href":"https:\/\/caliweedonlineshop.com\/fr\/wp-json\/wp\/v2\/product_tag?post=401"}],"curies":[{"name":"wp","href":"https:\/\/api.w.org\/{rel}","templated":true}]}}