{"id":408,"date":"2023-01-13T06:09:49","date_gmt":"2023-01-13T06:09:49","guid":{"rendered":"https:\/\/caliweedonlineshop.com\/?post_type=product&#038;p=408"},"modified":"2023-01-13T06:09:49","modified_gmt":"2023-01-13T06:09:49","slug":"godfather-og","status":"publish","type":"product","link":"https:\/\/caliweedonlineshop.com\/fr\/product\/godfather-og\/","title":{"rendered":"Godfather Og"},"content":{"rendered":"<h1>Achat en ligne Parrain OG<\/h1>\n<p>Achetez Parrain OG en ligne. Commandez Parrain OG en ligne. \u00c9lev\u00e9e par Green Devil Genetics, Orange Kush est la prog\u00e9niture d'Orange Bud et d'OG Kush. Elle d\u00e9tend le corps et \u00e9l\u00e8ve l'humeur avec un ar\u00f4me d'agrumes doux et acidul\u00e9. Cette vari\u00e9t\u00e9 est r\u00e9sistante \u00e0 la plupart des parasites et des moisissures et poss\u00e8de de longs bourgeons denses avec beaucoup de poils orange et de cristaux de trichomes. acheter obama kush<\/p>\n<p>Godfather OG est une vari\u00e9t\u00e9 \u00e0 dominance indica crois\u00e9e entre OG Kush et Granddaddy Purple et est connue pour favoriser le sommeil. Cannabis Parrain OG. Ces fleurs sentent la terre, le pin et les agrumes avec des nuances subtiles de raisin. Cette souche est connue pour soulager la douleur et la tension tout en laissant l'utilisateur se sentir extr\u00eamement d\u00e9tendu et de bonne humeur.<br \/>\nGodfather OG est connue sous le nom de vari\u00e9t\u00e9s Don of Kush. acheter du punch violet<\/p>\n<p>Avec notre Gorilla Glue, Bruce Banner et Acapulco Gold, notre vari\u00e9t\u00e9 Godfather OG est l'une des vari\u00e9t\u00e9s les plus puissantes actuellement disponibles. Acheter une haleine de beurre de cacahu\u00e8te<\/p>\n<h2>Achat en ligne Parrain OG<\/h2>\n<p>Achetez Parrain OG en ligne. Commandez Parrain OG en ligne. L'origine de cette vari\u00e9t\u00e9 unique se trouve en Californie, o\u00f9 Godfather OG a \u00e9t\u00e9 d\u00e9velopp\u00e9 par l'\u00e9quipe de California Herbal Remedies, qui a crois\u00e9 deux l\u00e9gendes pour cr\u00e9er cette vari\u00e9t\u00e9 : l'OG Kush et l'Alpha OG. Le r\u00e9sultat? Parrain OG. Une b\u00eate d'hybride avec des niveaux de THC pouvant atteindre 34% dans les cas extr\u00eames.acheter Raspberry Cheesecake Brownie<\/p>\n<p>Voulez-vous cultiver vous-m\u00eame cette bombe de THC ? Achetez nos graines f\u00e9minis\u00e9es Godfather OG ou lisez la suite et apprenez-en plus sur cette merveilleuse dame.<\/p>\n<p>Surnomm\u00e9e \"Le Don de tous les OG\", cette vari\u00e9t\u00e9 a un nom \u00e0 la hauteur. Godfather OG est une vari\u00e9t\u00e9 m\u00e9dicinale populaire dans le sud de la Californie et, comme de nombreuses autres vari\u00e9t\u00e9s OG, elle est souvent recommand\u00e9e pour l'insomnie et la douleur en raison de ses propri\u00e9t\u00e9s indica s\u00e9datives. Le Don est le r\u00e9sultat du croisement de XXX OG et Alpha OG, et il y a un piquant Kushy dans son parfum coupl\u00e9 \u00e0 quelques notes subtiles de raisin. Parrain OG est fort; avec des niveaux de THC mesur\u00e9s jusqu'\u00e0 28 %, cette vari\u00e9t\u00e9 est une offre que vous ne pouvez pas refuser. Godfather OG a remport\u00e9 la 1\u00e8re place pour la meilleure Indica \u00e0 la High Times Cannabis Cup 2013 \u00e0 Los Angeles.acheter Zombie kush<\/p>\n<p>Achetez Godfather OG en ligne sur Terra Cannabis aujourd'hui et nous vous livrerons votre herbe rapidement et discr\u00e8tement. Peu importe o\u00f9 vous \u00eates au Canada, Terra Cannabis est votre source de produits de qualit\u00e9 pour les bourgeons et la marijuana. Si vous avez besoin d'aide pour trouver la bonne vari\u00e9t\u00e9 pour vous, veuillez nous contacter et nous serons heureux de vous aider. <a href=\"https:\/\/caliweedonlineshop.com\/fr\/\">weed online kaufen Europa<\/a><\/p>","protected":false},"excerpt":{"rendered":"<p>\u00c9lev\u00e9e par Green Devil Genetics, Orange Kush est la prog\u00e9niture d'Orange Bud et d'OG Kush. Elle d\u00e9tend le corps et \u00e9l\u00e8ve l'humeur avec un ar\u00f4me d'agrumes doux et acidul\u00e9.<\/p>","protected":false},"featured_media":409,"comment_status":"open","ping_status":"closed","template":"","meta":{"om_disable_all_campaigns":false,"_monsterinsights_skip_tracking":false,"_monsterinsights_sitenote_active":false,"_monsterinsights_sitenote_note":"","_monsterinsights_sitenote_category":0},"product_brand":[],"product_cat":[126,195],"product_tag":[199,220,219],"class_list":{"0":"post-408","1":"product","2":"type-product","3":"status-publish","4":"has-post-thumbnail","6":"product_cat-blumen","7":"product_cat-indica-sorten","8":"product_tag-alice-brownies-online-kaufen-in-uk","9":"product_tag-moonroock-in-den-usa-kaufen","10":"product_tag-zitronen-kirsch-gelato-in-deutschland-kaufen","12":"first","13":"instock","14":"shipping-taxable","15":"purchasable","16":"product-type-variable"},"_links":{"self":[{"href":"https:\/\/caliweedonlineshop.com\/fr\/wp-json\/wp\/v2\/product\/408","targetHints":{"allow":["GET"]}}],"collection":[{"href":"https:\/\/caliweedonlineshop.com\/fr\/wp-json\/wp\/v2\/product"}],"about":[{"href":"https:\/\/caliweedonlineshop.com\/fr\/wp-json\/wp\/v2\/types\/product"}],"replies":[{"embeddable":true,"href":"https:\/\/caliweedonlineshop.com\/fr\/wp-json\/wp\/v2\/comments?post=408"}],"wp:featuredmedia":[{"embeddable":true,"href":"https:\/\/caliweedonlineshop.com\/fr\/wp-json\/wp\/v2\/media\/409"}],"wp:attachment":[{"href":"https:\/\/caliweedonlineshop.com\/fr\/wp-json\/wp\/v2\/media?parent=408"}],"wp:term":[{"taxonomy":"product_brand","embeddable":true,"href":"https:\/\/caliweedonlineshop.com\/fr\/wp-json\/wp\/v2\/product_brand?post=408"},{"taxonomy":"product_cat","embeddable":true,"href":"https:\/\/caliweedonlineshop.com\/fr\/wp-json\/wp\/v2\/product_cat?post=408"},{"taxonomy":"product_tag","embeddable":true,"href":"https:\/\/caliweedonlineshop.com\/fr\/wp-json\/wp\/v2\/product_tag?post=408"}],"curies":[{"name":"wp","href":"https:\/\/api.w.org\/{rel}","templated":true}]}}