{"id":414,"date":"2023-01-13T06:14:43","date_gmt":"2023-01-13T06:14:43","guid":{"rendered":"https:\/\/caliweedonlineshop.com\/?post_type=product&#038;p=414"},"modified":"2023-01-13T06:14:43","modified_gmt":"2023-01-13T06:14:43","slug":"granddaddy-purple","status":"publish","type":"product","link":"https:\/\/caliweedonlineshop.com\/fr\/product\/granddaddy-purple\/","title":{"rendered":"Granddaddy Purple"},"content":{"rendered":"<h1>Acheter Granddaddy Purple en ligne<\/h1>\n<p>Achetez Granddaddy Purple en ligne. Commandez Granddaddy Purple en ligne. Introduit par Ken Estes en 2003, Granddaddy Purple (ou GDP) est c\u00e9l\u00e8bre <a href=\"https:\/\/caliweedonlineshop.com\/index.php\/product-category\/blumen\/indica-sorten\/\">Indica-Kreuzung<\/a> aus <a href=\"https:\/\/weedmaps.com\/strains\/purple-urkle\" target=\"_blank\" rel=\"noopener\">Purple Urkle<\/a> und<a href=\"https:\/\/www.leafly.com\/strains\/big-bud\" target=\"_blank\" rel=\"noopener\"> Big Bud<\/a>. Cet incontournable californien h\u00e9rite d'un ar\u00f4me complexe de raisin et de baies de son parent Purple Urkle, tandis que Big Bud transmet sa structure de t\u00eate surdimensionn\u00e9e et compacte. Les fleurs GDP s'\u00e9panouissent dans des tons violets profonds, un fond contrastant pour la couche de r\u00e9sine cristalline blanche comme neige.<\/p>\n<p>Ses effets puissants peuvent \u00eatre ressentis \u00e0 la fois dans l'esprit et dans le corps, offrant une fusion d'euphorie c\u00e9r\u00e9brale et de relaxation physique. Alors que votre esprit peut flotter dans un r\u00eave r\u00eaveur, votre corps est plus capable de rester au m\u00eame endroit pendant toute la dur\u00e9e des effets du PIB. http:\/\/White Rhino (Granddaddy Purple a g\u00e9n\u00e9ralement \u00e9t\u00e9 retir\u00e9 de l'\u00e9tag\u00e8re pour les consommateurs qui cherchent \u00e0 lutter contre la douleur, le stress, l'insomnie, le manque d'app\u00e9tit et les spasmes musculaires. GDP b\u00e9nit les producteurs avec des rendements massifs, pr\u00eats \u00e0 \u00eatre r\u00e9colt\u00e9s apr\u00e8s une p\u00e9riode de floraison de 60 jours \u00e0 l'int\u00e9rieur acheter zombie kush<\/p>\n<h2>Acheter Granddaddy Purple en ligne<\/h2>\n<p>Achetez Granddaddy Purple en ligne. Commandez grand-p\u00e8re violet en ligne. Grand Daddy Purple est une vari\u00e9t\u00e9 \u00e0 dominante indica et est un croisement entre Big Bud et Purple Urkle. Ce m\u00e9lange explique pourquoi elle a un ar\u00f4me complexe de baies et de raisin alors que ses t\u00eates sont surdimensionn\u00e9es avec une structure de t\u00eate compacte. Les bourgeons sont incroyablement denses et moelleux avec des teintes violettes profondes qui traversent les bourgeons. De plus, les bourgeons sont couverts de poils orange qui contrastent bien avec les bourgeons recouverts de r\u00e9sine. Ce qui distingue vraiment cette vari\u00e9t\u00e9 des autres, c'est qu'elle est facilement identifiable par sa seule saveur. Leur go\u00fbt persiste plus longtemps sur la langue, vous aidant \u00e0 vous sentir d\u00e9tendu. acheter BlackBerry kush La vari\u00e9t\u00e9 est tr\u00e8s puissante et ses effets psychoactifs peuvent \u00eatre ressentis \u00e0 la fois dans le corps et dans l'esprit. Elle parvient \u00e0 induire une sensation accablante de relaxation physique et d'euphorie c\u00e9r\u00e9brale. acheter Bubblegum Kush. Vous vous retrouverez fix\u00e9 au m\u00eame endroit alors que votre esprit d\u00e9rivera dans une fr\u00e9n\u00e9sie r\u00eaveuse pendant toute la dur\u00e9e des effets de Grand Daddy Purple. Comme toute autre vari\u00e9t\u00e9 \u00e0 dominante indica, elle est principalement utilis\u00e9e \u00e0 des fins m\u00e9dicinales. La souche est tr\u00e8s efficace pour les patients souffrant de perte d'app\u00e9tit, de douleur, d'insomnie, de spasmes musculaires et de stress. procurer une sensation \u00e9crasante de relaxation physique et d'euphorie c\u00e9r\u00e9brale. acheter Bubblegum Kush. Vous vous retrouverez fix\u00e9 au m\u00eame endroit alors que votre esprit d\u00e9rivera dans une fr\u00e9n\u00e9sie r\u00eaveuse pendant toute la dur\u00e9e des effets de Grand Daddy Purple. Comme toute autre vari\u00e9t\u00e9 \u00e0 dominante indica, elle est principalement utilis\u00e9e \u00e0 des fins m\u00e9dicinales. La souche est tr\u00e8s efficace pour les patients souffrant de perte d'app\u00e9tit, de douleur, d'insomnie, de spasmes musculaires et de stress. procurer une sensation \u00e9crasante de relaxation physique et d'euphorie c\u00e9r\u00e9brale. acheter Bubblegum Kush. Vous vous retrouverez fix\u00e9 au m\u00eame endroit alors que votre esprit d\u00e9rivera dans une fr\u00e9n\u00e9sie r\u00eaveuse pendant toute la dur\u00e9e des effets de Grand Daddy Purple. Comme toute autre vari\u00e9t\u00e9 \u00e0 dominante indica, elle est principalement utilis\u00e9e \u00e0 des fins m\u00e9dicinales. La souche est tr\u00e8s efficace pour les patients souffrant de perte d'app\u00e9tit, de douleur, d'insomnie, de spasmes musculaires et de stress.<a href=\"https:\/\/caliweedonlineshop.com\/fr\/\">buy weed online Europe<\/a><\/p>","protected":false},"excerpt":{"rendered":"<p>Grand Daddy Purple est une vari\u00e9t\u00e9 \u00e0 dominance indica et un croisement entre Big Bud et Purple Urkle. Ce m\u00e9lange explique pourquoi elle a un ar\u00f4me complexe de baies et de raisin alors que ses t\u00eates sont surdimensionn\u00e9es avec une structure de t\u00eate compacte.<\/p>\n<p>&nbsp;<\/p>","protected":false},"featured_media":415,"comment_status":"open","ping_status":"closed","template":"","meta":{"om_disable_all_campaigns":false,"_monsterinsights_skip_tracking":false,"_monsterinsights_sitenote_active":false,"_monsterinsights_sitenote_note":"","_monsterinsights_sitenote_category":0},"product_brand":[],"product_cat":[195,126],"product_tag":[],"class_list":{"0":"post-414","1":"product","2":"type-product","3":"status-publish","4":"has-post-thumbnail","6":"product_cat-indica-sorten","7":"product_cat-blumen","9":"first","10":"instock","11":"shipping-taxable","12":"purchasable","13":"product-type-variable"},"_links":{"self":[{"href":"https:\/\/caliweedonlineshop.com\/fr\/wp-json\/wp\/v2\/product\/414","targetHints":{"allow":["GET"]}}],"collection":[{"href":"https:\/\/caliweedonlineshop.com\/fr\/wp-json\/wp\/v2\/product"}],"about":[{"href":"https:\/\/caliweedonlineshop.com\/fr\/wp-json\/wp\/v2\/types\/product"}],"replies":[{"embeddable":true,"href":"https:\/\/caliweedonlineshop.com\/fr\/wp-json\/wp\/v2\/comments?post=414"}],"wp:featuredmedia":[{"embeddable":true,"href":"https:\/\/caliweedonlineshop.com\/fr\/wp-json\/wp\/v2\/media\/415"}],"wp:attachment":[{"href":"https:\/\/caliweedonlineshop.com\/fr\/wp-json\/wp\/v2\/media?parent=414"}],"wp:term":[{"taxonomy":"product_brand","embeddable":true,"href":"https:\/\/caliweedonlineshop.com\/fr\/wp-json\/wp\/v2\/product_brand?post=414"},{"taxonomy":"product_cat","embeddable":true,"href":"https:\/\/caliweedonlineshop.com\/fr\/wp-json\/wp\/v2\/product_cat?post=414"},{"taxonomy":"product_tag","embeddable":true,"href":"https:\/\/caliweedonlineshop.com\/fr\/wp-json\/wp\/v2\/product_tag?post=414"}],"curies":[{"name":"wp","href":"https:\/\/api.w.org\/{rel}","templated":true}]}}