{"id":426,"date":"2023-01-13T06:26:10","date_gmt":"2023-01-13T06:26:10","guid":{"rendered":"https:\/\/caliweedonlineshop.com\/?post_type=product&#038;p=426"},"modified":"2023-01-13T06:26:10","modified_gmt":"2023-01-13T06:26:10","slug":"hindu-kush","status":"publish","type":"product","link":"https:\/\/caliweedonlineshop.com\/fr\/product\/hindu-kush\/","title":{"rendered":"Hindu kush"},"content":{"rendered":"<h1>Acheter Hindu Kush \u00e0 San Jos\u00e9<\/h1>\n<p>Acheter Hindu Kush \u00e0 San Jose. Commandez Hindu Kush \u00e0 San Jose. Cette vari\u00e9t\u00e9 principalement indica est un m\u00e9lange de vari\u00e9t\u00e9s Afghani et Blackberry et a de beaux bourgeons violet fonc\u00e9 avec des poils orange. Les plantes fleurissent en 7-8 semaines et ne sont pas particuli\u00e8rement productives, mais les p\u00e9pites denses et dures ont des cristaux partout. Blackberry Kush a tendance \u00e0 avoir une odeur et un go\u00fbt de hasch \u00e9quilibr\u00e9s par des baies sucr\u00e9es. Blackberry Kush est souvent recommand\u00e9e pour traiter la douleur en raison de ses puissants effets physiques. Acheter une tarte aux cerises<\/p>\n<h2>Acheter Hindu Kush \u00e0 San Jos\u00e9<\/h2>\n<p>L'Hindu Kush est l'une des pr\u00e9f\u00e9r\u00e9es des consommateurs de marijuana du monde entier, si populaire que cette vari\u00e9t\u00e9 figure m\u00eame dans le jeu Hempire. L'Hindou Kush. Cette incroyable plante \u00e0 hasch est couverte de trichomes. L'Hindu Kush est une pure indica qui produit un effet corporel lourd classique, soulageant la douleur et la tension musculaire. Acheter M\u00e9lange \u00e0 G\u00e2teau\/Menthe<\/p>\n<p>R\u00e9sultats test\u00e9s en laboratoire :<br \/>\nTHC: 22%<\/p>\n<p>CBD: 0,1%<\/p>\n<p>L'Hindu Kush est une pure vari\u00e9t\u00e9 indica originaire de la cha\u00eene de montagnes de l'Hindu Kush, qui s'\u00e9tend sur 800 kilom\u00e8tres entre le Pakistan et l'Afghanistan. La teneur en THC de cette puissante indica oscille entre 14 % et 20 %. L'Hindu Kush a \u00e9volu\u00e9 en une plante r\u00e9sineuse robuste pour survivre dans les dures montagnes hindoues. Cela la rend facile \u00e0 cultiver et une excellente vari\u00e9t\u00e9 pour la production de hasch. L'Hindu Kush a un ar\u00f4me doux et terreux et est excellent pour soulager la douleur et l'insomnie. Hindu Kush \u00e0 vendre en ligne.acheter BROWNIE \u00c0 LA MENTHE POIVR\u00c9E INFUS\u00c9E AU CANNABIS<\/p>\n<p>Le climat rigoureux de son pays natal a incit\u00e9 cette vari\u00e9t\u00e9 \u00e0 d\u00e9velopper une \u00e9paisse couche protectrice de trichomes cristallins pris\u00e9s par les fabricants de hasch du monde entier. Avec un subtil ar\u00f4me de bois de santal doux et terreux, l'Hindu Kush induit un profond sentiment de calme qui aide \u00e0 soulager ceux qui souffrent de douleurs, de naus\u00e9es et de troubles li\u00e9s au stress.<\/p>\n<p>Achetez Hindu Kush Online, un v\u00e9ritable favori parmi les utilisateurs de marijuana du monde entier, si populaire que cette vari\u00e9t\u00e9 appara\u00eet m\u00eame dans le jeu Hempire. Acheter XXX OgCette incroyable plante \u00e0 hasch est couverte de trichomes. L'Hindu Kush est une pure indica qui offre un effet classique de corps lourd tout en \u00e9liminant la douleur et en soulageant la tension musculaire.<\/p>","protected":false},"excerpt":{"rendered":"<p>Cette vari\u00e9t\u00e9 \u00e0 pr\u00e9dominance indica est un m\u00e9lange de vari\u00e9t\u00e9s Afghani et Blackberry et a de beaux bourgeons violet fonc\u00e9 avec des poils orange. Les plantes fleurissent en 7-8 semaines et ne sont pas particuli\u00e8rement productives, mais les bourgeons denses et durs ont des cristaux partout.<\/p>","protected":false},"featured_media":428,"comment_status":"open","ping_status":"closed","template":"","meta":{"om_disable_all_campaigns":false,"_monsterinsights_skip_tracking":false,"_monsterinsights_sitenote_active":false,"_monsterinsights_sitenote_note":"","_monsterinsights_sitenote_category":0},"product_brand":[],"product_cat":[126,195],"product_tag":[225,226,224],"class_list":{"0":"post-426","1":"product","2":"type-product","3":"status-publish","4":"has-post-thumbnail","6":"product_cat-blumen","7":"product_cat-indica-sorten","8":"product_tag-kaufen-sie-kekse-vor-rollen-in-rhode-island","9":"product_tag-kaufen-sie-mitglied-berry-in-michigan","10":"product_tag-kekse-und-broetchen-in-north-dakota-kaufen","12":"first","13":"instock","14":"shipping-taxable","15":"purchasable","16":"product-type-variable"},"_links":{"self":[{"href":"https:\/\/caliweedonlineshop.com\/fr\/wp-json\/wp\/v2\/product\/426","targetHints":{"allow":["GET"]}}],"collection":[{"href":"https:\/\/caliweedonlineshop.com\/fr\/wp-json\/wp\/v2\/product"}],"about":[{"href":"https:\/\/caliweedonlineshop.com\/fr\/wp-json\/wp\/v2\/types\/product"}],"replies":[{"embeddable":true,"href":"https:\/\/caliweedonlineshop.com\/fr\/wp-json\/wp\/v2\/comments?post=426"}],"wp:featuredmedia":[{"embeddable":true,"href":"https:\/\/caliweedonlineshop.com\/fr\/wp-json\/wp\/v2\/media\/428"}],"wp:attachment":[{"href":"https:\/\/caliweedonlineshop.com\/fr\/wp-json\/wp\/v2\/media?parent=426"}],"wp:term":[{"taxonomy":"product_brand","embeddable":true,"href":"https:\/\/caliweedonlineshop.com\/fr\/wp-json\/wp\/v2\/product_brand?post=426"},{"taxonomy":"product_cat","embeddable":true,"href":"https:\/\/caliweedonlineshop.com\/fr\/wp-json\/wp\/v2\/product_cat?post=426"},{"taxonomy":"product_tag","embeddable":true,"href":"https:\/\/caliweedonlineshop.com\/fr\/wp-json\/wp\/v2\/product_tag?post=426"}],"curies":[{"name":"wp","href":"https:\/\/api.w.org\/{rel}","templated":true}]}}