{"id":433,"date":"2023-01-13T06:32:08","date_gmt":"2023-01-13T06:32:08","guid":{"rendered":"https:\/\/caliweedonlineshop.com\/?post_type=product&#038;p=433"},"modified":"2023-01-13T06:32:08","modified_gmt":"2023-01-13T06:32:08","slug":"kosher-kush","status":"publish","type":"product","link":"https:\/\/caliweedonlineshop.com\/fr\/product\/kosher-kush\/","title":{"rendered":"Kosher kush"},"content":{"rendered":"<h1>Acheter Kosher Kush en ligne<\/h1>\n<p>Achetez Kusher Kush en ligne. Commandez Kosher Kush en ligne. Introduit en 2003 par Ken Estes, Granddaddy Purple (ou GDP) est un c\u00e9l\u00e8bre hybride indica de Purple Urkle et Big Bud. Cet incontournable californien h\u00e9rite d'un ar\u00f4me complexe de raisin et de baies de son parent Purple Urkle, tandis que Big Bud transmet sa structure de t\u00eate surdimensionn\u00e9e et compacte. Les bourgeons de GDP fleurissent dans des tons violets profonds, un fond contrastant pour la couche de r\u00e9sine cristalline blanche comme neige. acheter de la glace \u00e0 la cerise blanche<\/p>\n<p>Ses effets puissants peuvent \u00eatre ressentis \u00e0 la fois dans l'esprit et dans le corps, offrant une fusion d'euphorie c\u00e9r\u00e9brale et de relaxation physique. Alors que votre esprit peut flotter dans une fr\u00e9n\u00e9sie r\u00eaveuse, votre corps est plus susceptible d'\u00eatre fix\u00e9 au m\u00eame endroit pendant toute la dur\u00e9e des effets du PIB. Granddaddy Purple est g\u00e9n\u00e9ralement retir\u00e9 de l'\u00e9tag\u00e8re pour les utilisateurs qui cherchent \u00e0 lutter contre la douleur, le stress, l'insomnie, le manque d'app\u00e9tit et les spasmes musculaires. GDP b\u00e9nit les cultivateurs avec des rendements massifs, pr\u00eats \u00e0 \u00eatre r\u00e9colt\u00e9s apr\u00e8s une p\u00e9riode de floraison en int\u00e9rieur de 60 jours, directement du ciel dans vos poumons.<\/p>\n<h2>Acheter Kosher Kush en ligne<\/h2>\n<p>Acheter Kosher Kush en ligne. commander casher kush en ligne La plupart des souches vont de la graine \u00e0 la plante puis aux magasins, mais combien sont b\u00e9nies par un rabbin ? Juste une, et c'est Kosher Kush, l'indica dynamique de vos r\u00eaves.<\/p>\n<p>Vainqueur des Hightime Cannabis Cups en 2010, 2011 et 2012, KK a gagn\u00e9 sa juste part de gloire.<\/p>\n<p>Bien qu'elle soit connue pour ses b\u00e9n\u00e9dictions, ce n'est pas tout ce pour quoi elle est connue. Kosher Kush, anciennement appel\u00e9e Jew Gold par de nombreux fumeurs de joints de la vieille \u00e9cole, est un camion d'une vari\u00e9t\u00e9 indica qui a \u00e9t\u00e9 cultiv\u00e9e pour la premi\u00e8re fois dans le sud de la Californie. Cr\u00e9\u00e9e par une \u00e9quipe hassidique l\u00e9gendaire de s\u00e9lectionneurs artisanaux, cette indica a acquis une notori\u00e9t\u00e9 pour sa filiation inconnue, ses effets puissants et son profil terp\u00e9nique savoureux. Kosher Kush a attir\u00e9 l'attention du monde entier et a gagn\u00e9 sa r\u00e9putation en remportant cons\u00e9cutivement la High Times Cannabis Cup pour la meilleure Indica en 2010 et 2011. acheter White Rhino Les niveaux de THC dans ces p\u00e9pites d'or auraient atteint jusqu'\u00e0 29%, les moyennes de Kosher Kush \u00e9tant plus proches de 19-23%, ce qui en fait une indica tr\u00e8s impressionnante et un excellent choix pour ceux qui recherchent un high de plus longue dur\u00e9e. Le profil terp\u00e9nique unique de Kosher Kush est entra\u00een\u00e9 par des concentrations de limon\u00e8ne, de b\u00eata-myrc\u00e8ne et de b\u00eata-caryophyll\u00e8ne, qui donnent \u00e0 Kosher Kush ses notes de fond bois\u00e9es, v\u00e9g\u00e9tales et poivr\u00e9es avec des nuances d'agrumes et de douceur. <a href=\"https:\/\/caliweedonlineshop.com\/fr\/\">weed online kaufen Europa<\/a><\/p>","protected":false},"excerpt":{"rendered":"<p>Introduit en 2003 par Ken Estes, Granddaddy Purple (ou GDP) est un c\u00e9l\u00e8bre hybride indica de Purple Urkle et Big Bud. Cet aliment de base californien h\u00e9rite d'un ar\u00f4me complexe de raisin et de baies de son parent Purple Urkle, tandis que Big Bud transmet sa structure de bourgeon surdimensionn\u00e9e et compacte.<\/p>","protected":false},"featured_media":434,"comment_status":"open","ping_status":"closed","template":"","meta":{"om_disable_all_campaigns":false,"_monsterinsights_skip_tracking":false,"_monsterinsights_sitenote_active":false,"_monsterinsights_sitenote_note":"","_monsterinsights_sitenote_category":0},"product_brand":[],"product_cat":[126,195],"product_tag":[227,228,229],"class_list":{"0":"post-433","1":"product","2":"type-product","3":"status-publish","4":"has-post-thumbnail","6":"product_cat-blumen","7":"product_cat-indica-sorten","8":"product_tag-biscotti-online-kaufen-in-deutschland","9":"product_tag-blaue-traeume-online-kaufen-usa","10":"product_tag-hawaiian-haze-online-kaufen-in-australien","12":"first","13":"instock","14":"shipping-taxable","15":"purchasable","16":"product-type-variable"},"_links":{"self":[{"href":"https:\/\/caliweedonlineshop.com\/fr\/wp-json\/wp\/v2\/product\/433","targetHints":{"allow":["GET"]}}],"collection":[{"href":"https:\/\/caliweedonlineshop.com\/fr\/wp-json\/wp\/v2\/product"}],"about":[{"href":"https:\/\/caliweedonlineshop.com\/fr\/wp-json\/wp\/v2\/types\/product"}],"replies":[{"embeddable":true,"href":"https:\/\/caliweedonlineshop.com\/fr\/wp-json\/wp\/v2\/comments?post=433"}],"wp:featuredmedia":[{"embeddable":true,"href":"https:\/\/caliweedonlineshop.com\/fr\/wp-json\/wp\/v2\/media\/434"}],"wp:attachment":[{"href":"https:\/\/caliweedonlineshop.com\/fr\/wp-json\/wp\/v2\/media?parent=433"}],"wp:term":[{"taxonomy":"product_brand","embeddable":true,"href":"https:\/\/caliweedonlineshop.com\/fr\/wp-json\/wp\/v2\/product_brand?post=433"},{"taxonomy":"product_cat","embeddable":true,"href":"https:\/\/caliweedonlineshop.com\/fr\/wp-json\/wp\/v2\/product_cat?post=433"},{"taxonomy":"product_tag","embeddable":true,"href":"https:\/\/caliweedonlineshop.com\/fr\/wp-json\/wp\/v2\/product_tag?post=433"}],"curies":[{"name":"wp","href":"https:\/\/api.w.org\/{rel}","templated":true}]}}