{"id":439,"date":"2023-01-13T06:35:56","date_gmt":"2023-01-13T06:35:56","guid":{"rendered":"https:\/\/caliweedonlineshop.com\/?post_type=product&#038;p=439"},"modified":"2023-01-16T06:49:48","modified_gmt":"2023-01-16T06:49:48","slug":"kush-sorbet","status":"publish","type":"product","link":"https:\/\/caliweedonlineshop.com\/fr\/product\/kush-sorbet\/","title":{"rendered":"Kush sorbet"},"content":{"rendered":"<h1>Acheter Kush Sherbet \u00e0 Los Angeles<\/h1>\n<p>Acheter Kush Sherbet \u00e0 Los Angeles. Commandez Kush Sherbet \u00e0 Los Angeles. Kush Sorbet est une vari\u00e9t\u00e9 principalement indica de Seed Junky et peut \u00eatre cultiv\u00e9e en l'int\u00e9rieur (o\u00f9 les plantes auront besoin d'une p\u00e9riode de floraison de \u00b160 jours) et l'ext\u00e9rieur . Graines de Kush Sorbet de Seed Junky est une vari\u00e9t\u00e9 \u00e0 dominante THC et ne sont pas disponibles en versions f\u00e9minis\u00e9es.<\/p>\n<p>Filiation : Sunset Sherb x Triangle Kush Bx3<\/p>\n<h2>Acheter Kush Sherbet \u00e0 Los Angeles<\/h2>","protected":false},"excerpt":{"rendered":"<p>Kush Sorbet est une vari\u00e9t\u00e9 \u00e0 pr\u00e9dominance indica qui nous est propos\u00e9e par Seed Junky Genetics. En tant que croisement entre Sunset Sherbert et Triangle Kush BX3, les cultivateurs doivent s'attendre \u00e0 un temps de croissance d'environ 60 jours.<\/p>\n<p>&nbsp;<\/p>","protected":false},"featured_media":440,"comment_status":"open","ping_status":"closed","template":"","meta":{"om_disable_all_campaigns":false,"_monsterinsights_skip_tracking":false,"_monsterinsights_sitenote_active":false,"_monsterinsights_sitenote_note":"","_monsterinsights_sitenote_category":0},"product_brand":[],"product_cat":[126,195,351],"product_tag":[203,231,230],"class_list":{"0":"post-439","1":"product","2":"type-product","3":"status-publish","4":"has-post-thumbnail","6":"product_cat-blumen","7":"product_cat-indica-sorten","8":"product_cat-marken-cannabis","9":"product_tag-cdb-brownies-online-kaufen-in-texas","10":"product_tag-frosties-kekse-online-kaufen-in-new-jersy","11":"product_tag-kekse-und-broetchen-in-rhode-island-kaufen","13":"first","14":"instock","15":"shipping-taxable","16":"purchasable","17":"product-type-variable"},"_links":{"self":[{"href":"https:\/\/caliweedonlineshop.com\/fr\/wp-json\/wp\/v2\/product\/439","targetHints":{"allow":["GET"]}}],"collection":[{"href":"https:\/\/caliweedonlineshop.com\/fr\/wp-json\/wp\/v2\/product"}],"about":[{"href":"https:\/\/caliweedonlineshop.com\/fr\/wp-json\/wp\/v2\/types\/product"}],"replies":[{"embeddable":true,"href":"https:\/\/caliweedonlineshop.com\/fr\/wp-json\/wp\/v2\/comments?post=439"}],"wp:featuredmedia":[{"embeddable":true,"href":"https:\/\/caliweedonlineshop.com\/fr\/wp-json\/wp\/v2\/media\/440"}],"wp:attachment":[{"href":"https:\/\/caliweedonlineshop.com\/fr\/wp-json\/wp\/v2\/media?parent=439"}],"wp:term":[{"taxonomy":"product_brand","embeddable":true,"href":"https:\/\/caliweedonlineshop.com\/fr\/wp-json\/wp\/v2\/product_brand?post=439"},{"taxonomy":"product_cat","embeddable":true,"href":"https:\/\/caliweedonlineshop.com\/fr\/wp-json\/wp\/v2\/product_cat?post=439"},{"taxonomy":"product_tag","embeddable":true,"href":"https:\/\/caliweedonlineshop.com\/fr\/wp-json\/wp\/v2\/product_tag?post=439"}],"curies":[{"name":"wp","href":"https:\/\/api.w.org\/{rel}","templated":true}]}}