{"id":445,"date":"2023-01-13T06:40:29","date_gmt":"2023-01-13T06:40:29","guid":{"rendered":"https:\/\/caliweedonlineshop.com\/?post_type=product&#038;p=445"},"modified":"2023-01-13T06:42:28","modified_gmt":"2023-01-13T06:42:28","slug":"northern-light","status":"publish","type":"product","link":"https:\/\/caliweedonlineshop.com\/fr\/product\/northern-light\/","title":{"rendered":"Northern light"},"content":{"rendered":"<h1>Aurore bor\u00e9ale \u00e0 Creston kaufen<\/h1>\n<p>Achetez des aurores bor\u00e9ales \u00e0 Creston. Commandez des aurores bor\u00e9ales \u00e0 Creston. Northern Lights est l'une des vari\u00e9t\u00e9s les plus c\u00e9l\u00e8bres de tous les temps, une<a href=\"https:\/\/caliweedonlineshop.com\/index.php\/product-category\/blumen\/indica-sorten\/\"> reine Indica<\/a>, appr\u00e9ci\u00e9e pour ses bourgeons r\u00e9sineux, sa floraison rapide et sa r\u00e9sistance pendant la croissance. Northern Lights est un descendant d'indig\u00e8nes <a href=\"https:\/\/caliweedonlineshop.com\/index.php\/product\/afghan-kush\/\">afghanischer<\/a> und <a href=\"https:\/\/www.leafly.com\/strains\/thai\" target=\"_blank\" rel=\"noopener\">thail\u00e4ndischer Landrassen<\/a> et a produit des hybrides c\u00e9l\u00e8bres tels que Shiva Skunk et Super Silver Haze. La rumeur veut que Northern Lights ait d'abord germ\u00e9 pr\u00e8s de Seattle, Washington, mais qu'elle ait \u00e9t\u00e9 propag\u00e9e depuis les Pays-Bas apr\u00e8s 1985 par ce qui est maintenant Sensi Seeds.<\/p>\n<p>Des ar\u00f4mes piquants, doux et \u00e9pic\u00e9s \u00e9manent des bourgeons enrob\u00e9s de cristal, qui r\u00e9v\u00e8lent parfois des teintes violettes. Les effets psychoactifs de Northern Lights s'installent dans tout le corps, d\u00e9tendant les muscles et calmant l'esprit dans une euphorie r\u00eaveuse. L'inertie agr\u00e9able permet aux patients de soulager la douleur et l'insomnie, tandis que son contentement doux bannit la d\u00e9pression et le stress. Acheter GRN CBD Vanilla Custard CBD Vape Cartridge Quelques ph\u00e9notypes Northern Lights diff\u00e9rents circulent sur le march\u00e9, mais Sensi Seeds recommande une p\u00e9riode de floraison globale en int\u00e9rieur de 45 \u00e0 50 jours. Acheter des Moonrocks en ligne Acheter des biscuits Frosties<\/p>\n<h2>Aurore bor\u00e9ale \u00e0 Creston kaufen<\/h2>\n<p>Achetez des aurores bor\u00e9ales \u00e0 Creston. Commandez des aurores bor\u00e9ales \u00e0 Creston. Northern Lights, anciennement connue sous le nom de CI #5 F1, est une vari\u00e9t\u00e9 prim\u00e9e \u00e0 dominance indica. Bien accueillie par les cultivateurs, les patients m\u00e9dicinaux et les utilisateurs r\u00e9cr\u00e9atifs, cette vari\u00e9t\u00e9 est peut-\u00eatre l'une des vari\u00e9t\u00e9s indica les plus populaires de tous les temps. La souche est disponible dans les pharmacies de la c\u00f4te ouest et du Colorado.buy Girl Scout Cookies<\/p>\n<p>Northern Lights est connue par beaucoup comme une souche d'abandon en deux randonn\u00e9es qui met le corps dans un mode paresseux merveilleusement engourdissant. L'envie de s'asseoir sur le canap\u00e9 et de r\u00e9pondre \u00e0 l'appel pour grignoter peut \u00eatre \u00e9crasante pour les utilisateurs inexp\u00e9riment\u00e9s, m\u00eame \u00e0 des doses plus faibles.<\/p>\n<p>Ce high physique s'accompagne d'une agr\u00e9able sensation de bien-\u00eatre et de bonheur. Certains utilisateurs exp\u00e9riment\u00e9s signalent \u00e9galement une cr\u00e9ativit\u00e9 et une concentration accrues.acheter Garrison-Lane<\/p>\n<p>Les effets n\u00e9gatifs moyens demeurent : s\u00e9cheresse de la bouche et des yeux, \u00e9tourdissements, parano\u00efa et anxi\u00e9t\u00e9 \u00e0 des doses plus \u00e9lev\u00e9es.<\/p>\n<p>Comme la plupart de ses anc\u00eatres et descendants \u00e0 base d'indica, Northern Lights est fortement recommand\u00e9 pour une utilisation en soir\u00e9e et l'insomnie. puissance du coffre. Il est \u00e9galement souvent choisi pour r\u00e9duire les effets du stress et de l'anxi\u00e9t\u00e9. Beaucoup le choisissent \u00e9galement pour son high physique puissant afin d'affaiblir leurs cha\u00eenes de douleur chronique. Et le fort effet stimulant de l'app\u00e9tit est utilis\u00e9 pour aider les personnes souffrant de troubles alimentaires tels que l'anorexie.<\/p>\n<p>La lign\u00e9e et l'histoire exactes de la Northern Light sont entour\u00e9es de myst\u00e8re, mais on pense g\u00e9n\u00e9ralement qu'il s'agit d'un hybride de deux souches de blocs de construction de races locales - Thai et Afghani. Nous savons que la vari\u00e9t\u00e9 a \u00e9t\u00e9 perfectionn\u00e9e en Hollande et n'a trouv\u00e9 son chemin vers l'Am\u00e9rique que ces derni\u00e8res ann\u00e9es.<\/p>","protected":false},"excerpt":{"rendered":"<p>Northern Lights est l'une des vari\u00e9t\u00e9s les plus c\u00e9l\u00e8bres de tous les temps, une pure indica appr\u00e9ci\u00e9e pour ses t\u00eates r\u00e9sineuses, sa floraison rapide et sa r\u00e9sistance pendant la croissance.<\/p>","protected":false},"featured_media":446,"comment_status":"open","ping_status":"closed","template":"","meta":{"om_disable_all_campaigns":false,"_monsterinsights_skip_tracking":false,"_monsterinsights_sitenote_active":false,"_monsterinsights_sitenote_note":"","_monsterinsights_sitenote_category":0},"product_brand":[],"product_cat":[16],"product_tag":[232,233,234],"class_list":{"0":"post-445","1":"product","2":"type-product","3":"status-publish","4":"has-post-thumbnail","6":"product_cat-uncategorized","7":"product_tag-ak-47-weed-online-kaufen-in-los-angeles","8":"product_tag-chapo-kekse-in-alaska-kaufen","9":"product_tag-og-kekse-in-portland-kaufen","11":"first","12":"instock","13":"shipping-taxable","14":"purchasable","15":"product-type-variable"},"_links":{"self":[{"href":"https:\/\/caliweedonlineshop.com\/fr\/wp-json\/wp\/v2\/product\/445","targetHints":{"allow":["GET"]}}],"collection":[{"href":"https:\/\/caliweedonlineshop.com\/fr\/wp-json\/wp\/v2\/product"}],"about":[{"href":"https:\/\/caliweedonlineshop.com\/fr\/wp-json\/wp\/v2\/types\/product"}],"replies":[{"embeddable":true,"href":"https:\/\/caliweedonlineshop.com\/fr\/wp-json\/wp\/v2\/comments?post=445"}],"wp:featuredmedia":[{"embeddable":true,"href":"https:\/\/caliweedonlineshop.com\/fr\/wp-json\/wp\/v2\/media\/446"}],"wp:attachment":[{"href":"https:\/\/caliweedonlineshop.com\/fr\/wp-json\/wp\/v2\/media?parent=445"}],"wp:term":[{"taxonomy":"product_brand","embeddable":true,"href":"https:\/\/caliweedonlineshop.com\/fr\/wp-json\/wp\/v2\/product_brand?post=445"},{"taxonomy":"product_cat","embeddable":true,"href":"https:\/\/caliweedonlineshop.com\/fr\/wp-json\/wp\/v2\/product_cat?post=445"},{"taxonomy":"product_tag","embeddable":true,"href":"https:\/\/caliweedonlineshop.com\/fr\/wp-json\/wp\/v2\/product_tag?post=445"}],"curies":[{"name":"wp","href":"https:\/\/api.w.org\/{rel}","templated":true}]}}