{"id":452,"date":"2023-01-13T06:48:15","date_gmt":"2023-01-13T06:48:15","guid":{"rendered":"https:\/\/caliweedonlineshop.com\/?post_type=product&#038;p=452"},"modified":"2023-04-13T06:49:26","modified_gmt":"2023-04-13T06:49:26","slug":"obama-kush","status":"publish","type":"product","link":"https:\/\/caliweedonlineshop.com\/fr\/product\/obama-kush\/","title":{"rendered":"Obama kush"},"content":{"rendered":"<h1>Acheter Obama Kush en ligne<\/h1>\n<p>Achetez Obama Kush en ligne. Commandez Obama Kush en ligne. Cette unique <a href=\"https:\/\/caliweedonlineshop.com\/index.php\/product-category\/blumen\/indica-sorten\/\">indicadominierte Sorte<\/a> r\u00e9sume le c\u00e9l\u00e8bre message du pr\u00e9sident de \"changement\" en animant et en inspirant. <a href=\"https:\/\/thrivenevada.com\/blog\/mimosa-strain-guide\/\" target=\"_blank\" rel=\"noopener\">Mimosa<\/a> kaufen Eine Kreuzung aus <a href=\"https:\/\/caliweedonlineshop.com\/index.php\/product\/afghan-kush\/\">Afghani<\/a> und<a href=\"https:\/\/www.leafly.com\/strains\/og-kush\/reviews\" target=\"_blank\" rel=\"noopener\"> OG Kush<\/a>, Obama Kush offre une stimulation c\u00e9r\u00e9brale et un high euphorique. Cette vari\u00e9t\u00e9 est recommand\u00e9e pour les consommateurs qui recherchent \u00e0 la fois un fort effet physique et une \u00e9l\u00e9vation c\u00e9r\u00e9brale intense. Les fleurs sont givr\u00e9es avec une teinte violette et des poils rouge\u00e2tres et d\u00e9gagent un l\u00e9ger ar\u00f4me. Acheter de la limonade\/g\u00e2teau br\u00fbl\u00e9<\/p>\n<h2>Acheter Obama Kush en ligne<\/h2>","protected":false},"excerpt":{"rendered":"<p>Obama Kush est une vari\u00e9t\u00e9 nomm\u00e9e d'apr\u00e8s le commandant supr\u00eame des \u00c9tats-Unis. Cet hybride \u00e0 dominance indica est un croisement entre OG Kush et Afghani<\/p>\n<p>&nbsp;<\/p>","protected":false},"featured_media":453,"comment_status":"open","ping_status":"closed","template":"","meta":{"om_disable_all_campaigns":false,"_monsterinsights_skip_tracking":false,"_monsterinsights_sitenote_active":false,"_monsterinsights_sitenote_note":"","_monsterinsights_sitenote_category":0},"product_brand":[],"product_cat":[126,195],"product_tag":[236,235,237,238],"class_list":{"0":"post-452","1":"product","2":"type-product","3":"status-publish","4":"has-post-thumbnail","6":"product_cat-blumen","7":"product_cat-indica-sorten","8":"product_tag-haschisch-online-kaufen-uk","9":"product_tag-kirschtorte-online-kaufen-in-arklohaham","10":"product_tag-moonrock-in-australien-kaufen","11":"product_tag-obama-kush-online-kaufen","13":"first","14":"instock","15":"shipping-taxable","16":"purchasable","17":"product-type-variable"},"_links":{"self":[{"href":"https:\/\/caliweedonlineshop.com\/fr\/wp-json\/wp\/v2\/product\/452","targetHints":{"allow":["GET"]}}],"collection":[{"href":"https:\/\/caliweedonlineshop.com\/fr\/wp-json\/wp\/v2\/product"}],"about":[{"href":"https:\/\/caliweedonlineshop.com\/fr\/wp-json\/wp\/v2\/types\/product"}],"replies":[{"embeddable":true,"href":"https:\/\/caliweedonlineshop.com\/fr\/wp-json\/wp\/v2\/comments?post=452"}],"wp:featuredmedia":[{"embeddable":true,"href":"https:\/\/caliweedonlineshop.com\/fr\/wp-json\/wp\/v2\/media\/453"}],"wp:attachment":[{"href":"https:\/\/caliweedonlineshop.com\/fr\/wp-json\/wp\/v2\/media?parent=452"}],"wp:term":[{"taxonomy":"product_brand","embeddable":true,"href":"https:\/\/caliweedonlineshop.com\/fr\/wp-json\/wp\/v2\/product_brand?post=452"},{"taxonomy":"product_cat","embeddable":true,"href":"https:\/\/caliweedonlineshop.com\/fr\/wp-json\/wp\/v2\/product_cat?post=452"},{"taxonomy":"product_tag","embeddable":true,"href":"https:\/\/caliweedonlineshop.com\/fr\/wp-json\/wp\/v2\/product_tag?post=452"}],"curies":[{"name":"wp","href":"https:\/\/api.w.org\/{rel}","templated":true}]}}