{"id":458,"date":"2023-01-13T06:53:40","date_gmt":"2023-01-13T06:53:40","guid":{"rendered":"https:\/\/caliweedonlineshop.com\/?post_type=product&#038;p=458"},"modified":"2023-01-13T06:53:40","modified_gmt":"2023-01-13T06:53:40","slug":"og-kush","status":"publish","type":"product","link":"https:\/\/caliweedonlineshop.com\/fr\/product\/og-kush\/","title":{"rendered":"OG kush"},"content":{"rendered":"<h1>Acheter OG Kush \u00e0 Coulee Dam<\/h1>\n<p>Achetez OG Kush \u00e0 Coulee Dam. Commandez OG Kush \u00e0 Coulee Dam. OG Kush a \u00e9t\u00e9 \u00e9lev\u00e9e pour la premi\u00e8re fois en Floride au d\u00e9but des ann\u00e9es 90 en tant que vari\u00e9t\u00e9 du nord de la Californie avec une <a href=\"https:\/\/caliweedonlineshop.com\/index.php\/product\/hindu-kush\/\">Hindu Kush<\/a> La plante d'Amsterdam a \u00e9t\u00e9 crois\u00e9e. Le r\u00e9sultat \u00e9tait un hybride avec un profil terp\u00e9nique unique qui pr\u00e9sente un ar\u00f4me complexe avec des notes de carburant, de skunk et d'\u00e9pices.acheter Banana Runtz<\/p>\n<p>OG Kush, l'\u00e9pine dorsale g\u00e9n\u00e9tique des vari\u00e9t\u00e9s de cannabis de la c\u00f4te ouest, est arriv\u00e9e \u00e0 Los Angeles en 1996<\/p>\n<p>lorsque Matt \"Bubba\" Berger l'a amen\u00e9e (avec \"The Bubba\", qui est devenue plus tard la c\u00e9l\u00e8bre Bubba Kush) de Floride au l\u00e9gendaire \u00e9leveur Josh D. Depuis lors, OG Kush est devenu un incontournable dans le monde entier, donnant naissance \u00e0 de nombreuses vari\u00e9t\u00e9s c\u00e9l\u00e8bres telles que GSC et Headband. Il existe de nombreux ph\u00e9notypes OG Kush diff\u00e9rents, notamment Tahoe OG, SFV OG et Ghost OG.acheter Blissfully Baked Brownie<\/p>\n<p>OG Kush est une vari\u00e9t\u00e9 l\u00e9gendaire profond\u00e9ment enracin\u00e9e dans la culture du cannabis. Elle a \u00e9t\u00e9 \u00e9lev\u00e9e en Floride au d\u00e9but des ann\u00e9es 90 en tant que croisement entre une vari\u00e9t\u00e9 inconnue du nord de la Californie et l'Hindu Kush. L'OG Kush que nous connaissons aujourd'hui a \u00e9t\u00e9 cr\u00e9\u00e9e par le s\u00e9lectionneur estim\u00e9 Matt \"Bubba\" Berger lorsqu'il a crois\u00e9 le Forum Cut d'OG Kush avec sa The Bubba. La concentration en THC d'OG Kush varie entre 20 % et 25 %, ce qui la rend assez puissante pour une vari\u00e9t\u00e9 hybride. Le profil terp\u00e9nique distinct d'OG Kush se caract\u00e9rise par ses tons terreux de gaz ou de carburant, de mouffette et d'\u00e9pices.acheter Berry Pie<\/p>\n<h2>Acheter OG Kush \u00e0 Coulee Dam<\/h2>\n<p>Achetez OG Kush \u00e0 Coulee Dam. commandez OG Kush \u00e0 Coulee Dam. OG Kush est l'une des vari\u00e9t\u00e9s de cannabis les plus populaires. OG Kush. Cette sensation des ann\u00e9es 1990 est \u00e9galement \u00e0 la base de nombreux hybrides modernes. Avec une teneur en THC allant jusqu'\u00e0 24 %, il n'est pas \u00e9tonnant que cette vari\u00e9t\u00e9 soit devenue si c\u00e9l\u00e8bre.acheter Banana Pound Cake<br \/>\nDiese Sorte wird Sie euphorisch und energiegeladen machen. Sie eignet sich hervorragend zur Behandlung von Depressionen, Stress und chronischen Schmerzzust\u00e4nden.kaufen Ball Family Farms<\/p>\n<h4>R\u00e9sultats test\u00e9s en laboratoire :<\/h4>\n<p>THC: 24%<\/p>\n<p>CBD: 0,1%<\/p>\n<h3>Exp\u00e9rience OG Kush<\/h3>\n<p>OG Kush est l'une des vari\u00e9t\u00e9s les plus populaires. Cependant, leur g\u00e9n\u00e9tique est assez myst\u00e9rieuse. On pense qu'elle provient d'un sac de graines en Floride et qu'elle a ensuite \u00e9t\u00e9 cultiv\u00e9e en Californie par les gens derri\u00e8re Imperial Genetics. On pense qu'il s'agit d'un m\u00e9lange de Chemdawg et d'Hindu Kush. Acheter Banana Lato<\/p>\n<p>Cette vari\u00e9t\u00e9 est un hybride \u00e0 dominance indica avec un ar\u00f4me et une structure de bourgeons de type Kush. Bien qu'il y ait un d\u00e9bat, on pense que \"OG\" signifie Ocean Grown, un hommage \u00e0 l'h\u00e9ritage californien de cette vari\u00e9t\u00e9. Malgr\u00e9 ses origines myst\u00e9rieuses et le voile de la tradition du cannabis, OG Kush n'a fait que gagner en popularit\u00e9. Les producteurs et les consommateurs ne peuvent pas s'emp\u00eacher de toucher \u00e0 cette vari\u00e9t\u00e9.acheter Blueberry<\/p>\n<p>OG Kush est connue pour ses effets agr\u00e9ables et euphoriques. De nombreuses personnes souffrant de sautes d'humeur ou de stress chronique adorent cette vari\u00e9t\u00e9 pour le bonheur qu'elle procure. Cet effet exaltant et assomm\u00e9 s'accompagne d'un high indica distinct. Bien que votre humeur puisse \u00eatre l\u00e9g\u00e8re et a\u00e9r\u00e9e, votre corps sera probablement coll\u00e9 au canap\u00e9.acheter Blue skittlez<\/p>\n<p>Les fumeurs r\u00e9cr\u00e9atifs ont aussi des raisons d'aimer OG Kush. Ses effets apaisants sont exactement ce dont vous avez besoin lorsque vous rentrez chez vous et que vous souhaitez dominer votre jeu vid\u00e9o pr\u00e9f\u00e9r\u00e9 ou profiter d'un d\u00eener relaxant avec vos amis et votre famille. Cependant, les nouveaux utilisateurs peuvent trouver ces hybrides un peu trop s\u00e9datifs. Ses niveaux de THC peuvent atteindre jusqu'\u00e0 24 %, ce qui rend cette fleur assez puissante.<\/p>\n<p>Lorsqu'elle est correctement affin\u00e9e, cette vari\u00e9t\u00e9 a une odeur de moisi qui sera famili\u00e8re aux fans d'autres vari\u00e9t\u00e9s Kush. Cette odeur devient encore plus intense au fur et \u00e0 mesure que les bourgeons s'ouvrent, avec des notes d'agrumes et de pin. La fum\u00e9e \u00e9pic\u00e9e a tendance \u00e0 faire tousser les consommateurs de marijuana, tandis que l'ar\u00f4me est susceptible de persister dans l'air longtemps apr\u00e8s la disparition de l'herbe.<\/p>\n<p>Les trichomes sur les bourgeons sont si \u00e9pais que cette vari\u00e9t\u00e9 peut presque ressembler \u00e0 de la neige. Gardez un broyeur \u00e0 proximit\u00e9 si vous voulez broyer cette vari\u00e9t\u00e9 - c'est une herbe collante. Acheter Bubblegum Kush<\/p>\n<h3>Avantages m\u00e9dicinaux de OG Kush<\/h3>\n<p>Cette vari\u00e9t\u00e9 offre les effets relaxants d'une indica avec des niveaux \u00e9lev\u00e9s de THC. Cette combinaison gagnante fait d'OG Kush une vari\u00e9t\u00e9 m\u00e9dicinale populaire.<\/p>\n<p>Les personnes souffrant de marijuana m\u00e9dicale souffrant de douleurs, de naus\u00e9es et de migraines trouveront un soulagement avec cette vari\u00e9t\u00e9.<\/p>\n<p>De plus, les personnes atteintes de TDA\/TDAH ont tendance \u00e0 aimer cette vari\u00e9t\u00e9.<\/p>\n<p>Certains pr\u00e9tendent m\u00eame que cette souche peut aider \u00e0 lutter contre la maladie d'Alzheimer. <a href=\"https:\/\/caliweedonlineshop.com\/fr\/\">weed online kaufen Europa<\/a><\/p>","protected":false},"excerpt":{"rendered":"<p>Kaufen Sie OG Kush in Coulee Dam Kaufen Sie OG Kush in Coulee Dam. Bestellen Sie OG Kush in Coulee Dam. OG Kush wurde erstmals in den fr\u00fchen 90er Jahren in Florida gez\u00fcchtet, als eine Sorte aus Nordkalifornien mit einer Hindu Kush Pflanze aus Amsterdam gekreuzt wurde. Das Ergebnis war eine Hybride mit einem einzigartigen [&hellip;]<\/p>","protected":false},"featured_media":459,"comment_status":"open","ping_status":"closed","template":"","meta":{"om_disable_all_campaigns":false,"_monsterinsights_skip_tracking":false,"_monsterinsights_sitenote_active":false,"_monsterinsights_sitenote_note":"","_monsterinsights_sitenote_category":0},"product_brand":[],"product_cat":[195,126],"product_tag":[],"class_list":{"0":"post-458","1":"product","2":"type-product","3":"status-publish","4":"has-post-thumbnail","6":"product_cat-indica-sorten","7":"product_cat-blumen","9":"first","10":"instock","11":"shipping-taxable","12":"purchasable","13":"product-type-variable"},"_links":{"self":[{"href":"https:\/\/caliweedonlineshop.com\/fr\/wp-json\/wp\/v2\/product\/458","targetHints":{"allow":["GET"]}}],"collection":[{"href":"https:\/\/caliweedonlineshop.com\/fr\/wp-json\/wp\/v2\/product"}],"about":[{"href":"https:\/\/caliweedonlineshop.com\/fr\/wp-json\/wp\/v2\/types\/product"}],"replies":[{"embeddable":true,"href":"https:\/\/caliweedonlineshop.com\/fr\/wp-json\/wp\/v2\/comments?post=458"}],"wp:featuredmedia":[{"embeddable":true,"href":"https:\/\/caliweedonlineshop.com\/fr\/wp-json\/wp\/v2\/media\/459"}],"wp:attachment":[{"href":"https:\/\/caliweedonlineshop.com\/fr\/wp-json\/wp\/v2\/media?parent=458"}],"wp:term":[{"taxonomy":"product_brand","embeddable":true,"href":"https:\/\/caliweedonlineshop.com\/fr\/wp-json\/wp\/v2\/product_brand?post=458"},{"taxonomy":"product_cat","embeddable":true,"href":"https:\/\/caliweedonlineshop.com\/fr\/wp-json\/wp\/v2\/product_cat?post=458"},{"taxonomy":"product_tag","embeddable":true,"href":"https:\/\/caliweedonlineshop.com\/fr\/wp-json\/wp\/v2\/product_tag?post=458"}],"curies":[{"name":"wp","href":"https:\/\/api.w.org\/{rel}","templated":true}]}}