{"id":464,"date":"2023-01-13T06:56:46","date_gmt":"2023-01-13T06:56:46","guid":{"rendered":"https:\/\/caliweedonlineshop.com\/?post_type=product&#038;p=464"},"modified":"2023-01-13T06:56:46","modified_gmt":"2023-01-13T06:56:46","slug":"orange-kush","status":"publish","type":"product","link":"https:\/\/caliweedonlineshop.com\/fr\/product\/orange-kush\/","title":{"rendered":"orange kush"},"content":{"rendered":"<h1>Acheter Orange Kush<\/h1>\n<p>Acheter Orange Kush en ligne. Commandez Orange Kush en ligne. \u00c9lev\u00e9e par Green Devil Genetics, Orange Kush est la prog\u00e9niture d'Orange Bud et d'OG Kush. Elle d\u00e9tend le corps et \u00e9l\u00e8ve l'humeur avec un go\u00fbt d'agrumes doux et acidul\u00e9. Cette vari\u00e9t\u00e9 est r\u00e9sistante \u00e0 la plupart des parasites et des moisissures et poss\u00e8de de longs bourgeons denses avec beaucoup de poils orange et de cristaux de trichomes. acheter du punch violet<\/p>\n<p>Les g\u00e8nes sativa d'OG Kush et les g\u00e8nes indica d'Orange Bud ont \u00e9t\u00e9 m\u00e9lang\u00e9s pour cr\u00e9er Orange Kush. Le go\u00fbt est acidul\u00e9 et citronn\u00e9, tandis que l'odeur pr\u00e9sente des notes fortes et douces d'orange. acheter Souffle de beurre de cacahu\u00e8teLes bourgeons ont des feuilles vert citron et des poils orange vif, dignes de leur nom. Les niveaux de THC sont connus pour d\u00e9passer 22 %, ce qui fait de cette vari\u00e9t\u00e9 l'une des plus fortes du march\u00e9, l\u00e9gale ou non. La teneur en CBD, en revanche, est tr\u00e8s faible, moins d'un demi pour cent, bien trop faible pour recommander Orange Kush comme un bon traitement pour les troubles \u00e9pileptiques et d'autres probl\u00e8mes qui peuvent \u00eatre att\u00e9nu\u00e9s avec le CBD. L'effet de cette vari\u00e9t\u00e9 indique certainement sa tendance indica : forte euphorie, relaxation physique profonde, sensation de bonheur, Somnolence et un fort cas de fringales. Cela seul en fait un excellent outil pour traiter tout trouble de l'alimentation ou des envies, mais Orange Kush est \u00e9galement un excellent choix pour les patients souffrant d'anxi\u00e9t\u00e9, de d\u00e9pression, de TDAH, d'inflammation, de migraines, de spasmes musculaires et de douleur. Les qualit\u00e9s n\u00e9gatives incluent les yeux secs et la bouche s\u00e8che. Cette souche est la plus populaire en Arizona et dans le nord-ouest du Pacifique. Acheter Ananas Express Cette souche est la plus populaire en Arizona et dans le nord-ouest du Pacifique. Acheter Ananas Express Cette souche est la plus populaire en Arizona et dans le nord-ouest du Pacifique. Acheter Ananas Express<\/p>\n<h2>Acheter Orange Kush en ligne<\/h2>\n<p>Acheter Orange Kush en ligne. Commandez Orange Kush en ligne. Les effets de cette vari\u00e9t\u00e9 sont r\u00e9v\u00e9lateurs de son affiliation indica : forte euphorie, relaxation physique profonde, sensations de bonheur, somnolence et un fort besoin de manger. Cela seul fait de cette vari\u00e9t\u00e9 un excellent outil pour traiter tout trouble de l'alimentation ou de l'envie, mais Orange Kush est \u00e9galement un excellent choix pour les patients souffrant d'anxi\u00e9t\u00e9, de d\u00e9pression, de TDAH, d'inflammation, de migraines, de spasmes musculaires et de douleur. Les qualit\u00e9s n\u00e9gatives incluent les yeux secs et la bouche s\u00e8che. Acheter Banana Lato<br \/>\n\u00c9lev\u00e9e par Green Devil Genetics, Orange Kush est la prog\u00e9niture d'Orange Bud et d'OG Kush. Elle d\u00e9tend le corps et \u00e9l\u00e8ve l'humeur avec un ar\u00f4me d'agrumes doux et acidul\u00e9. Cette vari\u00e9t\u00e9 est r\u00e9sistante \u00e0 la plupart des parasites et des moisissures et poss\u00e8de de longs bourgeons denses avec beaucoup de poils orange et de cristaux de trichomes. Cette vari\u00e9t\u00e9 hybride de marijuana \u00e0 dominante sativa a \u00e9t\u00e9 con\u00e7ue pour \u00eatre un cultivateur r\u00e9sistant et robuste. Les plantes Kush biologiques d\u00e9rivent des parents OG Kush et SAGE et, comme de nombreuses sativas, elles ont une p\u00e9riode de floraison l\u00e9g\u00e8rement plus longue de 10 \u00e0 11 semaines. pin fra\u00eechement coup\u00e9.<\/p>","protected":false},"excerpt":{"rendered":"<p>\u00c9lev\u00e9e par Green Devil Genetics, Orange Kush est la prog\u00e9niture d'Orange Bud et d'OG Kush. Elle d\u00e9tend le corps et \u00e9l\u00e8ve l'humeur avec un ar\u00f4me d'agrumes doux et acidul\u00e9.<\/p>\n<p>&nbsp;<\/p>","protected":false},"featured_media":465,"comment_status":"open","ping_status":"closed","template":"","meta":{"om_disable_all_campaigns":false,"_monsterinsights_skip_tracking":false,"_monsterinsights_sitenote_active":false,"_monsterinsights_sitenote_note":"","_monsterinsights_sitenote_category":0},"product_brand":[],"product_cat":[126,195],"product_tag":[199,214,239],"class_list":{"0":"post-464","1":"product","2":"type-product","3":"status-publish","4":"has-post-thumbnail","6":"product_cat-blumen","7":"product_cat-indica-sorten","8":"product_tag-alice-brownies-online-kaufen-in-uk","9":"product_tag-banana-runtz-online-in-australien-kaufen","10":"product_tag-zitronen-kirsch-gelato-in-grossbritannien-kaufen","12":"first","13":"instock","14":"shipping-taxable","15":"purchasable","16":"product-type-variable"},"_links":{"self":[{"href":"https:\/\/caliweedonlineshop.com\/fr\/wp-json\/wp\/v2\/product\/464","targetHints":{"allow":["GET"]}}],"collection":[{"href":"https:\/\/caliweedonlineshop.com\/fr\/wp-json\/wp\/v2\/product"}],"about":[{"href":"https:\/\/caliweedonlineshop.com\/fr\/wp-json\/wp\/v2\/types\/product"}],"replies":[{"embeddable":true,"href":"https:\/\/caliweedonlineshop.com\/fr\/wp-json\/wp\/v2\/comments?post=464"}],"wp:featuredmedia":[{"embeddable":true,"href":"https:\/\/caliweedonlineshop.com\/fr\/wp-json\/wp\/v2\/media\/465"}],"wp:attachment":[{"href":"https:\/\/caliweedonlineshop.com\/fr\/wp-json\/wp\/v2\/media?parent=464"}],"wp:term":[{"taxonomy":"product_brand","embeddable":true,"href":"https:\/\/caliweedonlineshop.com\/fr\/wp-json\/wp\/v2\/product_brand?post=464"},{"taxonomy":"product_cat","embeddable":true,"href":"https:\/\/caliweedonlineshop.com\/fr\/wp-json\/wp\/v2\/product_cat?post=464"},{"taxonomy":"product_tag","embeddable":true,"href":"https:\/\/caliweedonlineshop.com\/fr\/wp-json\/wp\/v2\/product_tag?post=464"}],"curies":[{"name":"wp","href":"https:\/\/api.w.org\/{rel}","templated":true}]}}