{"id":470,"date":"2023-01-13T07:00:39","date_gmt":"2023-01-13T07:00:39","guid":{"rendered":"https:\/\/caliweedonlineshop.com\/?post_type=product&#038;p=470"},"modified":"2023-01-13T07:00:39","modified_gmt":"2023-01-13T07:00:39","slug":"paris-og","status":"publish","type":"product","link":"https:\/\/caliweedonlineshop.com\/fr\/product\/paris-og\/","title":{"rendered":"Paris og"},"content":{"rendered":"<h1>Acheter Paris OG kush en ligne<\/h1>\n<p>Acheter Paris OG kush en ligne. Commandez Paris OG kush en ligne. Paris OG en est un <a href=\"https:\/\/caliweedonlineshop.com\/index.php\/product-category\/blumen\/indica-sorten\/\">indicadominierte Sorte<\/a> avec un effet calmant qui favorise le repos et la relaxation. Selon les rumeurs, Paris OG serait de Headband et <a href=\"https:\/\/www.leafly.com\/strains\/lemon-og\" target=\"_blank\" rel=\"noopener\">Lemon OG<\/a> qui, ensemble, transmettent un doux m\u00e9lange d'ar\u00f4mes fruit\u00e9s et d'agrumes. Avec des victoires dans plusieurs comp\u00e9titions, dont la 1\u00e8re place \u00e0 la Cannabis Cup du Michigan High Times 2014, Paris OG s'est sans aucun doute assur\u00e9 une r\u00e9putation durable dans le monde du cannabis.acheter Alice Brownie<\/p>","protected":false},"excerpt":{"rendered":"<p>Paris OG est une vari\u00e9t\u00e9 \u00e0 dominance indica avec un effet calmant qui favorise le repos et la relaxation. Selon les rumeurs, Paris OG descendrait de Headband et Lemon OG, qui transmettent ensemble un doux m\u00e9lange de saveurs fruit\u00e9es d'agrumes<\/p>\n<p>&nbsp;<\/p>","protected":false},"featured_media":471,"comment_status":"open","ping_status":"closed","template":"","meta":{"om_disable_all_campaigns":false,"_monsterinsights_skip_tracking":false,"_monsterinsights_sitenote_active":false,"_monsterinsights_sitenote_note":"","_monsterinsights_sitenote_category":0},"product_brand":[],"product_cat":[126,195],"product_tag":[216,240,219],"class_list":{"0":"post-470","1":"product","2":"type-product","3":"status-publish","4":"has-post-thumbnail","6":"product_cat-blumen","7":"product_cat-indica-sorten","8":"product_tag-ball-family-farms-online-kaufen-in-uk","9":"product_tag-ball-family-farms-online-kaufen-in-usa","10":"product_tag-zitronen-kirsch-gelato-in-deutschland-kaufen","12":"first","13":"instock","14":"shipping-taxable","15":"purchasable","16":"product-type-variable"},"_links":{"self":[{"href":"https:\/\/caliweedonlineshop.com\/fr\/wp-json\/wp\/v2\/product\/470","targetHints":{"allow":["GET"]}}],"collection":[{"href":"https:\/\/caliweedonlineshop.com\/fr\/wp-json\/wp\/v2\/product"}],"about":[{"href":"https:\/\/caliweedonlineshop.com\/fr\/wp-json\/wp\/v2\/types\/product"}],"replies":[{"embeddable":true,"href":"https:\/\/caliweedonlineshop.com\/fr\/wp-json\/wp\/v2\/comments?post=470"}],"wp:featuredmedia":[{"embeddable":true,"href":"https:\/\/caliweedonlineshop.com\/fr\/wp-json\/wp\/v2\/media\/471"}],"wp:attachment":[{"href":"https:\/\/caliweedonlineshop.com\/fr\/wp-json\/wp\/v2\/media?parent=470"}],"wp:term":[{"taxonomy":"product_brand","embeddable":true,"href":"https:\/\/caliweedonlineshop.com\/fr\/wp-json\/wp\/v2\/product_brand?post=470"},{"taxonomy":"product_cat","embeddable":true,"href":"https:\/\/caliweedonlineshop.com\/fr\/wp-json\/wp\/v2\/product_cat?post=470"},{"taxonomy":"product_tag","embeddable":true,"href":"https:\/\/caliweedonlineshop.com\/fr\/wp-json\/wp\/v2\/product_tag?post=470"}],"curies":[{"name":"wp","href":"https:\/\/api.w.org\/{rel}","templated":true}]}}