{"id":482,"date":"2023-01-14T12:09:05","date_gmt":"2023-01-14T12:09:05","guid":{"rendered":"https:\/\/caliweedonlineshop.com\/?post_type=product&#038;p=482"},"modified":"2023-01-14T12:09:05","modified_gmt":"2023-01-14T12:09:05","slug":"pineapple-kush","status":"publish","type":"product","link":"https:\/\/caliweedonlineshop.com\/fr\/product\/pineapple-kush\/","title":{"rendered":"Pineapple kush"},"content":{"rendered":"<h1>Achetez Pineapple Kush \u00e0 Aberdeen.<\/h1>\n<p>Achetez Pineapple Kush \u00e0 Aberdeen. Commandez Pineapple Kush en ligne. Pineapple Kush est une vari\u00e9t\u00e9 de cannabis qui a un ar\u00f4me d'ananas avec des notes de caramel et de beurre. Le go\u00fbt est d\u00e9crit comme une saveur subtile d'ananas sucr\u00e9 avec une nuance de menthe. Le s\u00e9lectionneur de cette vari\u00e9t\u00e9 est inconnu, mais les vari\u00e9t\u00e9s parentes sont Pineapple et Master Kush. Les bourgeons sont de couleur marron\/vert et recouverts de cristaux de couleur ambre. acheter Paris ogLe buzz est g\u00e9n\u00e9ralement d\u00e9crit comme c\u00e9r\u00e9bral avec une sensation corporelle l\u00e9g\u00e8re.acheter Pluto Cookies<\/p>\n<p>Purple Punch est la fusion douce et apaisante de deux classiques \u00e0 dominance indica. Le croisement de Larry OG avec Granddaddy Purple a donn\u00e9 la Purple Punch incroyablement charg\u00e9e de trichomes, qui sent le bonbon au raisin, les muffins aux myrtilles et la tarte Kool-Aid. La puissance de cette vari\u00e9t\u00e9 donne \u00e0 l'utilisateur un double coup \u00e0 la t\u00eate et au corps, atterrissant d'abord entre les yeux puis s'installant dans les membres. Purple Punch est une d\u00e9licieuse vari\u00e9t\u00e9 de dessert id\u00e9ale pour le d\u00eener. Ses effets peuvent aider \u00e0 g\u00e9rer les naus\u00e9es, le stress, les courbatures l\u00e9g\u00e8res et l'insomnie. Acheter du punch violet<\/p>\n<h2>Pineapple Kush in Aberdeen kaufen<\/h2>\n<p>Achetez Pineapple Kush \u00e0 Aberdeen. commander Pineapple Kush \u00e0 Aberdeen. Hybride \u00e0 dominante indica \u2013 80 % indica \/ 20 % sativa<br \/>\nTHC: 18% &#8211; 20%, CBD: 1%<br \/>\nPurple Punch est un rare hybride \u00e0 dominance indica (80 % indica\/20 % sativa) cr\u00e9\u00e9 en croisant la classique Larry OG avec la d\u00e9licieusement puissante Grand Daddy Purps. Avec un double coup dur d'effets euphoriques et un niveau de THC moyen super \u00e9lev\u00e9 de 18-20 %, vous ressentirez presque imm\u00e9diatement l'effet assommant de Purple Punch. acheter Purple Og kush. Vous ressentirez une bouff\u00e9e d'euphorie suivie d'une \u00e9l\u00e9vation enivrante qui vous transportera dans un \u00e9tat de pur bonheur. Au fur et \u00e0 mesure que votre esprit monte de plus en plus haut, votre corps commence \u00e0 d\u00e9river vers un \u00e9tat relaxant tr\u00e8s apaisant et enivrant, conduisant souvent \u00e0 un sommeil long et paisible. Combin\u00e9 avec les niveaux \u00e9lev\u00e9s de THC, ces effets rendent Purple Punch parfait pour contrer les effets de l'insomnie, combattre le stress chronique, les naus\u00e9es, les douleurs chroniques et la d\u00e9pression. acheter Grape ApeCe bourgeon a des p\u00e9pites vertes fluo brillantes surdimensionn\u00e9es avec des poils clairsem\u00e9s d'orange rouge et un rev\u00eatement de minuscules trichomes de cristal ambr\u00e9 givr\u00e9s. Le go\u00fbt est tr\u00e8s doux avec une saveur de myrtille \u00e0 la vanille qui a des notes de bonbon au raisin l\u00e9g\u00e8rement aigre.acheter de l'herbe en ligne en europe acheter Grape ApeCe bourgeon a des p\u00e9pites vertes fluo brillantes surdimensionn\u00e9es avec des poils clairsem\u00e9s d'orange rouge et un rev\u00eatement de minuscules trichomes de cristal ambr\u00e9 givr\u00e9s. Le go\u00fbt est tr\u00e8s doux avec une saveur de myrtille \u00e0 la vanille qui a des notes de bonbon au raisin l\u00e9g\u00e8rement aigre.acheter de l'herbe en ligne en europe acheter Grape ApeCe bourgeon a des p\u00e9pites vertes fluo brillantes surdimensionn\u00e9es avec des poils clairsem\u00e9s d'orange rouge et un rev\u00eatement de minuscules trichomes de cristal ambr\u00e9 givr\u00e9s. Le go\u00fbt est tr\u00e8s doux avec une saveur de myrtille \u00e0 la vanille qui a des notes de bonbon au raisin l\u00e9g\u00e8rement aigre.acheter de l'herbe en ligne en europe<\/p>\n<p>&nbsp;<\/p>","protected":false},"excerpt":{"rendered":"<p>Pineapple Kush est une vari\u00e9t\u00e9 de cannabis qui a un ar\u00f4me d'ananas avec des notes de caramel et de beurre. Le go\u00fbt est d\u00e9crit comme une saveur subtile d'ananas sucr\u00e9 avec une nuance de menthe. Bien que le s\u00e9lectionneur de cette vari\u00e9t\u00e9 soit inconnu, ses vari\u00e9t\u00e9s parentes sont Pineapple et Master Kush.<\/p>","protected":false},"featured_media":483,"comment_status":"open","ping_status":"closed","template":"","meta":{"om_disable_all_campaigns":false,"_monsterinsights_skip_tracking":false,"_monsterinsights_sitenote_active":false,"_monsterinsights_sitenote_note":"","_monsterinsights_sitenote_category":0},"product_brand":[],"product_cat":[126,195],"product_tag":[],"class_list":{"0":"post-482","1":"product","2":"type-product","3":"status-publish","4":"has-post-thumbnail","6":"product_cat-blumen","7":"product_cat-indica-sorten","9":"first","10":"instock","11":"shipping-taxable","12":"purchasable","13":"product-type-variable"},"_links":{"self":[{"href":"https:\/\/caliweedonlineshop.com\/fr\/wp-json\/wp\/v2\/product\/482","targetHints":{"allow":["GET"]}}],"collection":[{"href":"https:\/\/caliweedonlineshop.com\/fr\/wp-json\/wp\/v2\/product"}],"about":[{"href":"https:\/\/caliweedonlineshop.com\/fr\/wp-json\/wp\/v2\/types\/product"}],"replies":[{"embeddable":true,"href":"https:\/\/caliweedonlineshop.com\/fr\/wp-json\/wp\/v2\/comments?post=482"}],"wp:featuredmedia":[{"embeddable":true,"href":"https:\/\/caliweedonlineshop.com\/fr\/wp-json\/wp\/v2\/media\/483"}],"wp:attachment":[{"href":"https:\/\/caliweedonlineshop.com\/fr\/wp-json\/wp\/v2\/media?parent=482"}],"wp:term":[{"taxonomy":"product_brand","embeddable":true,"href":"https:\/\/caliweedonlineshop.com\/fr\/wp-json\/wp\/v2\/product_brand?post=482"},{"taxonomy":"product_cat","embeddable":true,"href":"https:\/\/caliweedonlineshop.com\/fr\/wp-json\/wp\/v2\/product_cat?post=482"},{"taxonomy":"product_tag","embeddable":true,"href":"https:\/\/caliweedonlineshop.com\/fr\/wp-json\/wp\/v2\/product_tag?post=482"}],"curies":[{"name":"wp","href":"https:\/\/api.w.org\/{rel}","templated":true}]}}