{"id":488,"date":"2023-01-14T12:13:39","date_gmt":"2023-01-14T12:13:39","guid":{"rendered":"https:\/\/caliweedonlineshop.com\/?post_type=product&#038;p=488"},"modified":"2023-03-18T00:39:03","modified_gmt":"2023-03-18T00:39:03","slug":"platinum-og","status":"publish","type":"product","link":"https:\/\/caliweedonlineshop.com\/fr\/product\/platinum-og\/","title":{"rendered":"Platinum Og"},"content":{"rendered":"<h1>Acheter Platinum OG \u00e0 Amira<\/h1>\n<p>Acheter Platinum OG \u00e0 Amira. Commandez Platin OG \u00e0 Amira. Le platine OG est aussi pr\u00e9cieux que le m\u00e9tal dont il porte le nom. Ce <a href=\"https:\/\/caliweedonlineshop.com\/index.php\/product-category\/blumen\/indica-sorten\/\">Indica-dominante<\/a> Hybrid pr\u00e9tend \u00eatre l'une des vari\u00e9t\u00e9s \"les plus lourdes\" qui existent. <a href=\"https:\/\/www.leafly.com\/strains\/platinum-og?__cf_chl_tk=4slfV0DQZTCDtbK270ptJZ47UjFQqa_Gxn0j7bcT0ro-1673698407-0-gaNycGzND70\" target=\"_blank\" rel=\"noopener\">Platinum OG<\/a> est dit descendre de trois souches : Master Kush, OG Kush et un troisi\u00e8me parent inconnu. acheter <a href=\"https:\/\/caliweedonlineshop.com\/index.php\/product\/obama-kush\/\">Obama kush<\/a>. Les fleurs sont vert lime et dodues, avec voyantes. acheter orange kush<\/p>\n<p>Des poils oranges et un rev\u00eatement platine gr\u00e2ce aux nombreux cristaux de THC. Un d\u00e9but court et capiteux se transforme en une forte s\u00e9dation physique adapt\u00e9e \u00e0 une utilisation nocturne et pour soulager la douleur, le stress ou l'anxi\u00e9t\u00e9, faisant de cette pr\u00e9cieuse vari\u00e9t\u00e9 un gu\u00e9risseur robuste.<\/p>\n<p>Les effets de Platinum OG sont initialement plut\u00f4t \u00e9lev\u00e9s, \u00e9difiants et apaisants pour l'esprit, mais ils s'estompent rapidement et ont souvent un effet s\u00e9datif sur les utilisateurs et doivent \u00eatre utilis\u00e9s avec prudence. Pour cette raison, c'est un excellent traitement nocturne pour la d\u00e9pression, le stress et l'anxi\u00e9t\u00e9. L'effet corporel de type narcotique peut \u00e9galement traiter la douleur chronique, les spasmes musculaires et l'insomnie. Il peut \u00e9galement aider \u00e0 soulager les migraines et les effets d'autres troubles de l'humeur.acheter Pineapple Express<\/p>\n<p>Exp\u00e9rience Platinum OG<br \/>\nCependant, compte tenu de sa puissance, la prudence est recommand\u00e9e, sinon un verrouillage confortable du canap\u00e9 pourrait se transformer en une sensation de vertige et de submersion.<\/p>\n<h3>Acheter Platinum OG \u00e0 Amira<\/h3>\n<p>Acheter Platinum OG \u00e0 Amira. Commandez du platine OG \u00e0 Amira. Si les connaisseurs d\u00e9cident d'essayer cette vari\u00e9t\u00e9, ils ne devraient pas avoir grand-chose d'autre pr\u00e9vu pour le reste de la journ\u00e9e. C'est d\u00e9finitivement une herbe de nuit qui submerge assez rapidement l'utilisateur. Apr\u00e8s un bref pr\u00e9liminaire mental, il devient intens\u00e9ment apaisant. Acheter de l'ananas kush<\/p>\n<p>Les utilisateurs d\u00e9crivent une sensation de chaleur liquide et de pure tranquillit\u00e9, avec une disparition totale du stress et de la douleur. Une mentalit\u00e9 sativa persiste en dessous, mais n'est pas l'effet principal.<\/p>\n<p>Les amateurs de consommation alternative seront ravis d'apprendre que ce cannabis est largement disponible sous forme de shatter et de vape pen.<\/p>","protected":false},"excerpt":{"rendered":"<p>Le platine OG est aussi pr\u00e9cieux que le m\u00e9tal dont il porte le nom. Cet hybride \u00e0 dominance indica est consid\u00e9r\u00e9 comme l'une des vari\u00e9t\u00e9s \u00ab les plus lourdes \u00bb du march\u00e9. Platinum OG est cens\u00e9e descendre de trois souches : Master Kush, OG Kush et un troisi\u00e8me parent inconnu. Les fleurs sont vert citron et dodues, avec des<\/p>","protected":false},"featured_media":489,"comment_status":"open","ping_status":"closed","template":"","meta":{"om_disable_all_campaigns":false,"_monsterinsights_skip_tracking":false,"_monsterinsights_sitenote_active":false,"_monsterinsights_sitenote_note":"","_monsterinsights_sitenote_category":0},"product_brand":[],"product_cat":[126,195],"product_tag":[],"class_list":{"0":"post-488","1":"product","2":"type-product","3":"status-publish","4":"has-post-thumbnail","6":"product_cat-blumen","7":"product_cat-indica-sorten","9":"first","10":"instock","11":"shipping-taxable","12":"purchasable","13":"product-type-variable"},"_links":{"self":[{"href":"https:\/\/caliweedonlineshop.com\/fr\/wp-json\/wp\/v2\/product\/488","targetHints":{"allow":["GET"]}}],"collection":[{"href":"https:\/\/caliweedonlineshop.com\/fr\/wp-json\/wp\/v2\/product"}],"about":[{"href":"https:\/\/caliweedonlineshop.com\/fr\/wp-json\/wp\/v2\/types\/product"}],"replies":[{"embeddable":true,"href":"https:\/\/caliweedonlineshop.com\/fr\/wp-json\/wp\/v2\/comments?post=488"}],"wp:featuredmedia":[{"embeddable":true,"href":"https:\/\/caliweedonlineshop.com\/fr\/wp-json\/wp\/v2\/media\/489"}],"wp:attachment":[{"href":"https:\/\/caliweedonlineshop.com\/fr\/wp-json\/wp\/v2\/media?parent=488"}],"wp:term":[{"taxonomy":"product_brand","embeddable":true,"href":"https:\/\/caliweedonlineshop.com\/fr\/wp-json\/wp\/v2\/product_brand?post=488"},{"taxonomy":"product_cat","embeddable":true,"href":"https:\/\/caliweedonlineshop.com\/fr\/wp-json\/wp\/v2\/product_cat?post=488"},{"taxonomy":"product_tag","embeddable":true,"href":"https:\/\/caliweedonlineshop.com\/fr\/wp-json\/wp\/v2\/product_tag?post=488"}],"curies":[{"name":"wp","href":"https:\/\/api.w.org\/{rel}","templated":true}]}}