{"id":494,"date":"2023-01-14T12:15:57","date_gmt":"2023-01-14T12:15:57","guid":{"rendered":"https:\/\/caliweedonlineshop.com\/?post_type=product&#038;p=494"},"modified":"2023-01-14T12:16:25","modified_gmt":"2023-01-14T12:16:25","slug":"purple-og-kush","status":"publish","type":"product","link":"https:\/\/caliweedonlineshop.com\/fr\/product\/purple-og-kush\/","title":{"rendered":"Purple Og kush"},"content":{"rendered":"<h2>Acheter Purple Kush en ligne<\/h2>\n<p>Acheter Purple Kush en ligne. Commandez Purple Kush en ligne. Purple Kush est une pure vari\u00e9t\u00e9 indica issue du croisement entre Hindu Kush et Purple Afghani dans la r\u00e9gion d'Oakland en Californie. Son ar\u00f4me est subtil et terreux avec des accents sucr\u00e9s typiques des vari\u00e9t\u00e9s Kush. Une euphorie heureuse et durable enveloppe l'esprit tandis que la relaxation physique d\u00e9barrasse le corps des maux et des douleurs, de l'insomnie et du stress. Poussant en largeur plut\u00f4t qu'en hauteur, Purple Kush est pr\u00eate \u00e0 \u00eatre r\u00e9colt\u00e9e apr\u00e8s une p\u00e9riode de floraison de 8 semaines.Acheter Pluto Cookies<\/p>","protected":false},"excerpt":{"rendered":"<p>Purple Kush est une pure vari\u00e9t\u00e9 indica originaire de la r\u00e9gion d'Oakland en Californie en croisant Hindu Kush et Purple Afghani.<\/p>","protected":false},"featured_media":495,"comment_status":"open","ping_status":"closed","template":"","meta":{"om_disable_all_campaigns":false,"_monsterinsights_skip_tracking":false,"_monsterinsights_sitenote_active":false,"_monsterinsights_sitenote_note":"","_monsterinsights_sitenote_category":0},"product_brand":[],"product_cat":[126,195],"product_tag":[],"class_list":{"0":"post-494","1":"product","2":"type-product","3":"status-publish","4":"has-post-thumbnail","6":"product_cat-blumen","7":"product_cat-indica-sorten","9":"first","10":"instock","11":"shipping-taxable","12":"purchasable","13":"product-type-variable"},"_links":{"self":[{"href":"https:\/\/caliweedonlineshop.com\/fr\/wp-json\/wp\/v2\/product\/494","targetHints":{"allow":["GET"]}}],"collection":[{"href":"https:\/\/caliweedonlineshop.com\/fr\/wp-json\/wp\/v2\/product"}],"about":[{"href":"https:\/\/caliweedonlineshop.com\/fr\/wp-json\/wp\/v2\/types\/product"}],"replies":[{"embeddable":true,"href":"https:\/\/caliweedonlineshop.com\/fr\/wp-json\/wp\/v2\/comments?post=494"}],"wp:featuredmedia":[{"embeddable":true,"href":"https:\/\/caliweedonlineshop.com\/fr\/wp-json\/wp\/v2\/media\/495"}],"wp:attachment":[{"href":"https:\/\/caliweedonlineshop.com\/fr\/wp-json\/wp\/v2\/media?parent=494"}],"wp:term":[{"taxonomy":"product_brand","embeddable":true,"href":"https:\/\/caliweedonlineshop.com\/fr\/wp-json\/wp\/v2\/product_brand?post=494"},{"taxonomy":"product_cat","embeddable":true,"href":"https:\/\/caliweedonlineshop.com\/fr\/wp-json\/wp\/v2\/product_cat?post=494"},{"taxonomy":"product_tag","embeddable":true,"href":"https:\/\/caliweedonlineshop.com\/fr\/wp-json\/wp\/v2\/product_tag?post=494"}],"curies":[{"name":"wp","href":"https:\/\/api.w.org\/{rel}","templated":true}]}}