{"id":500,"date":"2023-01-14T12:22:22","date_gmt":"2023-01-14T12:22:22","guid":{"rendered":"https:\/\/caliweedonlineshop.com\/?post_type=product&#038;p=500"},"modified":"2023-01-14T12:22:22","modified_gmt":"2023-01-14T12:22:22","slug":"purple-punch","status":"publish","type":"product","link":"https:\/\/caliweedonlineshop.com\/fr\/product\/purple-punch\/","title":{"rendered":"Purple Punch"},"content":{"rendered":"<h1>Achat en ligne de Purple Punch<\/h1>\n<p>Achetez Purple Punch en ligne. Commandez Purple Punch en ligne. Purple Punch est l'union douce et apaisante de deux <a href=\"https:\/\/caliweedonlineshop.com\/index.php\/product-category\/blumen\/indica-sorten\/\">Indica<\/a>- classiques dominants. En traversant <a href=\"https:\/\/www.leafly.com\/strains\/larry-og\" target=\"_blank\" rel=\"noopener\">Larry OG<\/a> mit <a href=\"https:\/\/weedseedsexpress.com\/de\/samen\/granddaddy-purple-feminisiert\" target=\"_blank\" rel=\"noopener\">Granddaddy Purple<\/a> wurde die erstaunlich trichomenreiche Purple Punch geboren, die nach Traubenbonbons, Blaubeermuffins und herber Kool-Aid riecht. Die Potenz dieser Sorte gibt dem Konsumenten einen doppelten Schlag auf den Kopf und den K\u00f6rper, der zun\u00e4chst zwischen den Augen landet und sich dann in den Gliedern festsetzt. Purple Punch ist eine k\u00f6stliche Dessertsorte, die sich am besten f\u00fcr das Abendessen eignet. Ihre Wirkung kann bei der Bew\u00e4ltigung von \u00dcbelkeit, Stress, leichten K\u00f6rperschmerzen und Schlaflosigkeit helfen.<\/p>\n<h2>Achat en ligne de Purple Punch<\/h2>\n<p>Achetez Purple Punch en ligne. Commandez Purple Punch en ligne. Purple Punch est la fusion douce et apaisante de deux classiques \u00e0 dominance indica. Le croisement de Larry OG avec Granddaddy Purple a donn\u00e9 la Purple Punch incroyablement riche en trichomes, qui sent le bonbon au raisin, les muffins aux myrtilles et la tarte Kool-Aid. La puissance de cette vari\u00e9t\u00e9 donne \u00e0 l'utilisateur un double coup \u00e0 la t\u00eate et au corps, atterrissant d'abord entre les yeux puis s'installant dans les membres. Purple Punch est une d\u00e9licieuse vari\u00e9t\u00e9 de dessert id\u00e9ale pour le d\u00eener. Ses effets peuvent aider \u00e0 g\u00e9rer les naus\u00e9es, le stress, les courbatures l\u00e9g\u00e8res et l'insomnie. 80% Indica \/ 20% Sativa<br \/>\nTHC: 18% &#8211; 20%, CBD: 1%<br \/>\nPurple Punch est un rare hybride \u00e0 dominance indica (80 % indica\/20 % sativa) cr\u00e9\u00e9 en croisant la classique Larry OG avec la d\u00e9licieusement puissante Grand Daddy Purps. Avec un double coup dur d'effets euphoriques et un niveau de THC moyen super \u00e9lev\u00e9 de 18-20 %, vous ressentirez presque imm\u00e9diatement l'effet assommant de Purple Punch. Vous ressentirez une bouff\u00e9e d'euphorie suivie d'une \u00e9l\u00e9vation enivrante qui vous transportera dans un \u00e9tat de pur bonheur. Au fur et \u00e0 mesure que votre esprit monte de plus en plus haut, votre corps commence \u00e0 d\u00e9river vers un \u00e9tat relaxant tr\u00e8s apaisant et enivrant, conduisant souvent \u00e0 un sommeil long et paisible. Combin\u00e9s aux niveaux \u00e9lev\u00e9s de THC, ces effets rendent Purple Punch parfait pour contrer les effets de l'insomnie, du stress chronique, des naus\u00e9es, lutter contre la douleur chronique et la d\u00e9pression. Acheter GRN CBD Vanilla Custard CBD Vape CartridgeCe bourgeon a des p\u00e9pites vertes fluo brillantes surdimensionn\u00e9es avec des poils rouge-orange clairsem\u00e9s et un rev\u00eatement de minuscules trichomes de cristal ambr\u00e9 givr\u00e9s. La rupture de chaque petite p\u00e9pite lib\u00e8re des ar\u00f4mes de myrtilles terreuses et de raisins, soutenus par une douce nuance herbac\u00e9e. Le go\u00fbt est tr\u00e8s doux avec une saveur de myrtille \u00e0 la vanille qui a des notes de bonbon au raisin l\u00e9g\u00e8rement acide. La rupture de chaque petite p\u00e9pite lib\u00e8re des ar\u00f4mes de myrtilles terreuses et de raisins, soutenus par une douce nuance herbac\u00e9e. Le go\u00fbt est tr\u00e8s doux avec une saveur de myrtille \u00e0 la vanille qui a des notes de bonbon au raisin l\u00e9g\u00e8rement acide. La rupture de chaque petite p\u00e9pite lib\u00e8re des ar\u00f4mes de myrtilles terreuses et de raisins, soutenus par une douce nuance herbac\u00e9e. Le go\u00fbt est tr\u00e8s doux avec une saveur de myrtille \u00e0 la vanille qui a des notes de bonbon au raisin l\u00e9g\u00e8rement acide.<a href=\"https:\/\/caliweedonlineshop.com\/fr\/\">buy weed online Europe<\/a><\/p>","protected":false},"excerpt":{"rendered":"<p>Purple Punch est la fusion douce et apaisante de deux classiques \u00e0 dominance indica. Croiser Larry OG avec Granddaddy Purple a donn\u00e9 naissance \u00e0 la Purple Punch incroyablement charg\u00e9e de trichomes, qui sent le bonbon au raisin, les muffins aux myrtilles et la tarte Kool-Aid.<\/p>","protected":false},"featured_media":501,"comment_status":"open","ping_status":"closed","template":"","meta":{"om_disable_all_campaigns":false,"_monsterinsights_skip_tracking":false,"_monsterinsights_sitenote_active":false,"_monsterinsights_sitenote_note":"","_monsterinsights_sitenote_category":0},"product_brand":[],"product_cat":[126,195],"product_tag":[205,241,242],"class_list":{"0":"post-500","1":"product","2":"type-product","3":"status-publish","4":"has-post-thumbnail","6":"product_cat-blumen","7":"product_cat-indica-sorten","8":"product_tag-ak-47-weed-online-kaufen-in-deutschland","9":"product_tag-banana-runtz-online-kaufen-in-deutschland","10":"product_tag-gelato-online-kaufen-in-usa","12":"first","13":"instock","14":"shipping-taxable","15":"purchasable","16":"product-type-variable"},"_links":{"self":[{"href":"https:\/\/caliweedonlineshop.com\/fr\/wp-json\/wp\/v2\/product\/500","targetHints":{"allow":["GET"]}}],"collection":[{"href":"https:\/\/caliweedonlineshop.com\/fr\/wp-json\/wp\/v2\/product"}],"about":[{"href":"https:\/\/caliweedonlineshop.com\/fr\/wp-json\/wp\/v2\/types\/product"}],"replies":[{"embeddable":true,"href":"https:\/\/caliweedonlineshop.com\/fr\/wp-json\/wp\/v2\/comments?post=500"}],"wp:featuredmedia":[{"embeddable":true,"href":"https:\/\/caliweedonlineshop.com\/fr\/wp-json\/wp\/v2\/media\/501"}],"wp:attachment":[{"href":"https:\/\/caliweedonlineshop.com\/fr\/wp-json\/wp\/v2\/media?parent=500"}],"wp:term":[{"taxonomy":"product_brand","embeddable":true,"href":"https:\/\/caliweedonlineshop.com\/fr\/wp-json\/wp\/v2\/product_brand?post=500"},{"taxonomy":"product_cat","embeddable":true,"href":"https:\/\/caliweedonlineshop.com\/fr\/wp-json\/wp\/v2\/product_cat?post=500"},{"taxonomy":"product_tag","embeddable":true,"href":"https:\/\/caliweedonlineshop.com\/fr\/wp-json\/wp\/v2\/product_tag?post=500"}],"curies":[{"name":"wp","href":"https:\/\/api.w.org\/{rel}","templated":true}]}}