{"id":506,"date":"2023-01-14T12:25:25","date_gmt":"2023-01-14T12:25:25","guid":{"rendered":"https:\/\/caliweedonlineshop.com\/?post_type=product&#038;p=506"},"modified":"2023-01-16T06:48:50","modified_gmt":"2023-01-16T06:48:50","slug":"sherbinskis","status":"publish","type":"product","link":"https:\/\/caliweedonlineshop.com\/fr\/product\/sherbinskis\/","title":{"rendered":"sherbinskis"},"content":{"rendered":"<h1>Sherbinskis dans le Colorado kaufen<\/h1>\n<p>Achetez des Sherbinski dans le Colorado. Hybride de Sunset Sherbert (Girl Scout Cookies et Pink Panties) et Thin Mint Cookies (et OG Kush), cette vari\u00e9t\u00e9 \u00e0 dominance indica offre une fum\u00e9e \u00e9paisse, riche et lourde. C'est comme plonger dans un grand bol de glace. Avec une pointe de douceur au premier plan et des tons de terre enivrants en finale, Bacio a une sensation en bouche grasse et cors\u00e9e avec un effet de picotement latent. Avec des niveaux de THC plus \u00e9lev\u00e9s que les autres souches de Gelato, cette souche est bien adapt\u00e9e aux fumeurs \u00e0 tol\u00e9rance plus \u00e9lev\u00e9e et est id\u00e9ale pour une gorg\u00e9e de fin de soir\u00e9e ou pour bannir le blues pendant la journ\u00e9e. Champignon magique Big Mex en ligne aux \u00c9tats-Unis.<\/p>\n<p>Sherbinskis a \u00e9t\u00e9 fond\u00e9e \u00e0 San Francisco par Mario Guzman, qui s'est fait un nom en tant que s\u00e9lectionneur de cannabis exp\u00e9riment\u00e9. Il a aid\u00e9 \u00e0 d\u00e9velopper des souches avec des g\u00e9n\u00e9tiques de renomm\u00e9e mondiale. Guzman est cr\u00e9dit\u00e9 d'avoir invent\u00e9 Sunset Sherbert et la gamme de saveurs Gelato : Bacio, Acai Berry, Mochi et Gello. Achetez des Sherbinski dans le Colorado. Acheter M\u00e9lange \u00e0 G\u00e2teau\/Menthe<\/p>\n<p>Outre le cannabis, Sherbinskis a \u00e9galement entam\u00e9 des collaborations dans la mode et le hip-hop. Aujourd'hui, Sherbinskis propose un magasin physique, des marchandises, des p\u00e9rolles de chanvre et des produits de cannabis haut de gamme, en particulier des cartouches de fleurs et de vape.<\/p>\n<p>L'emballage orange embl\u00e9matique. L'herbe encore plus embl\u00e9matique emball\u00e9e dans ce paquet. Sherbinskis est l'une de ces rares marques OG \u00e0 vivre avec des t\u00eates haut de gamme depuis des d\u00e9cennies. Fond\u00e9e par Mario Guzman dans son garage de San Francisco, Sherbinskis est la marque l\u00e9gendaire derri\u00e8re des vari\u00e9t\u00e9s comme Sunset Sherbert, Pink Panties et la famille Gelato : Bacio, Acai berry, Mochi et Gello buy. Roche lunaire de Kurupt<\/p>\n<h2>Sherbinskis dans le Colorado kaufen<\/h2>\n<p>Achetez des Sherbinski dans le Colorado. TL; DR : Sherbinskis a \u00e9t\u00e9 pr\u00e9sent\u00e9 dans plus de 200 chansons hip hop. Que devez-vous savoir d'autre ?<\/p>\n<p>SHERBINSKIS est un favori culte fond\u00e9 dans le Sunset District de San Francisco par M. Sherbinski, un d\u00e9gustateur de cannabis et conservateur de g\u00e9n\u00e9tiques de renomm\u00e9e mondiale : Pink Panties, Sunset Sherbert et la gamme Gelato - Bacio, Mochi, Acai Berry et Gello. Acheter des comprim\u00e9s de diaz\u00e9pam 10mg en ligne<\/p>\n<p>SHERBINSKIS a ses racines \u00e0 San Francisco, en Californie, et est connu pour son respect sans compromis pour l'alchimie des plantes et la culture qui l'entoure. Nos diff\u00e9rentes souches et cultivars ont un public d\u00e9vou\u00e9 d'initi\u00e9s et de passionn\u00e9s du monde entier o\u00f9 la valeur de la qualit\u00e9 et de l'exp\u00e9rience absolues est primordiale. Achetez des Sherbinski dans le Colorado. Acheter Strawnana<\/p>\n<p>Capitalisant sur cette r\u00e9surgence mondiale, SHERBINSKIS s'est \u00e9tendu dans toute la Californie et a s\u00e9lectionn\u00e9 des dispensaires \u00e0 travers le pays pour proposer une gamme de produits de cannabis originaux, notamment des fleurs, des pr\u00e9-rouleaux, des cartouches de vape, des extraits et des accessoires. Brownie d\u00e9licieusement cuit<\/p>\n<p>C\u00e9l\u00e9br\u00e9 par nos mamans, papas, amis et familles, ainsi que nos artistes et animateurs pr\u00e9f\u00e9r\u00e9s de John Mayer \u00e0 Migos, SHERBINSKIS est fi\u00e8rement bruyant et cultiv\u00e9 pour partager. Achetez de la marijuana en ligne.<\/p>","protected":false},"excerpt":{"rendered":"<p>Cette vari\u00e9t\u00e9 \u00e0 dominance indica est un croisement entre Sunset Sherbert (Girl Scout Cookies et Pink Panties) et Thin Mint Cookies (F1 et OG Kush) et offre une fum\u00e9e dense, riche et lourde.<\/p>","protected":false},"featured_media":507,"comment_status":"open","ping_status":"closed","template":"","meta":{"om_disable_all_campaigns":false,"_monsterinsights_skip_tracking":false,"_monsterinsights_sitenote_active":false,"_monsterinsights_sitenote_note":"","_monsterinsights_sitenote_category":0},"product_brand":[],"product_cat":[195,126,351],"product_tag":[],"class_list":{"0":"post-506","1":"product","2":"type-product","3":"status-publish","4":"has-post-thumbnail","6":"product_cat-indica-sorten","7":"product_cat-blumen","8":"product_cat-marken-cannabis","10":"first","11":"instock","12":"shipping-taxable","13":"purchasable","14":"product-type-variable"},"_links":{"self":[{"href":"https:\/\/caliweedonlineshop.com\/fr\/wp-json\/wp\/v2\/product\/506","targetHints":{"allow":["GET"]}}],"collection":[{"href":"https:\/\/caliweedonlineshop.com\/fr\/wp-json\/wp\/v2\/product"}],"about":[{"href":"https:\/\/caliweedonlineshop.com\/fr\/wp-json\/wp\/v2\/types\/product"}],"replies":[{"embeddable":true,"href":"https:\/\/caliweedonlineshop.com\/fr\/wp-json\/wp\/v2\/comments?post=506"}],"wp:featuredmedia":[{"embeddable":true,"href":"https:\/\/caliweedonlineshop.com\/fr\/wp-json\/wp\/v2\/media\/507"}],"wp:attachment":[{"href":"https:\/\/caliweedonlineshop.com\/fr\/wp-json\/wp\/v2\/media?parent=506"}],"wp:term":[{"taxonomy":"product_brand","embeddable":true,"href":"https:\/\/caliweedonlineshop.com\/fr\/wp-json\/wp\/v2\/product_brand?post=506"},{"taxonomy":"product_cat","embeddable":true,"href":"https:\/\/caliweedonlineshop.com\/fr\/wp-json\/wp\/v2\/product_cat?post=506"},{"taxonomy":"product_tag","embeddable":true,"href":"https:\/\/caliweedonlineshop.com\/fr\/wp-json\/wp\/v2\/product_tag?post=506"}],"curies":[{"name":"wp","href":"https:\/\/api.w.org\/{rel}","templated":true}]}}