{"id":518,"date":"2023-01-14T12:37:55","date_gmt":"2023-01-14T12:37:55","guid":{"rendered":"https:\/\/caliweedonlineshop.com\/?post_type=product&#038;p=518"},"modified":"2023-01-14T12:37:55","modified_gmt":"2023-01-14T12:37:55","slug":"white-rhino","status":"publish","type":"product","link":"https:\/\/caliweedonlineshop.com\/fr\/product\/white-rhino\/","title":{"rendered":"White Rhino"},"content":{"rendered":"<h1>Achetez du rhinoc\u00e9ros blanc en ligne.<\/h1>\n<p>Achat en ligne de White Rhino. rhinoc\u00e9ros blanc bestellen en ligne. <a href=\"https:\/\/caliweedonlineshop.com\/index.php\/product\/granddaddy-purple\/\">Granddaddy Purple<\/a> (ou GDP) a \u00e9t\u00e9 introduit par Ken Estes en 2003 et est un c\u00e9l\u00e8bre hybride indica de Purple Urkle et Big Bud. Cet incontournable californien h\u00e9rite d'un ar\u00f4me complexe de raisin et de baies de son parent Purple Urkle, tandis que Big Bud transmet sa structure de t\u00eate surdimensionn\u00e9e et compacte. \u00c9panouies dans des tons violets profonds, les fleurs GDP offrent un fond contrastant avec la couche de r\u00e9sine cristalline blanche comme neige.acheter Raspberry Cheesecake Brownie<\/p>\n<p>Ses effets puissants peuvent \u00eatre ressentis \u00e0 la fois dans l'esprit et dans le corps, offrant une fusion d'euphorie c\u00e9r\u00e9brale et de relaxation physique. Alors que votre esprit peut flotter dans un r\u00eave r\u00eaveur, votre corps est plus susceptible d'\u00eatre fix\u00e9 au m\u00eame endroit pendant toute la dur\u00e9e des effets du PIB. Granddaddy Purple est g\u00e9n\u00e9ralement retir\u00e9 de l'\u00e9tag\u00e8re pour les utilisateurs qui cherchent \u00e0 lutter contre la douleur, le stress, l'insomnie, le manque d'app\u00e9tit et les spasmes musculaires. GDP offre aux cultivateurs des rendements massifs, pr\u00eats \u00e0 \u00eatre r\u00e9colt\u00e9s apr\u00e8s une p\u00e9riode de floraison en int\u00e9rieur de 60 jours.buy Paris OG<\/p>\n<p>White Rhino est un croisement entre White Widow et une vari\u00e9t\u00e9 indica nord-am\u00e9ricaine inconnue, ce qui donne une plante touffue et vigoureuse. Les bourgeons d\u00e9livrent un high fort et enivrant. L'ascendance de la plante vient d'Afghanistan, du Br\u00e9sil et d'Inde. White Rhino est l'une des meilleures vari\u00e9t\u00e9s de marijuana \u00e0 usage m\u00e9dical en raison de sa teneur \u00e9lev\u00e9e en THC.acheter Purple Og kush<\/p>\n<p>White Rhino est une puissante vari\u00e9t\u00e9 indica et est facilement reconnaissable \u00e0 ses feuilles courtes \u00e0 touffues, vert clair \u00e0 fonc\u00e9. Les p\u00e9pites ont une teinte qui peut \u00eatre d\u00e9crite comme blanc argent\u00e9 et elle est connue pour sa puissance, qui s'accompagne d'un high dur et rapide, principalement en raison des niveaux \u00e9lev\u00e9s de THC, qui varient entre 14 et 20 %. Avec un fond de White Widow et une plante sativa nord-am\u00e9ricaine, elle est \u00e9galement connue pour son fort ar\u00f4me, qui est un m\u00e9lange d'une odeur terreuse, am\u00e8re et \u00e9pic\u00e9e.<\/p>\n<h2>Achat en ligne de White Rhino.<\/h2>\n<p>Achetez White Rhino en ligne. Commandez du rhinoc\u00e9ros blanc en ligne. Il est assez courant d'\u00e9prouver des sentiments de paresse, de bonheur et d'euphorie apr\u00e8s avoir fum\u00e9 cette vari\u00e9t\u00e9, c'est pourquoi elle est principalement utilis\u00e9e dans le monde m\u00e9dical pour traiter le stress, la douleur et l'insomnie. Le principal effet n\u00e9gatif de cette souche est la bouche s\u00e8che, bien que les yeux secs soient \u00e9galement une possibilit\u00e9. Cette vari\u00e9t\u00e9 est \u00e9galement connue pour \u00eatre particuli\u00e8rement r\u00e9sistante et capable d'\u00eatre cultiv\u00e9e dans des climats extr\u00eames.<a href=\"https:\/\/caliweedonlineshop.com\/fr\/\">buy weed online Europe<\/a><\/p>","protected":false},"excerpt":{"rendered":"<p>Introduit en 2003 par Ken Estes, Granddaddy Purple (ou GDP) est un c\u00e9l\u00e8bre hybride indica de Purple Urkle et Big Bud. Cet incontournable californien h\u00e9rite d'un ar\u00f4me complexe de raisin et de baies de son parent Purple Urkle, tandis que Big Bud transmet sa structure de t\u00eate surdimensionn\u00e9e et compacte.<\/p>","protected":false},"featured_media":519,"comment_status":"open","ping_status":"closed","template":"","meta":{"om_disable_all_campaigns":false,"_monsterinsights_skip_tracking":false,"_monsterinsights_sitenote_active":false,"_monsterinsights_sitenote_note":"","_monsterinsights_sitenote_category":0},"product_brand":[],"product_cat":[126,195],"product_tag":[],"class_list":{"0":"post-518","1":"product","2":"type-product","3":"status-publish","4":"has-post-thumbnail","6":"product_cat-blumen","7":"product_cat-indica-sorten","9":"first","10":"instock","11":"shipping-taxable","12":"purchasable","13":"product-type-variable"},"_links":{"self":[{"href":"https:\/\/caliweedonlineshop.com\/fr\/wp-json\/wp\/v2\/product\/518","targetHints":{"allow":["GET"]}}],"collection":[{"href":"https:\/\/caliweedonlineshop.com\/fr\/wp-json\/wp\/v2\/product"}],"about":[{"href":"https:\/\/caliweedonlineshop.com\/fr\/wp-json\/wp\/v2\/types\/product"}],"replies":[{"embeddable":true,"href":"https:\/\/caliweedonlineshop.com\/fr\/wp-json\/wp\/v2\/comments?post=518"}],"wp:featuredmedia":[{"embeddable":true,"href":"https:\/\/caliweedonlineshop.com\/fr\/wp-json\/wp\/v2\/media\/519"}],"wp:attachment":[{"href":"https:\/\/caliweedonlineshop.com\/fr\/wp-json\/wp\/v2\/media?parent=518"}],"wp:term":[{"taxonomy":"product_brand","embeddable":true,"href":"https:\/\/caliweedonlineshop.com\/fr\/wp-json\/wp\/v2\/product_brand?post=518"},{"taxonomy":"product_cat","embeddable":true,"href":"https:\/\/caliweedonlineshop.com\/fr\/wp-json\/wp\/v2\/product_cat?post=518"},{"taxonomy":"product_tag","embeddable":true,"href":"https:\/\/caliweedonlineshop.com\/fr\/wp-json\/wp\/v2\/product_tag?post=518"}],"curies":[{"name":"wp","href":"https:\/\/api.w.org\/{rel}","templated":true}]}}