{"id":525,"date":"2023-01-14T12:42:47","date_gmt":"2023-01-14T12:42:47","guid":{"rendered":"https:\/\/caliweedonlineshop.com\/?post_type=product&#038;p=525"},"modified":"2023-01-14T12:44:07","modified_gmt":"2023-01-14T12:44:07","slug":"xxx-og","status":"publish","type":"product","link":"https:\/\/caliweedonlineshop.com\/fr\/product\/xxx-og\/","title":{"rendered":"XXX Og"},"content":{"rendered":"<h1>Acheter XXX OG en ligne<\/h1>\n<p>Achetez XXX OG en ligne. Commandez xxx OG en ligne. Descendant des vari\u00e9t\u00e9s parentes OG Kush et XXX, XXX OG est une indica qui a remport\u00e9 la premi\u00e8re place \u00e0 la Los Angeles Cannabis Cup 2014. Ses bourgeons volumineux et coniques brillent d'une lourde couche blanche de trichomes d\u00e9goulinants et d\u00e9gagent des notes terreuses, de pin et de citron qui se combinent pour cr\u00e9er un ar\u00f4me juteux. A petites doses, XXX OG induit des effets mod\u00e9r\u00e9ment s\u00e9datifs qui permettent une certaine clart\u00e9 mentale et de l'\u00e9nergie physique. acheter Lemon ZkittleSi vous augmentez la dose, la lutte contre la l\u00e9thargie et le clouage au canap\u00e9 devient futile. Cela fait de XXX OG un excellent rem\u00e8de contre l'insomnie, et m\u00eame les cas graves de naus\u00e9es et de douleurs chroniques peuvent b\u00e9n\u00e9ficier des effets puissants de cette vari\u00e9t\u00e9.<\/p>","protected":false},"excerpt":{"rendered":"<p>D\u00e9riv\u00e9e des vari\u00e9t\u00e9s parentes OG Kush et XXX, est une indica qui a remport\u00e9 la premi\u00e8re place \u00e0 la Los Angeles Cannabis Cup 2014. Ses bourgeons volumineux et coniques brillent d'une lourde couche blanche de trichomes d\u00e9goulinants et d\u00e9gagent des notes terreuses, de pin et de citron qui se combinent pour cr\u00e9er un ar\u00f4me juteux.<\/p>\n<p>&nbsp;<\/p>","protected":false},"featured_media":526,"comment_status":"open","ping_status":"closed","template":"","meta":{"om_disable_all_campaigns":false,"_monsterinsights_skip_tracking":false,"_monsterinsights_sitenote_active":false,"_monsterinsights_sitenote_note":"","_monsterinsights_sitenote_category":0},"product_brand":[],"product_cat":[126,195],"product_tag":[199,214,244],"class_list":{"0":"post-525","1":"product","2":"type-product","3":"status-publish","4":"has-post-thumbnail","6":"product_cat-blumen","7":"product_cat-indica-sorten","8":"product_tag-alice-brownies-online-kaufen-in-uk","9":"product_tag-banana-runtz-online-in-australien-kaufen","10":"product_tag-kuchenmischung-minntz-online-in-den-usa-kaufen","12":"first","13":"instock","14":"shipping-taxable","15":"purchasable","16":"product-type-variable"},"_links":{"self":[{"href":"https:\/\/caliweedonlineshop.com\/fr\/wp-json\/wp\/v2\/product\/525","targetHints":{"allow":["GET"]}}],"collection":[{"href":"https:\/\/caliweedonlineshop.com\/fr\/wp-json\/wp\/v2\/product"}],"about":[{"href":"https:\/\/caliweedonlineshop.com\/fr\/wp-json\/wp\/v2\/types\/product"}],"replies":[{"embeddable":true,"href":"https:\/\/caliweedonlineshop.com\/fr\/wp-json\/wp\/v2\/comments?post=525"}],"wp:featuredmedia":[{"embeddable":true,"href":"https:\/\/caliweedonlineshop.com\/fr\/wp-json\/wp\/v2\/media\/526"}],"wp:attachment":[{"href":"https:\/\/caliweedonlineshop.com\/fr\/wp-json\/wp\/v2\/media?parent=525"}],"wp:term":[{"taxonomy":"product_brand","embeddable":true,"href":"https:\/\/caliweedonlineshop.com\/fr\/wp-json\/wp\/v2\/product_brand?post=525"},{"taxonomy":"product_cat","embeddable":true,"href":"https:\/\/caliweedonlineshop.com\/fr\/wp-json\/wp\/v2\/product_cat?post=525"},{"taxonomy":"product_tag","embeddable":true,"href":"https:\/\/caliweedonlineshop.com\/fr\/wp-json\/wp\/v2\/product_tag?post=525"}],"curies":[{"name":"wp","href":"https:\/\/api.w.org\/{rel}","templated":true}]}}