{"id":531,"date":"2023-01-14T12:49:13","date_gmt":"2023-01-14T12:49:13","guid":{"rendered":"https:\/\/caliweedonlineshop.com\/?post_type=product&#038;p=531"},"modified":"2023-01-14T12:49:13","modified_gmt":"2023-01-14T12:49:13","slug":"zombie-kush","status":"publish","type":"product","link":"https:\/\/caliweedonlineshop.com\/fr\/product\/zombie-kush\/","title":{"rendered":"Zombie kush"},"content":{"rendered":"<h1>Acheter Zombie Kush en ligne<\/h1>\n<p>Acheter Zombie Kush en ligne. Commandez du zombie kush en ligne. Zombie Kush par Ripper Seeds descend de deux g\u00e9n\u00e9tiques Kush diff\u00e9rentes, ce qui donne des teintes violettes dans son feuillage charg\u00e9 de trichomes. Zombie Kush a \u00e9t\u00e9 cr\u00e9\u00e9e en croisant Sideral (Lavender Kush x Amnesia) avec Bubba Kush. La lign\u00e9e g\u00e9n\u00e9tique unique de Zombie Kush et son profil terp\u00e9nique complexe lui ont valu le premier prix \u00e0 la Napoli Secret Cup 2017 pour le meilleur extrait et le premier prix pour Indica \u00e0 la UCLA Cup 2016. Elle a un effet agr\u00e9able et fort avec une p\u00e9riode de floraison en int\u00e9rieur rapide de 55-60 jours.<\/p>\n<p>&nbsp;<\/p>","protected":false},"excerpt":{"rendered":"<p>Zombie Kush par Ripper Seeds provient de deux g\u00e9n\u00e9tiques Kush diff\u00e9rentes, ce qui donne des teintes violettes dans le feuillage riche en trichomes.<\/p>\n<p>&nbsp;<\/p>","protected":false},"featured_media":532,"comment_status":"open","ping_status":"closed","template":"","meta":{"om_disable_all_campaigns":false,"_monsterinsights_skip_tracking":false,"_monsterinsights_sitenote_active":false,"_monsterinsights_sitenote_note":"","_monsterinsights_sitenote_category":0},"product_brand":[],"product_cat":[126,195],"product_tag":[],"class_list":{"0":"post-531","1":"product","2":"type-product","3":"status-publish","4":"has-post-thumbnail","6":"product_cat-blumen","7":"product_cat-indica-sorten","9":"first","10":"instock","11":"shipping-taxable","12":"purchasable","13":"product-type-variable"},"_links":{"self":[{"href":"https:\/\/caliweedonlineshop.com\/fr\/wp-json\/wp\/v2\/product\/531","targetHints":{"allow":["GET"]}}],"collection":[{"href":"https:\/\/caliweedonlineshop.com\/fr\/wp-json\/wp\/v2\/product"}],"about":[{"href":"https:\/\/caliweedonlineshop.com\/fr\/wp-json\/wp\/v2\/types\/product"}],"replies":[{"embeddable":true,"href":"https:\/\/caliweedonlineshop.com\/fr\/wp-json\/wp\/v2\/comments?post=531"}],"wp:featuredmedia":[{"embeddable":true,"href":"https:\/\/caliweedonlineshop.com\/fr\/wp-json\/wp\/v2\/media\/532"}],"wp:attachment":[{"href":"https:\/\/caliweedonlineshop.com\/fr\/wp-json\/wp\/v2\/media?parent=531"}],"wp:term":[{"taxonomy":"product_brand","embeddable":true,"href":"https:\/\/caliweedonlineshop.com\/fr\/wp-json\/wp\/v2\/product_brand?post=531"},{"taxonomy":"product_cat","embeddable":true,"href":"https:\/\/caliweedonlineshop.com\/fr\/wp-json\/wp\/v2\/product_cat?post=531"},{"taxonomy":"product_tag","embeddable":true,"href":"https:\/\/caliweedonlineshop.com\/fr\/wp-json\/wp\/v2\/product_tag?post=531"}],"curies":[{"name":"wp","href":"https:\/\/api.w.org\/{rel}","templated":true}]}}