{"id":537,"date":"2023-01-14T13:11:23","date_gmt":"2023-01-14T13:11:23","guid":{"rendered":"https:\/\/caliweedonlineshop.com\/?post_type=product&#038;p=537"},"modified":"2023-01-14T13:13:50","modified_gmt":"2023-01-14T13:13:50","slug":"ak-47","status":"publish","type":"product","link":"https:\/\/caliweedonlineshop.com\/fr\/product\/ak-47\/","title":{"rendered":"AK-47"},"content":{"rendered":"<h1>Acheter de l'herbe AK 47 en ligne<\/h1>\n<p>Achetez de l'herbe AK47 en ligne. Ne laissez pas le nom intense vous tromper : AK-47 vous laissera d\u00e9tendu et moelleux. Cette vari\u00e9t\u00e9 \u00e0 dominance sativa est un m\u00e9lange de vari\u00e9t\u00e9s colombiennes, mexicaines, tha\u00eflandaises et afghanes qui produit un m\u00e9lange complexe de saveurs et d'effets. AK-47 peut produire un high c\u00e9r\u00e9bral stable et durable qui vous gardera mentalement alerte<\/p>\n<p>et engag\u00e9s dans des activit\u00e9s cr\u00e9atives ou sociales. Alors que son parfum est acide et terreux, ses douces notes florales prennent tout leur sens en bouche.<\/p>\n<p>&nbsp;<\/p>","protected":false},"excerpt":{"rendered":"<p>AK-47 a une courte p\u00e9riode de floraison pour une sativa et produit des t\u00eates compactes et pas trop feuillues qui scintillent d'une couche de cristaux de r\u00e9sine. Les graines f\u00e9minis\u00e9es AK-47 (BC) sont un must absolu ! Fini rapidement comme Lowryder avec un rendement beaucoup plus important.<\/p>\n<p>&nbsp;<\/p>","protected":false},"featured_media":538,"comment_status":"open","ping_status":"closed","template":"","meta":{"om_disable_all_campaigns":false,"_monsterinsights_skip_tracking":false,"_monsterinsights_sitenote_active":false,"_monsterinsights_sitenote_note":"","_monsterinsights_sitenote_category":0},"product_brand":[],"product_cat":[126,245],"product_tag":[246,215,205,232,247],"class_list":{"0":"post-537","1":"product","2":"type-product","3":"status-publish","4":"has-post-thumbnail","6":"product_cat-blumen","7":"product_cat-hybrid-sorten","8":"product_tag-ak-47-unkraut-online-kaufen-in-europa","9":"product_tag-ak-47-weed-online-kaufen-in-australien","10":"product_tag-ak-47-weed-online-kaufen-in-deutschland","11":"product_tag-ak-47-weed-online-kaufen-in-los-angeles","12":"product_tag-ak-47-weed-online-kaufen-in-mexiko","14":"first","15":"instock","16":"shipping-taxable","17":"purchasable","18":"product-type-variable"},"_links":{"self":[{"href":"https:\/\/caliweedonlineshop.com\/fr\/wp-json\/wp\/v2\/product\/537","targetHints":{"allow":["GET"]}}],"collection":[{"href":"https:\/\/caliweedonlineshop.com\/fr\/wp-json\/wp\/v2\/product"}],"about":[{"href":"https:\/\/caliweedonlineshop.com\/fr\/wp-json\/wp\/v2\/types\/product"}],"replies":[{"embeddable":true,"href":"https:\/\/caliweedonlineshop.com\/fr\/wp-json\/wp\/v2\/comments?post=537"}],"wp:featuredmedia":[{"embeddable":true,"href":"https:\/\/caliweedonlineshop.com\/fr\/wp-json\/wp\/v2\/media\/538"}],"wp:attachment":[{"href":"https:\/\/caliweedonlineshop.com\/fr\/wp-json\/wp\/v2\/media?parent=537"}],"wp:term":[{"taxonomy":"product_brand","embeddable":true,"href":"https:\/\/caliweedonlineshop.com\/fr\/wp-json\/wp\/v2\/product_brand?post=537"},{"taxonomy":"product_cat","embeddable":true,"href":"https:\/\/caliweedonlineshop.com\/fr\/wp-json\/wp\/v2\/product_cat?post=537"},{"taxonomy":"product_tag","embeddable":true,"href":"https:\/\/caliweedonlineshop.com\/fr\/wp-json\/wp\/v2\/product_tag?post=537"}],"curies":[{"name":"wp","href":"https:\/\/api.w.org\/{rel}","templated":true}]}}