{"id":543,"date":"2023-01-14T13:24:50","date_gmt":"2023-01-14T13:24:50","guid":{"rendered":"https:\/\/caliweedonlineshop.com\/?post_type=product&#038;p=543"},"modified":"2023-01-14T13:26:12","modified_gmt":"2023-01-14T13:26:12","slug":"banana-kush","status":"publish","type":"product","link":"https:\/\/caliweedonlineshop.com\/fr\/product\/banana-kush\/","title":{"rendered":"Banana kush"},"content":{"rendered":"<h1>Acheter Banana Kush en ligne<\/h1>\n<p>Acheter Banana Kush en ligne. Cette vari\u00e9t\u00e9 l\u00e9gendaire de la c\u00f4te ouest se croise <a href=\"https:\/\/www.leafly.com\/strains\/ghost-og\" target=\"_blank\" rel=\"noopener\">Ghost OG<\/a> und <a href=\"https:\/\/www.wikileaf.com\/strain\/skunk-haze\/\" target=\"_blank\" rel=\"noopener\">Skunk Haze<\/a>pour cr\u00e9er un hybride \u00e0 dominance indica qui sent et a le go\u00fbt d'un boisseau de bananes fra\u00eeches. La Banana Kush a tendance \u00e0 produire un high doux accompagn\u00e9 d'une sensation d'euphorie d\u00e9tendue.<\/p>\n<p>Banana Kush est un excellent choix en cas de stress ou de d\u00e9pression. Il stimule \u00e9galement la cr\u00e9ativit\u00e9 et peut vous aider \u00e0 rester bavard dans les contextes sociaux.<\/p>\n<p>Banana Kush est une vari\u00e9t\u00e9 avec une solide r\u00e9putation. Banane Kush. Cette vari\u00e9t\u00e9 de la c\u00f4te ouest est connue pour sa saveur de banane et un excellent m\u00e9lange d'euphorie et de somnolence. Mod\u00e9r\u00e9ment difficile \u00e0 cultiver, \u00e0 faible rendement, elle est l'enfant de Ghost OG et Skunk Haze.<\/p>\n<h5>Labortest-Ergebnisse:<\/h5>\n<p>THC: 25%.<\/p>\n<p>CBD: 0,7%<\/p>\n<h2>Acheter Banana Kush en ligne<\/h2>\n<h4>Exp\u00e9rience banane Kush<\/h4>\n<p>Bien qu'essentiellement indica, Banana Kush a \u00e9galement certains des effets d'une sativa. Elle produit un high physique tr\u00e8s fort et est id\u00e9ale pour les insomniaques car elle est tr\u00e8s somnolente. Ses effets induisant le sommeil sont si puissants que la plupart des consommateurs de marijuana gardent cette vari\u00e9t\u00e9 pour l'heure du coucher - m\u00eame les amateurs de cannabis chevronn\u00e9s auront du mal \u00e0 garder les yeux ouverts pour cette vari\u00e9t\u00e9. Acheter de l'herbe en ligne en Europe<\/p>\n<p>Avant de s'endormir, les consommateurs de marijuana ressentent un agr\u00e9able high euphorique et une v\u00e9ritable am\u00e9lioration de l'humeur qui fait fondre le stress de la journ\u00e9e. Certains utilisateurs remarquent des yeux secs, une bouche s\u00e8che et un peu de parano\u00efa lorsqu'ils consomment de plus grandes quantit\u00e9s. Ceci est particuli\u00e8rement important \u00e0 garder \u00e0 l'esprit si vous d\u00e9butez avec la marijuana <a href=\"https:\/\/caliweedonlineshop.com\/index.php\/product\/paris-og\/\">Paris OG<\/a><\/p>\n<p>Banana Kush a un profil de saveur quelque peu l\u00e9gendaire. Elle est un croisement entre Skunk Haze et Ghost OG et a une saveur de banane distinctive. Accompagn\u00e9 d'ar\u00f4mes fruit\u00e9s et tropicaux, certains amateurs de marijuana remarqueront \u00e9galement une saveur bois\u00e9e. L'ar\u00f4me distinctif de banane est indubitable une fois que cette vari\u00e9t\u00e9 est br\u00fbl\u00e9e, remplissant la pi\u00e8ce d'une fum\u00e9e douce et fruit\u00e9e. Obama Kush<\/p>\n<p>En accord avec les odeurs et les go\u00fbts s\u00e9duisants, cette vari\u00e9t\u00e9 a un bel attrait sur l'\u00e9tag\u00e8re. Avec des feuilles aux couleurs vives et des pistils couleur p\u00eache recouverts d'une bonne dose de trichomes blancs, Lemon Zkittle est une jolie herbe qui ne manquera pas de faire revenir les amateurs de cannabis. Biscuit Super Og<\/p>\n<h3>Avantages m\u00e9dicinaux de Banana Kush<\/h3>\n<p>De toute la famille OG Kush, cette vari\u00e9t\u00e9 est l'une des plus douces, ce qui la rend populaire aupr\u00e8s des patients de marijuana \u00e0 des fins m\u00e9dicales qui d\u00e9couvrent la consommation de cannabis ou qui ne fument peut-\u00eatre pas souvent. Quatre-quarts \u00e0 la banane<\/p>\n<p>Comme d\u00e9j\u00e0 mentionn\u00e9, cette vari\u00e9t\u00e9 est excellente pour les personnes souffrant d'insomnie gr\u00e2ce \u00e0 ses puissants effets s\u00e9datifs.<\/p>\n<p>Les personnes souffrant de marijuana aux prises avec des sympt\u00f4mes de d\u00e9pression appr\u00e9cieront la sensation \u00e9difiante et euphorique que cette vari\u00e9t\u00e9 offre<\/p>\n<p>Le fort effet indica en fait une excellente vari\u00e9t\u00e9 pour traiter la douleur chronique.<\/p>","protected":false},"excerpt":{"rendered":"<p>Banana Kush online kaufen Banana Kush online kaufen. Diese legend\u00e4re Sorte von der Westk\u00fcste kreuzt Ghost OG und Skunk Haze, um einen indicadominierten Hybriden zu schaffen, der wie ein Scheffel frischer Bananen riecht und schmeckt. Banana Kush neigt dazu, neben einem entspannten Gef\u00fchl der Euphorie einen sanften Rausch zu erzeugen. Banana Kush ist eine gute [&hellip;]<\/p>","protected":false},"featured_media":544,"comment_status":"open","ping_status":"closed","template":"","meta":{"om_disable_all_campaigns":false,"_monsterinsights_skip_tracking":false,"_monsterinsights_sitenote_active":false,"_monsterinsights_sitenote_note":"","_monsterinsights_sitenote_category":0},"product_brand":[],"product_cat":[126,245],"product_tag":[],"class_list":{"0":"post-543","1":"product","2":"type-product","3":"status-publish","4":"has-post-thumbnail","6":"product_cat-blumen","7":"product_cat-hybrid-sorten","9":"first","10":"instock","11":"shipping-taxable","12":"purchasable","13":"product-type-variable"},"_links":{"self":[{"href":"https:\/\/caliweedonlineshop.com\/fr\/wp-json\/wp\/v2\/product\/543","targetHints":{"allow":["GET"]}}],"collection":[{"href":"https:\/\/caliweedonlineshop.com\/fr\/wp-json\/wp\/v2\/product"}],"about":[{"href":"https:\/\/caliweedonlineshop.com\/fr\/wp-json\/wp\/v2\/types\/product"}],"replies":[{"embeddable":true,"href":"https:\/\/caliweedonlineshop.com\/fr\/wp-json\/wp\/v2\/comments?post=543"}],"wp:featuredmedia":[{"embeddable":true,"href":"https:\/\/caliweedonlineshop.com\/fr\/wp-json\/wp\/v2\/media\/544"}],"wp:attachment":[{"href":"https:\/\/caliweedonlineshop.com\/fr\/wp-json\/wp\/v2\/media?parent=543"}],"wp:term":[{"taxonomy":"product_brand","embeddable":true,"href":"https:\/\/caliweedonlineshop.com\/fr\/wp-json\/wp\/v2\/product_brand?post=543"},{"taxonomy":"product_cat","embeddable":true,"href":"https:\/\/caliweedonlineshop.com\/fr\/wp-json\/wp\/v2\/product_cat?post=543"},{"taxonomy":"product_tag","embeddable":true,"href":"https:\/\/caliweedonlineshop.com\/fr\/wp-json\/wp\/v2\/product_tag?post=543"}],"curies":[{"name":"wp","href":"https:\/\/api.w.org\/{rel}","templated":true}]}}