{"id":549,"date":"2023-01-14T13:33:35","date_gmt":"2023-01-14T13:33:35","guid":{"rendered":"https:\/\/caliweedonlineshop.com\/?post_type=product&#038;p=549"},"modified":"2023-01-16T06:47:58","modified_gmt":"2023-01-16T06:47:58","slug":"banana-runtz","status":"publish","type":"product","link":"https:\/\/caliweedonlineshop.com\/fr\/product\/banana-runtz\/","title":{"rendered":"Banana runtz"},"content":{"rendered":"<h1>Achetez la souche Banana Runtz en ligne en Su\u00e8de<\/h1>\n<p>Achetez la souche Banana Runtz en ligne en Su\u00e8de. La souche White Runtz est essentiellement un runtz enrob\u00e9 de THC avec le m\u00eame go\u00fbt sucr\u00e9. Les t\u00eates sont denses et enti\u00e8rement couvertes de trichomes. La White Runtz est une mauvaise herbe violette recouverte de trichomes blancs. Le nom de cette vari\u00e9t\u00e9 la d\u00e9crit tr\u00e8s bien. Acheter Banane Runtz en ligne. Acheter Sharklato Runtz \u00e0 Buenos Aires<\/p>\n<p>Runtz est une marque de marijuana \u00e9mergente bas\u00e9e \u00e0 LOS ANGELES, en CALIFORNIE, qui a \u00e9t\u00e9 d\u00e9couverte par le rappeur hip hop \"Yunglb_litt\" qui porte l'industrie de la marijuana du 21e si\u00e8cle \u00e0 un tout autre niveau. La marque existe depuis 2017 \u00e0 la hausse mais a connu un boom au d\u00e9but de 2019, lorsque la marque a propos\u00e9 la strat\u00e9gie de lib\u00e9rer les diff\u00e9rentes saveurs de la marque, ils l'ont fait par le co-fondateur lan\u00e7ant diff\u00e9rentes collaborations avec diff\u00e9rents rappeurs comme Moneybagg Yo, Playboi Carti, Young thugs YSL Gang , Nav, etc. , o\u00f9 la renomm\u00e9e du rappeur sert d'arme commerciale importante pour augmenter non seulement la popularit\u00e9 de la marque, mais aussi les ventes. Buy Banana Runtz Online est une vari\u00e9t\u00e9 de cannabis hybride de Californie que beaucoup d\u00e9criraient comme des bonbons, avec un profil terp\u00e9nique et une gamme extr\u00eamement diversifi\u00e9e de g\u00e9notypes qui peuvent avoir un effet dramatique sur vous. Par cons\u00e9quent, il est tr\u00e8s difficile de dire si Banana Runtz est un hybride indica ou sativa car diff\u00e9rents g\u00e9notypes tendent dans des directions diff\u00e9rentes. Cela concerne \u00e9galement les niveaux de THC et de CBD mesur\u00e9s sur une base de croissance. Achetez des champignons magiques cubains en ligne.<\/p>\n<h2>Acheter Banana Runtz Strain en ligne en Su\u00e8de<\/h2>\n<p>Runtz est une souche largement r\u00e9pandue dans la culture et la publicit\u00e9 derri\u00e8re l'emballage des produits \u00e0 base de cannabis parmi les fumeurs de cannabis.En plus de l'apparence du bourgeon, les producteurs de cette souche ont nomm\u00e9 la souche Banana Runtz en fonction de sa douceur sucr\u00e9e, de son profil aromatique et gustatif. . Une fois compl\u00e8tement s\u00e9ch\u00e9s et trait\u00e9s, les consommateurs devraient pouvoir voir les couleurs au-del\u00e0 du vert. Les t\u00eates fortes et compactes de Runtz affichent \u00e9galement une gamme vibrante de couleurs allant du bleu et du violet au vert fonc\u00e9 et \u00e0 l'orange vif. Bien que la vari\u00e9t\u00e9 Banana Runtz soit extr\u00eamement difficile \u00e0 trouver, nous vous simplifions le processus. Nous vendons la meilleure vari\u00e9t\u00e9 de Banana Runtz disponible sur le march\u00e9 <a href=\"https:\/\/caliweedonlineshop.com\/fr\/\">wo man Gras online kaufen kann<\/a><\/p>\n<p>Achetez la souche Banana Runtz en ligne en Su\u00e8de. La plupart des commentaires sur Runtz d\u00e9crivent la vari\u00e9t\u00e9 comme euphorique et apaisante, ce qui est caract\u00e9ristique de la plupart des hybrides, qu'ils soient \u00e0 dominante indica ou sativa. Beaucoup notent que cette souche est utile pour la gestion du stress, l'anxi\u00e9t\u00e9 et la douleur chronique. Vous pouvez vous attendre \u00e0 ce que vos soucis et vos probl\u00e8mes disparaissent sous la couverture \u00e9crasante de relaxation qu'est Banana Runtz apr\u00e8s l'avoir allum\u00e9 et pris cette premi\u00e8re bouff\u00e9e. Non seulement vous vous sentirez incroyable, mais vous obtiendrez \u00e9galement le d\u00e9licieux arri\u00e8re-go\u00fbt de bonbon de la fum\u00e9e dans votre bouche. Vous vous sentirez probablement satisfait et euphorique, mais pas assez pour quitter le b\u00e2timent. Apr\u00e8s une s\u00e9ance de banana runtz, trouvez un endroit confortable pour vous d\u00e9gourdir les jambes et vous d\u00e9tendre pendant que votre stress physique se dissipe et que votre esprit se d\u00e9veloppe. Pour d'autres, cela signifie allumer la t\u00e9l\u00e9vision et regarder une \u00e9mission. Habituellement, vous vous d\u00e9foncez apr\u00e8s avoir fum\u00e9 de l'herbe, il est donc temps de vous d\u00e9foncer. Acheter Banana Runtz Strain en ligne en Su\u00e8de.<\/p>","protected":false},"excerpt":{"rendered":"<p>La souche White Runtz est essentiellement Runtz avec du THC et le m\u00eame go\u00fbt sucr\u00e9. Les t\u00eates sont denses et enti\u00e8rement couvertes de trichomes<\/p>\n<p>&nbsp;<\/p>","protected":false},"featured_media":550,"comment_status":"open","ping_status":"closed","template":"","meta":{"om_disable_all_campaigns":false,"_monsterinsights_skip_tracking":false,"_monsterinsights_sitenote_active":false,"_monsterinsights_sitenote_note":"","_monsterinsights_sitenote_category":0},"product_brand":[],"product_cat":[245,126,351],"product_tag":[202,253,254,248,249,250,255,257,256,251,252,235],"class_list":{"0":"post-549","1":"product","2":"type-product","3":"status-publish","4":"has-post-thumbnail","6":"product_cat-hybrid-sorten","7":"product_cat-blumen","8":"product_cat-marken-cannabis","9":"product_tag-alice-brownies-online-kaufen-in-new-york","10":"product_tag-banana-runtz-in-new-hampshire-kaufen","11":"product_tag-banana-runtz-in-vermont-kaufen","12":"product_tag-banana-runtz-kaufen","13":"product_tag-banana-runtz-kaufen-in","14":"product_tag-banana-runtz-kaufen-in-alaska","15":"product_tag-banana-runtz-online-kaufen","16":"product_tag-cdb-brownies-online-in-texas-kaufen","17":"product_tag-kaufen-banana-runtz-online-in-texas","18":"product_tag-kaufen-sie-banana-runtz-in-arkansas","19":"product_tag-kaufen-sie-banana-runtz-in-massachusetts","20":"product_tag-kirschtorte-online-kaufen-in-arklohaham","22":"first","23":"instock","24":"shipping-taxable","25":"purchasable","26":"product-type-variable"},"_links":{"self":[{"href":"https:\/\/caliweedonlineshop.com\/fr\/wp-json\/wp\/v2\/product\/549","targetHints":{"allow":["GET"]}}],"collection":[{"href":"https:\/\/caliweedonlineshop.com\/fr\/wp-json\/wp\/v2\/product"}],"about":[{"href":"https:\/\/caliweedonlineshop.com\/fr\/wp-json\/wp\/v2\/types\/product"}],"replies":[{"embeddable":true,"href":"https:\/\/caliweedonlineshop.com\/fr\/wp-json\/wp\/v2\/comments?post=549"}],"wp:featuredmedia":[{"embeddable":true,"href":"https:\/\/caliweedonlineshop.com\/fr\/wp-json\/wp\/v2\/media\/550"}],"wp:attachment":[{"href":"https:\/\/caliweedonlineshop.com\/fr\/wp-json\/wp\/v2\/media?parent=549"}],"wp:term":[{"taxonomy":"product_brand","embeddable":true,"href":"https:\/\/caliweedonlineshop.com\/fr\/wp-json\/wp\/v2\/product_brand?post=549"},{"taxonomy":"product_cat","embeddable":true,"href":"https:\/\/caliweedonlineshop.com\/fr\/wp-json\/wp\/v2\/product_cat?post=549"},{"taxonomy":"product_tag","embeddable":true,"href":"https:\/\/caliweedonlineshop.com\/fr\/wp-json\/wp\/v2\/product_tag?post=549"}],"curies":[{"name":"wp","href":"https:\/\/api.w.org\/{rel}","templated":true}]}}