{"id":555,"date":"2023-01-14T13:42:28","date_gmt":"2023-01-14T13:42:28","guid":{"rendered":"https:\/\/caliweedonlineshop.com\/?post_type=product&#038;p=555"},"modified":"2023-01-16T06:47:32","modified_gmt":"2023-01-16T06:47:32","slug":"biscotti","status":"publish","type":"product","link":"https:\/\/caliweedonlineshop.com\/fr\/product\/biscotti\/","title":{"rendered":"biscotti"},"content":{"rendered":"<h1>Acheter des biscottis en ligne en Europe<\/h1>\n<p>Achetez des biscottis en ligne en Europe. Biscotti est une rare vari\u00e9t\u00e9 hybride \u00e0 dominance indica (80 % indica\/20 % sativa) cr\u00e9\u00e9e par un d\u00e9licieux croisement entre les vari\u00e9t\u00e9s classiques Gelato #25 X Girl Scout Cookies X South Florida OG. Si vous cherchez une indica classique avec un go\u00fbt incroyablement d\u00e9licieux, ne cherchez pas plus loin. Biscotti offre tout ce que vous d\u00e9sirez et plus encore en termes d'effets et de saveurs dans chaque d\u00e9licieuse bouff\u00e9e, le tout avec un niveau de THC moyen tr\u00e8s \u00e9lev\u00e9 de 25 %. Le high de Biscotti d\u00e9marre avec une vague d'effets c\u00e9r\u00e9braux qui transportent votre esprit dans un \u00e9tat pur et distant de bonheur non focalis\u00e9. Au fur et \u00e0 mesure que votre esprit s'installe, un high physique apaisant envahira votre corps, vous permettant de Asseyez-vous et d\u00e9tendez-vous sans vous soucier du monde. Ce high devient rapidement gloussant et pierreux. Champignon magique Big Mex en ligne aux \u00c9tats-Unis.<\/p>\n<p>Achetez des biscottis en ligne en Europe. Biscotti Strain Genetics Commandez en ligne. Cette vari\u00e9t\u00e9 a \u00e9t\u00e9 d\u00e9velopp\u00e9e par Cookies Fam. Ils pr\u00e9tendent \u00eatre les pionniers de bon nombre de ces vari\u00e9t\u00e9s extraordinairement puissantes, et il est difficile d'\u00eatre en d\u00e9saccord. Biscotti est un croisement entre; acheter des pierres de lune<\/p>\n<p>Gelato #25<br \/>\nPfadfinderinnen-Kekse<br \/>\nGorilla Glue #4<br \/>\nBien qu'il soit difficile de dire si cela est tout \u00e0 fait exact, car certaines personnes disent que c'est Gelato x South Florida OG, c'est certainement l'un de ces combos. Gelato est une vari\u00e9t\u00e9 de Frankenstein \u00e0 part enti\u00e8re, et Gorilla Glue #4 et Girl Scout Cookies sont deux des vari\u00e9t\u00e9s les plus c\u00e9l\u00e8bres au monde. Biscotti est une vari\u00e9t\u00e9 ultime avec peut-\u00eatre l'un des meilleurs profils de saveur de l'industrie. O\u00f9 acheter de la marijuana en ligne aux Pays-Bas.<\/p>\n<h2>Acheter des biscottis en ligne en Europe<\/h2>\n<p>C'est le vrai kicker. Malheureusement, comme les graines ne sont pas disponibles en ligne et que la vari\u00e9t\u00e9 est g\u00e9n\u00e9ralement tr\u00e8s rare, le prix est tr\u00e8s \u00e9lev\u00e9. \u00c0 Amsterdam, vous devrez probablement payer au moins 40 $ le gramme. Ce sera un peu moins cher en Am\u00e9rique du Nord, mais toujours pas bon march\u00e9, de loin. Un gramme co\u00fbte au moins 25 $ dans une pharmacie en Californie. Mais pour sa force, cela en vaut probablement la peine. Acheter de la marijuana en ligne en Pologne<\/p>\n<p>BISCOTTI WEED SORTE GESCHMACK<\/p>\n<p>Fruchtig<br \/>\nNussig<br \/>\nW\u00fcrzig<br \/>\nZuckrig<br \/>\nS\u00fc\u00df<br \/>\nBiscotti est d\u00e9finitivement une vari\u00e9t\u00e9 que vous voudrez d\u00e9couvrir dans un vaporisateur Flower. Bien qu'elle soit \u00e9galement l'une de ces vari\u00e9t\u00e9s qui a bon go\u00fbt, peu importe la fa\u00e7on dont vous la fumez, cela vaut vraiment la peine de sortir votre fid\u00e8le vaporisateur de fleurs pour cette vari\u00e9t\u00e9. C'est facilement l'une des vari\u00e9t\u00e9s les plus savoureuses sur le march\u00e9 \u00e0 l'heure actuelle, et la br\u00fbler n'affecte que tr\u00e8s peu la saveur. Lorsque vous utilisez un vaporisateur, aucune combustion n'a lieu et l'\u00e9l\u00e9gant profil de saveur de Biscotti reste intact. Si vous broyez d'abord l'herbe, elle a encore meilleur go\u00fbt dans votre vaporisateur.<\/p>","protected":false},"excerpt":{"rendered":"<p>La g\u00e9n\u00e9tique des cookies a ses racines dans bon nombre des meilleures vari\u00e9t\u00e9s du march\u00e9. De nombreuses vari\u00e9t\u00e9s ont leur g\u00e9n\u00e9tique et vous ne les connaissez peut-\u00eatre m\u00eame pas. Donc, notez que la souche de cannabis Biscotti est un croisement classique de Cookies d'une souche OG du sud : Gelato #25 crois\u00e9 avec South Florida OG.<\/p>\n<p>&nbsp;<\/p>","protected":false},"featured_media":556,"comment_status":"open","ping_status":"closed","template":"","meta":{"om_disable_all_campaigns":false,"_monsterinsights_skip_tracking":false,"_monsterinsights_sitenote_active":false,"_monsterinsights_sitenote_note":"","_monsterinsights_sitenote_category":0},"product_brand":[],"product_cat":[126,245,351],"product_tag":[],"class_list":{"0":"post-555","1":"product","2":"type-product","3":"status-publish","4":"has-post-thumbnail","6":"product_cat-blumen","7":"product_cat-hybrid-sorten","8":"product_cat-marken-cannabis","10":"first","11":"instock","12":"shipping-taxable","13":"purchasable","14":"product-type-variable"},"_links":{"self":[{"href":"https:\/\/caliweedonlineshop.com\/fr\/wp-json\/wp\/v2\/product\/555","targetHints":{"allow":["GET"]}}],"collection":[{"href":"https:\/\/caliweedonlineshop.com\/fr\/wp-json\/wp\/v2\/product"}],"about":[{"href":"https:\/\/caliweedonlineshop.com\/fr\/wp-json\/wp\/v2\/types\/product"}],"replies":[{"embeddable":true,"href":"https:\/\/caliweedonlineshop.com\/fr\/wp-json\/wp\/v2\/comments?post=555"}],"wp:featuredmedia":[{"embeddable":true,"href":"https:\/\/caliweedonlineshop.com\/fr\/wp-json\/wp\/v2\/media\/556"}],"wp:attachment":[{"href":"https:\/\/caliweedonlineshop.com\/fr\/wp-json\/wp\/v2\/media?parent=555"}],"wp:term":[{"taxonomy":"product_brand","embeddable":true,"href":"https:\/\/caliweedonlineshop.com\/fr\/wp-json\/wp\/v2\/product_brand?post=555"},{"taxonomy":"product_cat","embeddable":true,"href":"https:\/\/caliweedonlineshop.com\/fr\/wp-json\/wp\/v2\/product_cat?post=555"},{"taxonomy":"product_tag","embeddable":true,"href":"https:\/\/caliweedonlineshop.com\/fr\/wp-json\/wp\/v2\/product_tag?post=555"}],"curies":[{"name":"wp","href":"https:\/\/api.w.org\/{rel}","templated":true}]}}