{"id":561,"date":"2023-01-14T16:31:58","date_gmt":"2023-01-14T16:31:58","guid":{"rendered":"https:\/\/caliweedonlineshop.com\/?post_type=product&#038;p=561"},"modified":"2023-01-14T16:31:59","modified_gmt":"2023-01-14T16:31:59","slug":"blue-dream","status":"publish","type":"product","link":"https:\/\/caliweedonlineshop.com\/fr\/product\/blue-dream\/","title":{"rendered":"Blue Dream"},"content":{"rendered":"<h1>Achetez Blue Dreams en ligne<\/h1>\n<p>Achetez Blue Dreams en ligne. Hybride \u00e0 dominance sativa de Californie, Blue Dream a atteint un statut l\u00e9gendaire parmi les vari\u00e9t\u00e9s de la c\u00f4te ouest. Blue Dream est un croisement entre Blueberry et Haze qui \u00e9tablit un \u00e9quilibre entre relaxation physique et l\u00e9g\u00e8re \u00e9l\u00e9vation c\u00e9r\u00e9brale. Les utilisateurs novices et exp\u00e9riment\u00e9s appr\u00e9cieront les effets doux de Blue Dream, qui induiront doucement une euphorie calme.<\/p>\n<p>Avec un ar\u00f4me de baies sucr\u00e9es rappelant sa plante m\u00e8re, Blueberry, Blue Dream soulage rapidement les sympt\u00f4mes sans \u00eatre trop s\u00e9datif. Cela fait de Blue Dream un m\u00e9dicament quotidien populaire pour les patients qui traitent la douleur, la d\u00e9pression, les naus\u00e9es et d'autres conditions qui n\u00e9cessitent une souche riche en THC.<\/p>\n<p>le genre<\/p>\n<p>Blue Dream est une vari\u00e9t\u00e9 hybride \u00e0 dominance sativa originaire de Californie, pays de merveilleux ph\u00e9notypes et du Golden State lui-m\u00eame. Cette souche hybride impeccable a ciment\u00e9 sa r\u00e9putation comme l'une des meilleures souches de la c\u00f4te ouest de tous les temps et se situe au sommet de la hi\u00e9rarchie du cannabis bien qu'il s'agisse d'une souche \"b\u00e9b\u00e9\", ou ph\u00e9notype, n\u00e9e seulement au 21e si\u00e8cle moderne. profile des c\u00e9l\u00e9brit\u00e9s et a \u00e9t\u00e9 not\u00e9 par des rappeurs tels que Juicy J, qui a m\u00eame nomm\u00e9 une chanson d'apr\u00e8s la souche, Snoop Dogg et l'artiste populaire et d\u00e9fenseur du cannabis Willie Nelson, qui l'a f\u00e9licit\u00e9e pour ses louanges sonores enivrantes mais productives et \u00e9nergiques.<\/p>\n<h2>Achetez Blue Dreams en ligne<\/h2>\n<p>Effets<\/p>\n<p>Blue Dream est un croisement entre Blueberry et Haze. Alors que ses souches parentales sont des ph\u00e9notypes contrast\u00e9s, Blue Dream m\u00e9lange parfaitement le high corporel apaisant et relaxant ou le verrouillage du canap\u00e9 des souches indica avec la nature c\u00e9r\u00e9brale, euphorique et \u00e9difiante de son anc\u00eatre sativa, ce qui en fait une excellente souche polyvalente. M\u00eame en tant que vari\u00e9t\u00e9 hybride \u00e0 dominance sativa, elle a du punch, avec une concentration moyenne notable de THC de 20 %. Ce niveau \u00e9lev\u00e9 de THC doit \u00eatre pris par pr\u00e9caution car le high de cette vari\u00e9t\u00e9 est tr\u00e8s fort et frappe rapidement. En fumant, les utilisateurs remarqueront imm\u00e9diatement que les effets de Blue Dream sont diff\u00e9rents des autres vari\u00e9t\u00e9s. Avec une \u00e9trange harmonie entre la sensation d'un high corporel s\u00e9datif et une motivation, \u00e9tat d'esprit euphorique et c\u00e9r\u00e9bral, il n'est pas surprenant que Blue Dream soit l'une des vari\u00e9t\u00e9s les plus populaires disponibles aujourd'hui. acheter de l'herbe en ligne Europe Outre ses utilisations r\u00e9cr\u00e9atives, cet hybride a \u00e9galement de nombreux avantages th\u00e9rapeutiques. Blue Dream est efficace pour traiter les maux de t\u00eate, l'anxi\u00e9t\u00e9, la d\u00e9pression, le stress et les douleurs mineures.<br \/>\nApparence et ar\u00f4me<\/p>\n<p>Blue Dream est une belle vari\u00e9t\u00e9 hybride avec un \u00e9norme attrait. M\u00eame pour une vari\u00e9t\u00e9 hybride \u00e0 dominante sativa, elle a des bourgeons de taille moyenne avec des feuilles vert vif et une quantit\u00e9 minimale de trichomes ou de poils orange. C'est une plante facile \u00e0 cultiver qui produit presque toujours des bourgeons denses et denses recouverts d'une belle couche de trichomes de THC. Blue Dream apporte plus qu'une belle apparence physique et un attrait de sac, car ces p\u00e9pites de r\u00eave m\u00e9langent de d\u00e9licieuses saveurs de myrtilles sucr\u00e9es et un sucre terreux doux ou une essence semblable \u00e0 la vanille.<\/p>","protected":false},"excerpt":{"rendered":"<p>Hybride \u00e0 dominance sativa originaire de Californie, Blue Dream a atteint un statut l\u00e9gendaire parmi les vari\u00e9t\u00e9s de la c\u00f4te ouest. Blue Dream est un croisement entre Blueberry et Haze qui \u00e9tablit un \u00e9quilibre entre relaxation physique et l\u00e9g\u00e8re \u00e9l\u00e9vation c\u00e9r\u00e9brale.<\/p>\n<p>&nbsp;<\/p>","protected":false},"featured_media":562,"comment_status":"open","ping_status":"closed","template":"","meta":{"om_disable_all_campaigns":false,"_monsterinsights_skip_tracking":false,"_monsterinsights_sitenote_active":false,"_monsterinsights_sitenote_note":"","_monsterinsights_sitenote_category":0},"product_brand":[],"product_cat":[245,126],"product_tag":[],"class_list":{"0":"post-561","1":"product","2":"type-product","3":"status-publish","4":"has-post-thumbnail","6":"product_cat-hybrid-sorten","7":"product_cat-blumen","9":"first","10":"instock","11":"shipping-taxable","12":"purchasable","13":"product-type-variable"},"_links":{"self":[{"href":"https:\/\/caliweedonlineshop.com\/fr\/wp-json\/wp\/v2\/product\/561","targetHints":{"allow":["GET"]}}],"collection":[{"href":"https:\/\/caliweedonlineshop.com\/fr\/wp-json\/wp\/v2\/product"}],"about":[{"href":"https:\/\/caliweedonlineshop.com\/fr\/wp-json\/wp\/v2\/types\/product"}],"replies":[{"embeddable":true,"href":"https:\/\/caliweedonlineshop.com\/fr\/wp-json\/wp\/v2\/comments?post=561"}],"wp:featuredmedia":[{"embeddable":true,"href":"https:\/\/caliweedonlineshop.com\/fr\/wp-json\/wp\/v2\/media\/562"}],"wp:attachment":[{"href":"https:\/\/caliweedonlineshop.com\/fr\/wp-json\/wp\/v2\/media?parent=561"}],"wp:term":[{"taxonomy":"product_brand","embeddable":true,"href":"https:\/\/caliweedonlineshop.com\/fr\/wp-json\/wp\/v2\/product_brand?post=561"},{"taxonomy":"product_cat","embeddable":true,"href":"https:\/\/caliweedonlineshop.com\/fr\/wp-json\/wp\/v2\/product_cat?post=561"},{"taxonomy":"product_tag","embeddable":true,"href":"https:\/\/caliweedonlineshop.com\/fr\/wp-json\/wp\/v2\/product_tag?post=561"}],"curies":[{"name":"wp","href":"https:\/\/api.w.org\/{rel}","templated":true}]}}