{"id":567,"date":"2023-01-14T16:37:17","date_gmt":"2023-01-14T16:37:17","guid":{"rendered":"https:\/\/caliweedonlineshop.com\/?post_type=product&#038;p=567"},"modified":"2023-01-16T06:47:21","modified_gmt":"2023-01-16T06:47:21","slug":"blueberry","status":"publish","type":"product","link":"https:\/\/caliweedonlineshop.com\/fr\/product\/blueberry\/","title":{"rendered":"Blueberry"},"content":{"rendered":"<h1>Acheter une vari\u00e9t\u00e9 de marijuana Blueberry en ligne en Allemagne<\/h1>\n<p>Achetez une vari\u00e9t\u00e9 de marijuana Blueberry en ligne en Allemagne. La myrtille est une indica populaire et savoureuse<a href=\"https:\/\/caliweedonlineshop.com\/index.php\/product-category\/blumen\/hybrid-sorten\/\">Hybrid<\/a> avec un solide squelette g\u00e9n\u00e9tique. C'est un croisement \u00e0 trois entre un parent Indica Afghani et des parents variantes Sativa Thai et Purple Thai. Blueberry a \u00e9t\u00e9 d\u00e9velopp\u00e9 \u00e0 l'origine dans les ann\u00e9es 1970 ou 80 par DJ Short, un s\u00e9lectionneur secret mais prolifique surnomm\u00e9 le \"Willy Wonka of the Pot\". Blueberry pr\u00e9sente une odeur et un go\u00fbt distinctifs de myrtilles fra\u00eeches qui en ont fait une favorite de tous les temps. La myrtille est populaire dans tout le pays. Elle a re\u00e7u les meilleures notes pour la meilleure Indica et la meilleure vari\u00e9t\u00e9 globale \u00e0 la High Times Cannabis Cup 2000. La myrtille a une teneur en THC entre 15 % et 24 %. Blueberry est une vari\u00e9t\u00e9 des ann\u00e9es 1970 qui est toujours tr\u00e8s populaire. Cette belle indica a un calme, effet relaxant et euphorisant. C'est une vari\u00e9t\u00e9 prim\u00e9e cr\u00e9\u00e9e pour la premi\u00e8re fois par le l\u00e9gendaire DJ Short. Myrtille.<br \/>\nBlueberry est une vari\u00e9t\u00e9 de marijuana indica classique cr\u00e9\u00e9e par le l\u00e9gendaire <a href=\"https:\/\/twitter.com\/djshort?ref_src=twsrc%5Egoogle%7Ctwcamp%5Eserp%7Ctwgr%5Eauthor\" target=\"_blank\" rel=\"noopener\">DJ Short<\/a> a \u00e9t\u00e9 \u00e9lev\u00e9. Achetez une vari\u00e9t\u00e9 de marijuana Blueberry en ligne en Allemagne.<\/p>","protected":false},"excerpt":{"rendered":"<p>Les myrtilles peuvent \u00eatre cultiv\u00e9es \u00e0 l'int\u00e9rieur et \u00e0 l'ext\u00e9rieur, mais la culture \u00e0 l'ext\u00e9rieur n\u00e9cessite des conditions restrictives comme une humidit\u00e9 mod\u00e9r\u00e9e et des temp\u00e9ratures diurnes constantes entre 72 et 80 degr\u00e9s Fahrenheit.<\/p>\n<p>&nbsp;<\/p>","protected":false},"featured_media":568,"comment_status":"open","ping_status":"closed","template":"","meta":{"om_disable_all_campaigns":false,"_monsterinsights_skip_tracking":false,"_monsterinsights_sitenote_active":false,"_monsterinsights_sitenote_note":"","_monsterinsights_sitenote_category":0},"product_brand":[],"product_cat":[126,245,351],"product_tag":[],"class_list":{"0":"post-567","1":"product","2":"type-product","3":"status-publish","4":"has-post-thumbnail","6":"product_cat-blumen","7":"product_cat-hybrid-sorten","8":"product_cat-marken-cannabis","10":"first","11":"instock","12":"shipping-taxable","13":"purchasable","14":"product-type-variable"},"_links":{"self":[{"href":"https:\/\/caliweedonlineshop.com\/fr\/wp-json\/wp\/v2\/product\/567","targetHints":{"allow":["GET"]}}],"collection":[{"href":"https:\/\/caliweedonlineshop.com\/fr\/wp-json\/wp\/v2\/product"}],"about":[{"href":"https:\/\/caliweedonlineshop.com\/fr\/wp-json\/wp\/v2\/types\/product"}],"replies":[{"embeddable":true,"href":"https:\/\/caliweedonlineshop.com\/fr\/wp-json\/wp\/v2\/comments?post=567"}],"wp:featuredmedia":[{"embeddable":true,"href":"https:\/\/caliweedonlineshop.com\/fr\/wp-json\/wp\/v2\/media\/568"}],"wp:attachment":[{"href":"https:\/\/caliweedonlineshop.com\/fr\/wp-json\/wp\/v2\/media?parent=567"}],"wp:term":[{"taxonomy":"product_brand","embeddable":true,"href":"https:\/\/caliweedonlineshop.com\/fr\/wp-json\/wp\/v2\/product_brand?post=567"},{"taxonomy":"product_cat","embeddable":true,"href":"https:\/\/caliweedonlineshop.com\/fr\/wp-json\/wp\/v2\/product_cat?post=567"},{"taxonomy":"product_tag","embeddable":true,"href":"https:\/\/caliweedonlineshop.com\/fr\/wp-json\/wp\/v2\/product_tag?post=567"}],"curies":[{"name":"wp","href":"https:\/\/api.w.org\/{rel}","templated":true}]}}