{"id":573,"date":"2023-01-14T16:42:40","date_gmt":"2023-01-14T16:42:40","guid":{"rendered":"https:\/\/caliweedonlineshop.com\/?post_type=product&#038;p=573"},"modified":"2023-01-16T06:47:09","modified_gmt":"2023-01-16T06:47:09","slug":"cherry","status":"publish","type":"product","link":"https:\/\/caliweedonlineshop.com\/fr\/product\/cherry\/","title":{"rendered":"cherry"},"content":{"rendered":"<h1>Cherry Meringue Souche en ligne dans Island kaufen<\/h1>\n<p>Achetez la vari\u00e9t\u00e9 Cherry Meringue en ligne en Islande. Cherry OG est un hybride landrace avec un effet \u00e9quilibr\u00e9 et un go\u00fbt terreux et fruit\u00e9. Cette vari\u00e9t\u00e9 nous vient d'Emerald Triangle Seeds, les producteurs qui sont \u00e9galement responsables d'Emerald Jack. C'est un croisement entre une Sativa tha\u00eflandaise et une Indica afghane qui a \u00e9t\u00e9 r\u00e9trocrois\u00e9e avec sa m\u00e8re tha\u00eflandaise d'origine, puis crois\u00e9e \u00e0 nouveau avec l'hybride d'agrumes Lost Coast OG. Un excellent choix pour une productivit\u00e9 toute la journ\u00e9e ou une introspection en douceur, Cherry OG a une puissance qui a \u00e9t\u00e9 mesur\u00e9e entre 10 % et 23 % de THC. Cherry OG poss\u00e8de des t\u00eates incroyablement grandes qui s'accrochent ensemble dans une structure dense, typiquement indica. Ces fleurs surdimensionn\u00e9es sont de forme presque conique, sont larges \u00e0 la base et nettement effil\u00e9s \u00e0 l'extr\u00e9mit\u00e9. Les feuilles dens\u00e9ment emball\u00e9es sont d'une teinte terreuse vert olive et sont entrecoup\u00e9es de pistils poilus de couleur rouille. Enfin, des trichomes blancs translucides recouvrent les t\u00eates, les rendant tr\u00e8s collantes et difficiles \u00e0 broyer \u00e0 moins d'utiliser un broyeur de qualit\u00e9. Acheter Pink Runtz en Arabie Saoudite<\/p>\n<p>Achetez la vari\u00e9t\u00e9 Cherry Meringue en ligne en Islande. Lorsqu'elles sont correctement s\u00e9ch\u00e9es, les t\u00eates de Cherry OG d\u00e9gagent en fait des notes l\u00e9g\u00e8rement florales de cerises. Une inspection plus approfondie r\u00e9v\u00e8le \u00e9galement un ar\u00f4me astringent rappelant l'essence, h\u00e9rit\u00e9 du Chemdawg dans la g\u00e9n\u00e9tique de la souche m\u00e8re Lost Coast OG. Il y a aussi un go\u00fbt l\u00e9g\u00e8rement citrique et aigre qui se cache en dessous. Le broyage de ces bourgeons r\u00e9sineux t\u00e9moigne de l'h\u00e9ritage afghan de Cherry OG, avec des odeurs de hasch et d'encens presque irr\u00e9sistibles de notes de baies. Lorsqu'il est br\u00fbl\u00e9, ce bourgeon br\u00fble avec une fum\u00e9e douce et facile qui a un go\u00fbt subtil de cerise et de myrtille, avec quelques vapeurs de diesel ajout\u00e9es \u00e0 l'expiration.<\/p>\n<h2>Cherry Meringue Souche en ligne dans Island kaufen<\/h2>\n<p>Cherry OG offre ce qui peut \u00eatre d\u00e9crit comme un high rampant qui se construit r\u00e9guli\u00e8rement jusqu'\u00e0 ce que le fumeur ne puisse s'emp\u00eacher de succomber \u00e0 ses effets. Avec une pouss\u00e9e sur le devant de la t\u00eate, les utilisateurs peuvent remarquer le d\u00e9but d'une association de pens\u00e9e rapide. Ce picotement de t\u00eate est bon pour se concentrer sur des t\u00e2ches aussi compliqu\u00e9es que le tri de votre bo\u00eete de r\u00e9ception ou aussi banales que le m\u00e9nage de printemps. Dans le bon environnement, l'\u00e9nergie mentale peut \u00e9galement \u00eatre tr\u00e8s sociable, encourager la camaraderie et stimuler la conversation. Contrairement \u00e0 certains hybrides, o\u00f9 le c\u00f4t\u00e9 indica de la vari\u00e9t\u00e9 \u00e9merge dans une seconde phase plus prononc\u00e9e, Cherry OG semble offrir un effet constamment \u00e9quilibr\u00e9, avec une sensation de relaxation toujours pr\u00e9sente. Le verrouillage du canap\u00e9 n'est pas couramment signal\u00e9 et la clart\u00e9 dure longtemps. Lorsque vous vous sentez actif et \u00e0 l'ext\u00e9rieur, la vari\u00e9t\u00e9 peut pr\u00e9parer le terrain pour une longue promenade dans la nature ; dans des circonstances plus d\u00e9tendues, vous pouvez simplement vous d\u00e9connecter et profiter d'un bon album ou d'un bon film. La polyvalence de Cherry OG la rend adapt\u00e9e \u00e0 une utilisation en journ\u00e9e ou en soir\u00e9e. Cependant, les fumeurs devraient s'abstenir de profiter de cette vari\u00e9t\u00e9 juste avant de se coucher, car ses effets \u00e9labor\u00e9s peuvent les garder alertes et hyperactifs.<\/p>\n<p>Les effets consid\u00e9rables de Cherry OG peuvent \u00e9galement \u00eatre b\u00e9n\u00e9fiques pour les patients atteints de cannabis m\u00e9dical. Il peut avoir un effet analg\u00e9sique efficace sur les douleurs l\u00e9g\u00e8res et temporaires ou chroniques caus\u00e9es par des conditions telles que l'arthrite ou la fibromyalgie. Son \u00e9nergie positive soutenue peut \u00e9galement combattre les sympt\u00f4mes de stress et de d\u00e9pression l\u00e9gers \u00e0 mod\u00e9r\u00e9s, aidant les utilisateurs \u00e0 passer leur temps de mani\u00e8re plus consciente. Dans certains cas, la t\u00eate claire de la souche peut \u00eatre b\u00e9n\u00e9fique pour les patients souffrant de troubles d\u00e9ficitaires de l'attention. Enfin, Cherry OG est connue pour provoquer la sensation de faim, ce qui en fait un bon compl\u00e9ment pour ceux qui ont perdu l'app\u00e9tit en raison d'une maladie grave ou de m\u00e9dicaments. Bien que tr\u00e8s \u00e9quilibr\u00e9 Le high c\u00e9r\u00e9bral de Cherry OG peut \u00eatre d\u00e9sorientant pour certaines personnes, et il n'est pas recommand\u00e9 aux utilisateurs qui ont tendance \u00e0 paniquer ou qui ont une faible tol\u00e9rance au THC. Heureusement, Emerald Triangle propose des graines de culture maison Cherry OG \u00e0 vendre en ligne. Elle peut \u00eatre cultiv\u00e9e \u00e0 l'int\u00e9rieur ou \u00e0 l'ext\u00e9rieur dans des climats constamment chauds et semi-humides ; c'est-\u00e0-dire que les g\u00e8nes de race locale robustes de la vari\u00e9t\u00e9 la rendent raisonnablement r\u00e9sistante aux conditions d\u00e9favorables telles que les fluctuations de temp\u00e9rature et d'humidit\u00e9. Les plantes Cherry OG sont des plantes sativa et peuvent atteindre de grandes hauteurs - les cultivateurs en int\u00e9rieur doivent s'assurer de former leurs plantes t\u00f4t avec la taille et la taille. Acheter Florida Cake Jungle Boys. La longue p\u00e9riode de floraison de Cherry's OG est \u00e9galement caract\u00e9ristique d'une sativa : elle fleurit en 9 \u00e0 10 semaines lorsqu'elle est cultiv\u00e9e en int\u00e9rieur et est pr\u00eate \u00e0 \u00eatre r\u00e9colt\u00e9e d\u00e9but octobre lorsqu'elle est cultiv\u00e9e en ext\u00e9rieur. Achetez la vari\u00e9t\u00e9 Cherry Meringue en ligne en Islande.<\/p>","protected":false},"excerpt":{"rendered":"<p>Cherry OG est un hybride landrace avec un effet \u00e9quilibr\u00e9 et un go\u00fbt terreux et fruit\u00e9. Cette souche nous vient d'Emerald Triangle Seeds, les producteurs sont \u00e9galement responsables d'Emerald<\/p>\n<p>&nbsp;<\/p>","protected":false},"featured_media":574,"comment_status":"open","ping_status":"closed","template":"","meta":{"om_disable_all_campaigns":false,"_monsterinsights_skip_tracking":false,"_monsterinsights_sitenote_active":false,"_monsterinsights_sitenote_note":"","_monsterinsights_sitenote_category":0},"product_brand":[],"product_cat":[245,126,351],"product_tag":[203,233,266,258,259,260,261,262,263,264,265],"class_list":{"0":"post-573","1":"product","2":"type-product","3":"status-publish","4":"has-post-thumbnail","6":"product_cat-hybrid-sorten","7":"product_cat-blumen","8":"product_cat-marken-cannabis","9":"product_tag-cdb-brownies-online-kaufen-in-texas","10":"product_tag-chapo-kekse-in-alaska-kaufen","11":"product_tag-garrison-lane-online-kaufen-in-new-york","12":"product_tag-kirsche-online-kaufen-in-colorado","13":"product_tag-kirsche-online-kaufen-in-denver","14":"product_tag-kirsche-online-kaufen-in-illinois","15":"product_tag-kirsche-online-kaufen-in-nevada","16":"product_tag-kirsche-online-kaufen-in-new-york","17":"product_tag-kirsche-online-kaufen-in-texas","18":"product_tag-kirsche-online-kaufen-in-usa","19":"product_tag-kirsche-online-kaufen-online","21":"first","22":"instock","23":"shipping-taxable","24":"purchasable","25":"product-type-variable"},"_links":{"self":[{"href":"https:\/\/caliweedonlineshop.com\/fr\/wp-json\/wp\/v2\/product\/573","targetHints":{"allow":["GET"]}}],"collection":[{"href":"https:\/\/caliweedonlineshop.com\/fr\/wp-json\/wp\/v2\/product"}],"about":[{"href":"https:\/\/caliweedonlineshop.com\/fr\/wp-json\/wp\/v2\/types\/product"}],"replies":[{"embeddable":true,"href":"https:\/\/caliweedonlineshop.com\/fr\/wp-json\/wp\/v2\/comments?post=573"}],"wp:featuredmedia":[{"embeddable":true,"href":"https:\/\/caliweedonlineshop.com\/fr\/wp-json\/wp\/v2\/media\/574"}],"wp:attachment":[{"href":"https:\/\/caliweedonlineshop.com\/fr\/wp-json\/wp\/v2\/media?parent=573"}],"wp:term":[{"taxonomy":"product_brand","embeddable":true,"href":"https:\/\/caliweedonlineshop.com\/fr\/wp-json\/wp\/v2\/product_brand?post=573"},{"taxonomy":"product_cat","embeddable":true,"href":"https:\/\/caliweedonlineshop.com\/fr\/wp-json\/wp\/v2\/product_cat?post=573"},{"taxonomy":"product_tag","embeddable":true,"href":"https:\/\/caliweedonlineshop.com\/fr\/wp-json\/wp\/v2\/product_tag?post=573"}],"curies":[{"name":"wp","href":"https:\/\/api.w.org\/{rel}","templated":true}]}}