{"id":579,"date":"2023-01-14T16:47:25","date_gmt":"2023-01-14T16:47:25","guid":{"rendered":"https:\/\/caliweedonlineshop.com\/?post_type=product&#038;p=579"},"modified":"2023-01-16T06:46:58","modified_gmt":"2023-01-16T06:46:58","slug":"dosilato","status":"publish","type":"product","link":"https:\/\/caliweedonlineshop.com\/fr\/product\/dosilato\/","title":{"rendered":"dosilato"},"content":{"rendered":"<h1>Acheter Dosilato en ligne au Liechtenstein<\/h1>\n<p>Achetez Dosilato en ligne au Liechtenstein. La Dosilato Flower de Connected Cannabis Co. est un hybride terreux-doux avec une fum\u00e9e douce. BUY GROW (par gramme) Le high qui en r\u00e9sulte est souvent capiteux et concentr\u00e9 avec un bourdonnement l\u00e9ger et \u00e9nergisant dans le corps. Cela peut vous faire vous sentir un peu \u00e9lectrique, presque nerveux, lorsque vous manquez de sommeil. Cake Mix\/Mintz La fleur Dosilato de Connected Cannabis Co. est un hybride terreux-doux avec une fum\u00e9e douce. Le high qui en r\u00e9sulte est souvent enivrant et concentr\u00e9 avec un bourdonnement l\u00e9ger et \u00e9nergisant dans le corps. Vous pouvez vous sentir un peu \u00e9lectrique, presque nerveux, alors que vous n'avez besoin que d'un peu de sommeil. Achetez des champignons magiques cubains en ligne.<\/p>\n<h2>Acheter Dosilato en ligne au Liechtenstein<\/h2>\n<p>Donato, \u00e9galement connue sous le nom de Do-Si-Lato ou Dosilato, est une vari\u00e9t\u00e9 \u00e0 dominance indica cr\u00e9\u00e9e en croisant Do-Si-Dos avec Gelato #41. Cette vari\u00e9t\u00e9 a un beau spectre de couleurs dans ses colas - du vert clair au vert fonc\u00e9 et du violet bordeaux \u00e0 l'orange vif, le tout saupoudr\u00e9 de trichomes ressemblant \u00e0 des diamants. Le profil terp\u00e9nique de Donato pr\u00e9sente un parfum fruit\u00e9 et terreux suivi d'une douce saveur de lavande. Donato vous permet de vous sentir calme et sans stress, ce qui le rend parfait pour une soir\u00e9e relaxante, peut-\u00eatre associ\u00e9e \u00e0 un bain et un livre. Le m\u00e9lange de ces deux souches puissantes (decides x gelato) donne un ar\u00f4me fou qui est piquant, doux et terreux, avec une l\u00e9g\u00e8re note florale. Ces saveurs se marient bien avec l'effet physique, tendant vers le c\u00f4t\u00e9 s\u00e9datif. Kurupt Moon Rock Profitez de l'histoire haut mes amis, la fleur Dosilato de Cannabis Co. est un hybride terreux-doux avec une fum\u00e9e douce. Le high qui en r\u00e9sulte est souvent capiteux et concentr\u00e9 avec un bourdonnement l\u00e9ger et \u00e9nergisant dans le corps. Vous pouvez vous sentir un peu \u00e9lectrique, presque nerveux, lorsque vous \u00eates sur le point de vous endormir. La fleur Dosilato de Lemon Zkittle Connected Cannabis Co. est un hybride terreux-doux avec une fum\u00e9e douce. Le high qui en r\u00e9sulte est souvent enivrant et focalis\u00e9 par la lumi\u00e8re. bourdonnement stimulant dans le corps. Vous pouvez vous sentir un peu \u00e9lectrique, presque nerveux, lorsque vous \u00eates sur le point de vous endormir. La fleur Dosilato de Lemon Zkittle Connected Cannabis Co. est un hybride terreux-doux avec une fum\u00e9e douce. Le high qui en r\u00e9sulte est souvent enivrant et focalis\u00e9 par la lumi\u00e8re. bourdonnement stimulant dans le corps. Vous pouvez vous sentir un peu \u00e9lectrique, presque nerveux, lorsque vous \u00eates sur le point d'aller au lit. La fleur Dosilato de Lemon Zkittle Connected Cannabis Co. est un hybride terreux-doux avec une fum\u00e9e douce. Le high qui en r\u00e9sulte est souvent enivrant et focalis\u00e9 par la lumi\u00e8re.<\/p>","protected":false},"excerpt":{"rendered":"<p>\u00e9galement connue sous le nom de Do-Si-Lato ou Dosilato, est une vari\u00e9t\u00e9 \u00e0 dominante indica cr\u00e9\u00e9e en croisant Do-Si-Dos avec Gelato #41. Cette vari\u00e9t\u00e9 a un beau spectre de couleurs dans ses colas - du vert clair au vert fonc\u00e9 et du violet bordeaux \u00e0 l'orange vif, le tout saupoudr\u00e9 de trichomes ressemblant \u00e0 des diamants.<\/p>\n<p>&nbsp;<\/p>","protected":false},"featured_media":580,"comment_status":"open","ping_status":"closed","template":"","meta":{"om_disable_all_campaigns":false,"_monsterinsights_skip_tracking":false,"_monsterinsights_sitenote_active":false,"_monsterinsights_sitenote_note":"","_monsterinsights_sitenote_category":0},"product_brand":[],"product_cat":[126,245,351],"product_tag":[],"class_list":{"0":"post-579","1":"product","2":"type-product","3":"status-publish","4":"has-post-thumbnail","6":"product_cat-blumen","7":"product_cat-hybrid-sorten","8":"product_cat-marken-cannabis","10":"first","11":"instock","12":"shipping-taxable","13":"purchasable","14":"product-type-variable"},"_links":{"self":[{"href":"https:\/\/caliweedonlineshop.com\/fr\/wp-json\/wp\/v2\/product\/579","targetHints":{"allow":["GET"]}}],"collection":[{"href":"https:\/\/caliweedonlineshop.com\/fr\/wp-json\/wp\/v2\/product"}],"about":[{"href":"https:\/\/caliweedonlineshop.com\/fr\/wp-json\/wp\/v2\/types\/product"}],"replies":[{"embeddable":true,"href":"https:\/\/caliweedonlineshop.com\/fr\/wp-json\/wp\/v2\/comments?post=579"}],"wp:featuredmedia":[{"embeddable":true,"href":"https:\/\/caliweedonlineshop.com\/fr\/wp-json\/wp\/v2\/media\/580"}],"wp:attachment":[{"href":"https:\/\/caliweedonlineshop.com\/fr\/wp-json\/wp\/v2\/media?parent=579"}],"wp:term":[{"taxonomy":"product_brand","embeddable":true,"href":"https:\/\/caliweedonlineshop.com\/fr\/wp-json\/wp\/v2\/product_brand?post=579"},{"taxonomy":"product_cat","embeddable":true,"href":"https:\/\/caliweedonlineshop.com\/fr\/wp-json\/wp\/v2\/product_cat?post=579"},{"taxonomy":"product_tag","embeddable":true,"href":"https:\/\/caliweedonlineshop.com\/fr\/wp-json\/wp\/v2\/product_tag?post=579"}],"curies":[{"name":"wp","href":"https:\/\/api.w.org\/{rel}","templated":true}]}}