{"id":585,"date":"2023-01-14T16:51:18","date_gmt":"2023-01-14T16:51:18","guid":{"rendered":"https:\/\/caliweedonlineshop.com\/?post_type=product&#038;p=585"},"modified":"2023-01-16T06:46:49","modified_gmt":"2023-01-16T06:46:49","slug":"ether","status":"publish","type":"product","link":"https:\/\/caliweedonlineshop.com\/fr\/product\/ether\/","title":{"rendered":"Ether"},"content":{"rendered":"<h1>Acheter de la souche Ether Marijuana en ligne en Allemagne<\/h1>\n<p>Acheter de la souche Ether Marijuana en ligne en Allemagne. Ether est un rare hybride \u00e0 dominance indica (70 % indica\/30 % sativa) qui est une coupe sp\u00e9ciale \u00e0 haute puissance de la tristement c\u00e9l\u00e8bre Alien Dawg, un croisement entre Chemdawg et Alien Technology. ACHETER DE LA CIRE (par gramme) Avec des niveaux de THC d\u00e9passant g\u00e9n\u00e9ralement 20 % et un effet puissant et cors\u00e9, Ether est une vari\u00e9t\u00e9 \u00e0 ne pas sous-estimer. Le high d'Ether frappe vite et fort, avec un high c\u00e9r\u00e9bral presque imm\u00e9diat d'euphorie accrue. Acheter Cake Mix\/Mintz Cet effet envahit votre esprit, vous laissant l\u00e9g\u00e8rement brumeux et \u00e9tourdi malgr\u00e9 votre bonheur. Bient\u00f4t, ce sentiment devient difficile et votre esprit sombre dans une profonde introspection et des pens\u00e9es al\u00e9atoires, ce qui vous rend la t\u00eate lourde. Cette lourdeur se propagera rapidement au reste de votre corps, vous rendant somnolent. Acheter une tarte aux cerises<\/p>\n<p>Commun\u00e9ment appel\u00e9e Alien Dawg (coupe 'Ether'), cette vari\u00e9t\u00e9 est l'un des ph\u00e9notypes les plus recherch\u00e9s de l'hybride \u00e0 dominance indica Alien Dawg et a \u00e9t\u00e9 utilis\u00e9e pour cr\u00e9er d'autres hybrides tels que Alien Abduction et Lemon Alien Dawg. Ether penche davantage vers le c\u00f4t\u00e9 Chemdawg 91 de son h\u00e9ritage et est connue pour son odeur acide intense et sa production \u00e9tonnante de trichomes. Big Mex Champignon Magique En Ligne USA<\/p>\n<h2>Acheter de la souche Ether Marijuana en ligne en Allemagne<\/h2>\n<p>Ether est une rare vari\u00e9t\u00e9 hybride \u00e0 dominante indica (70 % indica\/30 % sativa) qui est une coupe sp\u00e9ciale \u00e0 haute puissance de la tristement c\u00e9l\u00e8bre Alien Dawg, un croisement de la technologie Chemdawg X Alien. Avec des niveaux de THC g\u00e9n\u00e9ralement sup\u00e9rieurs \u00e0 20 % et un effet puissant et cors\u00e9, Ether est une vari\u00e9t\u00e9 \u00e0 ne pas sous-estimer. Le high \u00e9th\u00e9r\u00e9 frappe vite et fort, avec un high c\u00e9r\u00e9bral presque imm\u00e9diat d'euphorie accrue. acheter Lemon Zkittle Cet effet frappe votre esprit, vous laissant l\u00e9g\u00e8rement brumeux et \u00e9tourdi malgr\u00e9 votre bonheur. Tr\u00e8s vite, ce sentiment se transforme en un sentiment rocheux, plongeant votre esprit dans une profonde introspection et des pens\u00e9es al\u00e9atoires, et rendant votre t\u00eate lourde. Cette lourdeur se propage rapidement au reste de votre corps, vous rendant somnolent et fatigu\u00e9. acheter Kurupt Moon Rock. Commun\u00e9ment appel\u00e9e Alien Dawg (coupe 'Ether'), cette vari\u00e9t\u00e9 est l'un des ph\u00e9notypes les plus recherch\u00e9s de l'hybride \u00e0 dominance indica Alien Dawg et a \u00e9t\u00e9 utilis\u00e9e pour cr\u00e9er d'autres hybrides tels que Alien Abduction et Lemon Alien Dawg. Ether penche davantage vers le c\u00f4t\u00e9 Chemdawg 91 de son h\u00e9ritage et est connue pour son odeur acide intense et sa production \u00e9tonnante de trichomes. Acheter de la souche Ether Marijuana en ligne en Allemagne. Ether penche davantage vers le c\u00f4t\u00e9 Chemdawg 91 de son h\u00e9ritage et est connue pour son odeur acide intense et sa production \u00e9tonnante de trichomes. Acheter de la souche Ether Marijuana en ligne en Allemagne. Ether penche davantage vers le c\u00f4t\u00e9 Chemdawg 91 de son h\u00e9ritage et est connue pour son odeur acide intense et sa production \u00e9tonnante de trichomes. Acheter de la souche Ether Marijuana en ligne en Allemagne.<\/p>","protected":false},"excerpt":{"rendered":"<p>Commun\u00e9ment appel\u00e9e Alien Dawg (coupe 'Ether'), cette vari\u00e9t\u00e9 est l'un des ph\u00e9notypes les plus recherch\u00e9s de l'hybride \u00e0 dominance indica Alien Dawg et a \u00e9t\u00e9 utilis\u00e9e pour cr\u00e9er d'autres hybrides tels que Alien Abduction et Lemon Alien Dawg.<\/p>\n<p>&nbsp;<\/p>","protected":false},"featured_media":586,"comment_status":"open","ping_status":"closed","template":"","meta":{"om_disable_all_campaigns":false,"_monsterinsights_skip_tracking":false,"_monsterinsights_sitenote_active":false,"_monsterinsights_sitenote_note":"","_monsterinsights_sitenote_category":0},"product_brand":[],"product_cat":[126,245,351],"product_tag":[268,269,270,271,272,273,274,275,276,267],"class_list":{"0":"post-585","1":"product","2":"type-product","3":"status-publish","4":"has-post-thumbnail","6":"product_cat-blumen","7":"product_cat-hybrid-sorten","8":"product_cat-marken-cannabis","9":"product_tag-ether-in-kalifornien-kaufen","10":"product_tag-ether-kaufen-in-colorado","11":"product_tag-ether-kaufen-in-florida","12":"product_tag-ether-kaufen-in-new-york","13":"product_tag-ether-kaufen-in-polen","14":"product_tag-ether-kaufen-in-texas","15":"product_tag-ether-online-kaufen","16":"product_tag-fruity-pebbles-in-florida-kaufen","17":"product_tag-garrison-lane-in-virginia-kaufen","18":"product_tag-kekspackung-in-north-carolina-kaufen","20":"first","21":"instock","22":"shipping-taxable","23":"purchasable","24":"product-type-variable"},"_links":{"self":[{"href":"https:\/\/caliweedonlineshop.com\/fr\/wp-json\/wp\/v2\/product\/585","targetHints":{"allow":["GET"]}}],"collection":[{"href":"https:\/\/caliweedonlineshop.com\/fr\/wp-json\/wp\/v2\/product"}],"about":[{"href":"https:\/\/caliweedonlineshop.com\/fr\/wp-json\/wp\/v2\/types\/product"}],"replies":[{"embeddable":true,"href":"https:\/\/caliweedonlineshop.com\/fr\/wp-json\/wp\/v2\/comments?post=585"}],"wp:featuredmedia":[{"embeddable":true,"href":"https:\/\/caliweedonlineshop.com\/fr\/wp-json\/wp\/v2\/media\/586"}],"wp:attachment":[{"href":"https:\/\/caliweedonlineshop.com\/fr\/wp-json\/wp\/v2\/media?parent=585"}],"wp:term":[{"taxonomy":"product_brand","embeddable":true,"href":"https:\/\/caliweedonlineshop.com\/fr\/wp-json\/wp\/v2\/product_brand?post=585"},{"taxonomy":"product_cat","embeddable":true,"href":"https:\/\/caliweedonlineshop.com\/fr\/wp-json\/wp\/v2\/product_cat?post=585"},{"taxonomy":"product_tag","embeddable":true,"href":"https:\/\/caliweedonlineshop.com\/fr\/wp-json\/wp\/v2\/product_tag?post=585"}],"curies":[{"name":"wp","href":"https:\/\/api.w.org\/{rel}","templated":true}]}}