{"id":591,"date":"2023-01-14T17:01:33","date_gmt":"2023-01-14T17:01:33","guid":{"rendered":"https:\/\/caliweedonlineshop.com\/?post_type=product&#038;p=591"},"modified":"2023-01-14T17:01:33","modified_gmt":"2023-01-14T17:01:33","slug":"gelato","status":"publish","type":"product","link":"https:\/\/caliweedonlineshop.com\/fr\/product\/gelato\/","title":{"rendered":"Gelato"},"content":{"rendered":"<h1>Acheter de la glace en ligne<\/h1>\n<p>Achetez de la glace en ligne. Gelato (aussi appel\u00e9 \"<a href=\"https:\/\/en.wikipedia.org\/wiki\/Larry_Bird\" target=\"_blank\" rel=\"noopener\">Larry Bird<\/a>\") est s\u00e9duisant <a href=\"https:\/\/caliweedonlineshop.com\/index.php\/product-category\/blumen\/hybrid-sorten\/\">Cannabis-Hybridsorte<\/a> par Cookie Fam et Sherbinski, suivant les traces de ses parents Sunset Sherbet et Thin Mint GSC. Originaire de la r\u00e9gion de la baie de Californie, cette vari\u00e9t\u00e9 doit son nom \u00e0 l'ar\u00f4me fruit\u00e9 de type dessert qui parcourt comme un fil conducteur la famille Cookie. Ses bourgeons ont tendance \u00e0 s'\u00e9panouir dans des teintes violettes profondes, illumin\u00e9es par des poils orange vif et une couche blanche brillante de r\u00e9sine cristalline. d\u00e9butant<\/p>\n<p>devraient approcher cette centrale \u00e9lectrique de THC avec prudence, mais ceux qui ont une tol\u00e9rance \u00e9lev\u00e9e appr\u00e9cieront l'euphorie lourde de Gelato. La relaxation physique entre en jeu, mais beaucoup se trouvent encore suffisamment alertes mentalement pour rester productifs et cr\u00e9atifs lorsqu'ils d\u00e9gustent une glace tout au long de la journ\u00e9e.<\/p>\n<h2>Acheter de la glace en ligne<\/h2>\n<p><strong>INDICA %SATIVA %REINHEIT \/ POTENZENTSPANNUNGSCHLAFENDE ENERGIEEUPHORIESCHMERZLINDERUNG<\/strong><\/p>\n<p>Nom de la vari\u00e9t\u00e9 : vari\u00e9t\u00e9 de cannabis Gelato<\/p>\n<p>Dominante Sorte: Indica-dominant mit 55% Indica \/ 45% Sativa.<\/p>\n<p>Bref historique : Originaire de la Bay Area, en Californie, Gelato a \u00e9t\u00e9 d\u00e9velopp\u00e9 par Cookie Fam Genetics. Cette d\u00e9licieuse vari\u00e9t\u00e9 a \u00e9t\u00e9 cr\u00e9\u00e9e en croisant Sunset Sherbet avec Thin Mint Girl Scout Cookies. Les souches parentes sont toutes deux connues pour leurs effets cors\u00e9s.<\/p>\n<p>Cependant, ne laissez pas son joli nom vous tromper. Gelato est une vari\u00e9t\u00e9 tr\u00e8s puissante. Apr\u00e8s tout, cette d\u00e9licieuse vari\u00e9t\u00e9 poss\u00e8de toutes les meilleures qualit\u00e9s de ses vari\u00e9t\u00e9s parentes.<\/p>\n<p>Gelato frappe fort et vite. Sa teneur \u00e9lev\u00e9e en THC est connue pour induire de puissants effets psychoactifs et psych\u00e9d\u00e9liques. Ce n'est pas une vari\u00e9t\u00e9 pour les d\u00e9butants et ceux qui ne tol\u00e8rent pas bien le THC. Si vous voulez toujours les essayer, faites-le avec prudence.<\/p>\n<p>Caract\u00e9ristiques distinctives : Les bourgeons de Gelato sont l\u00e9g\u00e8rement plus petits que ceux des autres vari\u00e9t\u00e9s. Cependant, ils sont \u00e9pais et denses. Les bourgeons sont d'une couleur vert for\u00eat fonc\u00e9e entrecoup\u00e9e de poils violets et orange vifs. Les feuilles sont \u00e9galement de couleur vert for\u00eat avec une l\u00e9g\u00e8re teinte violette.<\/p>\n<p>Profil cannabino\u00efde et terp\u00e8ne : La teneur en THC de Gelato est \u00e9lev\u00e9e \u00e0 environ 20 %, bien que certains tests aient montr\u00e9 qu'elle peut atteindre 25 %. La teneur en CBD est d'environ 0,1 %, certains tests montrant des niveaux de CBD aussi \u00e9lev\u00e9s que 1,59 %. La teneur en CBN est faible \u00e0 0,07 %.<br \/>\nDas Terpenprofil von Gelato enth\u00e4lt Myrcen, Caryophyllen und Pinen.<\/p>\n<p>Saveurs\/Ar\u00f4mes : Gelato porte bien son doux nom. Il a un ar\u00f4me doux et terreux avec de d\u00e9licieuses notes de myrtilles et d'oranges. Il a \u00e9galement une odeur douce et bois\u00e9e, avec des notes puissantes de fruits comme les baies, les cerises et les agrumes comme le citron et le citron vert. Vous remarquerez \u00e9galement quelques nuances de lavande.<\/p>\n<p>Effets : Gelato est une vari\u00e9t\u00e9 \u00e0 dominance indica dont les effets c\u00e9r\u00e9braux et physiques peuvent vous frapper rapidement et fort. Vous pouvez m\u00eame ressentir les effets puissants avant d'expirer.<br \/>\nVous ressentirez d'abord un high c\u00e9r\u00e9bral fort, qui sera rapidement suivi d'un high corporel tout aussi puissant. Ces effets vous laissent compl\u00e8tement d\u00e9tendu, calme, heureux, euphorique et exalt\u00e9. L'effet relaxant ne vous clouera cependant pas au canap\u00e9.<\/p>","protected":false},"excerpt":{"rendered":"<p>Achetez de la glace en ligne. Achetez de la glace en ligne. Achetez de la glace en ligne. La vari\u00e9t\u00e9 de cannabis est un hybride \u00e0 dominance indica 55\/45 \u00e9lev\u00e9 par Cookie Fam Genetics. Elle est connue pour elle\u2026<\/p>\n<p>&nbsp;<\/p>","protected":false},"featured_media":592,"comment_status":"open","ping_status":"closed","template":"","meta":{"om_disable_all_campaigns":false,"_monsterinsights_skip_tracking":false,"_monsterinsights_sitenote_active":false,"_monsterinsights_sitenote_note":"","_monsterinsights_sitenote_category":0},"product_brand":[],"product_cat":[126,245],"product_tag":[],"class_list":{"0":"post-591","1":"product","2":"type-product","3":"status-publish","4":"has-post-thumbnail","6":"product_cat-blumen","7":"product_cat-hybrid-sorten","9":"first","10":"instock","11":"shipping-taxable","12":"purchasable","13":"product-type-variable"},"_links":{"self":[{"href":"https:\/\/caliweedonlineshop.com\/fr\/wp-json\/wp\/v2\/product\/591","targetHints":{"allow":["GET"]}}],"collection":[{"href":"https:\/\/caliweedonlineshop.com\/fr\/wp-json\/wp\/v2\/product"}],"about":[{"href":"https:\/\/caliweedonlineshop.com\/fr\/wp-json\/wp\/v2\/types\/product"}],"replies":[{"embeddable":true,"href":"https:\/\/caliweedonlineshop.com\/fr\/wp-json\/wp\/v2\/comments?post=591"}],"wp:featuredmedia":[{"embeddable":true,"href":"https:\/\/caliweedonlineshop.com\/fr\/wp-json\/wp\/v2\/media\/592"}],"wp:attachment":[{"href":"https:\/\/caliweedonlineshop.com\/fr\/wp-json\/wp\/v2\/media?parent=591"}],"wp:term":[{"taxonomy":"product_brand","embeddable":true,"href":"https:\/\/caliweedonlineshop.com\/fr\/wp-json\/wp\/v2\/product_brand?post=591"},{"taxonomy":"product_cat","embeddable":true,"href":"https:\/\/caliweedonlineshop.com\/fr\/wp-json\/wp\/v2\/product_cat?post=591"},{"taxonomy":"product_tag","embeddable":true,"href":"https:\/\/caliweedonlineshop.com\/fr\/wp-json\/wp\/v2\/product_tag?post=591"}],"curies":[{"name":"wp","href":"https:\/\/api.w.org\/{rel}","templated":true}]}}