{"id":604,"date":"2023-01-14T17:12:19","date_gmt":"2023-01-14T17:12:19","guid":{"rendered":"https:\/\/caliweedonlineshop.com\/?post_type=product&#038;p=604"},"modified":"2023-01-16T07:01:31","modified_gmt":"2023-01-16T07:01:31","slug":"grape-jelly","status":"publish","type":"product","link":"https:\/\/caliweedonlineshop.com\/fr\/product\/grape-jelly\/","title":{"rendered":"Grape jelly"},"content":{"rendered":"<h1>Acheter une vari\u00e9t\u00e9 de marijuana Grape Jelly en ligne en Su\u00e8de<\/h1>\n<p>Achetez la souche de marijuana Grape Jelly en ligne en Su\u00e8de. commander de la gel\u00e9e de raisin \u00e0 New York. Grape Jelly est un hybride \u00e0 tendance indica avec un attrait ind\u00e9niable. Cette vari\u00e9t\u00e9 est un croisement entre la r\u00e9sineuse OG Glue et la Sweet Purple D d\u00e9riv\u00e9e de NYC Diesel. Avec sa d\u00e9licieuse saveur de fruit et un high \u00e9tonnamment \u00e9quilibr\u00e9, Grape Jelly est capable de plaire \u00e0 la fois aux amateurs d'indica et de sativa. Ses niveaux de THC ont \u00e9t\u00e9 mesur\u00e9s entre 18% et 28%.<\/p>\n<p>Grape Jelly pr\u00e9sente de gros bourgeons qui s'accrochent ensemble dans une formation conique, se r\u00e9tr\u00e9cissant d'une large base \u00e0 une pointe pointue. La composition interne de ces gros bourgeons montre une influence indica claire, avec des feuilles qui se tordent \u00e9troitement vers l'int\u00e9rieur et forment un noyau solide. Les feuilles elles-m\u00eames sont un m\u00e9lange iris\u00e9 de vert sauge et de violet fonc\u00e9 ; les pistils froiss\u00e9s de couleur rouille rendent ces bourgeons color\u00e9s encore plus accrocheurs. Enfin, la souche parente OG Glue h\u00e9rite de sa propension \u00e0 la production \u00e9lev\u00e9e de trichomes, r\u00e9sultant en une \u00e9paisse couche de trichomes blancs ros\u00e9s. Acheter une vari\u00e9t\u00e9 de marijuana Grape Jelly en ligne en Su\u00e8de<\/p>\n<p>Comme vous vous en doutez, la premi\u00e8re bouff\u00e9e de fleurs de Grape Jelly r\u00e9v\u00e9lera des notes distinctes de raisin. En y regardant de plus pr\u00e8s, cet ar\u00f4me sucr\u00e9 peut \u00eatre min\u00e9 par des odeurs aigres et puantes. \u00c9craser ou casser les bourgeons peut produire des fum\u00e9es de type diesel. Lorsqu'elle est br\u00fbl\u00e9e dans une pipe ou un joint, la gel\u00e9e de raisin br\u00fble avec une fum\u00e9e \u00e0 l'odeur agr\u00e9able, qui peut cependant irriter les papilles gustatives ou les sinus de l'utilisateur. Cette fum\u00e9e a un go\u00fbt unique d'essence aromatis\u00e9e au raisin \u00e0 l'expiration.<\/p>\n<h2>Acheter la vari\u00e9t\u00e9 de marijuana Grape Jelly en ligne en Su\u00e8de<\/h2>\n<p>Le high de Grape Jelly arrive rapidement, frappant l'utilisateur avec une pression cibl\u00e9e sur le front peu de temps apr\u00e8s avoir fum\u00e9. Cette sensation \u00e9trange peut s'accompagner de vertiges ou m\u00eame d'une stimulation des glandes salivaires. Cependant, une fois qu'ils se sont habitu\u00e9s \u00e0 ces expressions faciales \u00e9tranges, les fumeurs se retrouvent souvent \u00e0 un nouveau niveau de r\u00e9flexion. Les pens\u00e9es semblent aller plus vite ou prendre une nouvelle intensit\u00e9, et les consommateurs s'arr\u00eatent pour s'int\u00e9resser \u00e0 des concepts qui ne les int\u00e9resseraient peut-\u00eatre pas autrement. De m\u00eame, Grape Jelly peut d\u00e9clencher des \u00e9pisodes d'association de mots libres, ce qui rend la vari\u00e9t\u00e9 utile pour tout, du brainstorming au d\u00e9marrage de conversations dans des contextes sociaux. Des utilisateurs suffisamment motiv\u00e9s peut utiliser cet avantage c\u00e9r\u00e9bral pour des t\u00e2ches analytiques d\u00e9taill\u00e9es. O\u00f9 acheter de la marijuana de qualit\u00e9 sup\u00e9rieure en ligne aux Pays-Bas.<\/p>\n<p>Cependant, apr\u00e8s environ une heure, les effets physiques de Grape Jelly se font sentir, commen\u00e7ant par une sensation de lourdeur dans le tronc et les membres. L'utilisateur peut \u00e9prouver une sensation progressive de soulagement d'une tension musculaire de longue date et \u00eatre en mesure de prendre des respirations plus profondes et plus r\u00e9paratrices. Au fur et \u00e0 mesure que la dose est augment\u00e9e, cet effet relaxant peut \u00eatre amplifi\u00e9 et a le potentiel de neutraliser le fumeur, peu importe o\u00f9 il est assis ou debout. Cependant, pour ceux qui peuvent maintenir un certain niveau d'\u00e9nergie, la double stimulation corps-esprit de Grape Jelly peut \u00eatre un aphrodisiaque solide - seulement en bonne compagnie, bien s\u00fbr. En raison de son usure progressive, la gel\u00e9e de raisin est recommand\u00e9e pour une consommation en fin d'apr\u00e8s-midi jusqu'au soir. Achetez la vari\u00e9t\u00e9 de marijuana Grape Jelly en ligne en Su\u00e8de. Acheter des champignons magiques cubains en ligne<\/p>\n<p>Vari\u00e9t\u00e9 polyvalente pour les utilisateurs r\u00e9cr\u00e9atifs, Grape Jelly peut \u00e9galement avoir des avantages pour les patients atteints de cannabis m\u00e9dical. Leur \u00e9tat d'esprit concentr\u00e9 peut aider les personnes atteintes de troubles d\u00e9ficitaires de l'attention \u00e0 accomplir une t\u00e2che \u00e0 la fois. De plus, son high euphorique r\u00e9gulier peut temporairement bannir certains des sympt\u00f4mes de stress et de d\u00e9pression l\u00e9gers \u00e0 mod\u00e9r\u00e9s. Sur le plan physique du spectre, cette souche peut soulager la douleur l\u00e9g\u00e8re caus\u00e9e par l'inflammation, ainsi que la douleur r\u00e9sultant de maladies chroniques comme la MPOC ou la fibromyalgie. De plus, la tendance de Grape Jelly \u00e0 provoquer des fringales peut en faire un solide stimulant de l'app\u00e9tit pour ceux qui luttent contre les maladies digestives, la chimioth\u00e9rapie et la cachexie. Parce que le sentiment initial d'une \"race mentale\" peut \u00eatre d\u00e9sorientant dans de mauvaises circonstances, Grape Jelly n'est peut-\u00eatre pas le meilleur choix pour les patients sujets \u00e0 la panique ou \u00e0 la parano\u00efa. Champignon magique Big Mex en ligne aux \u00c9tats-Unis.<\/p>\n<p>Malheureusement, les graines de Grape Jelly ne sont pas disponibles en ligne. Au lieu de cela, ceux qui cherchent \u00e0 cultiver leur propre plante peuvent obtenir des boutures de plantes matures et saines pour propager des \u00abclones\u00bb. Celles-ci peuvent \u00eatre cultiv\u00e9es \u00e0 l'int\u00e9rieur ou \u00e0 l'ext\u00e9rieur, bien qu'un climat m\u00e9diterran\u00e9en semi-humide soit n\u00e9cessaire pour r\u00e9ussir en ext\u00e9rieur. Cependant<\/p>","protected":false},"excerpt":{"rendered":"<p>Comme vous vous en doutez, la premi\u00e8re fois que vous sentirez les fleurs de Grape Jelly, vous remarquerez des notes claires de raisin. En y regardant de plus pr\u00e8s, cet ar\u00f4me sucr\u00e9 peut \u00eatre min\u00e9 par des odeurs aigres et puantes<\/p>\n<p>&nbsp;<\/p>","protected":false},"featured_media":605,"comment_status":"open","ping_status":"closed","template":"","meta":{"om_disable_all_campaigns":false,"_monsterinsights_skip_tracking":false,"_monsterinsights_sitenote_active":false,"_monsterinsights_sitenote_note":"","_monsterinsights_sitenote_category":0},"product_brand":[],"product_cat":[126,245,351],"product_tag":[],"class_list":{"0":"post-604","1":"product","2":"type-product","3":"status-publish","4":"has-post-thumbnail","6":"product_cat-blumen","7":"product_cat-hybrid-sorten","8":"product_cat-marken-cannabis","10":"first","11":"instock","12":"featured","13":"shipping-taxable","14":"purchasable","15":"product-type-variable"},"_links":{"self":[{"href":"https:\/\/caliweedonlineshop.com\/fr\/wp-json\/wp\/v2\/product\/604","targetHints":{"allow":["GET"]}}],"collection":[{"href":"https:\/\/caliweedonlineshop.com\/fr\/wp-json\/wp\/v2\/product"}],"about":[{"href":"https:\/\/caliweedonlineshop.com\/fr\/wp-json\/wp\/v2\/types\/product"}],"replies":[{"embeddable":true,"href":"https:\/\/caliweedonlineshop.com\/fr\/wp-json\/wp\/v2\/comments?post=604"}],"wp:featuredmedia":[{"embeddable":true,"href":"https:\/\/caliweedonlineshop.com\/fr\/wp-json\/wp\/v2\/media\/605"}],"wp:attachment":[{"href":"https:\/\/caliweedonlineshop.com\/fr\/wp-json\/wp\/v2\/media?parent=604"}],"wp:term":[{"taxonomy":"product_brand","embeddable":true,"href":"https:\/\/caliweedonlineshop.com\/fr\/wp-json\/wp\/v2\/product_brand?post=604"},{"taxonomy":"product_cat","embeddable":true,"href":"https:\/\/caliweedonlineshop.com\/fr\/wp-json\/wp\/v2\/product_cat?post=604"},{"taxonomy":"product_tag","embeddable":true,"href":"https:\/\/caliweedonlineshop.com\/fr\/wp-json\/wp\/v2\/product_tag?post=604"}],"curies":[{"name":"wp","href":"https:\/\/api.w.org\/{rel}","templated":true}]}}