{"id":610,"date":"2023-01-14T17:17:43","date_gmt":"2023-01-14T17:17:43","guid":{"rendered":"https:\/\/caliweedonlineshop.com\/?post_type=product&#038;p=610"},"modified":"2023-01-16T07:01:31","modified_gmt":"2023-01-16T07:01:31","slug":"gushers","status":"publish","type":"product","link":"https:\/\/caliweedonlineshop.com\/fr\/product\/gushers\/","title":{"rendered":"Gushers"},"content":{"rendered":"<h1>Achetez la souche de marijuana Gushers en ligne en France<\/h1>\n<p>Achetez la souche de marijuana Gushers en ligne en France. La dominante indica <a href=\"https:\/\/caliweedonlineshop.com\/index.php\/product-category\/blumen\/hybrid-sorten\/\">Hybridsorte<\/a> Gushers est un croisement entre <a href=\"https:\/\/www.allbud.com\/marijuana-strains\/sativa-dominant-hybrid\/gelato-41\" target=\"_blank\" rel=\"noopener\">Gelato #41<\/a> und <a href=\"https:\/\/www.leafly.com\/strains\/triangle-kush\" target=\"_blank\" rel=\"noopener\">Triangle Kush<\/a>. Cette vari\u00e9t\u00e9 tire son nom de son parfum et de sa saveur qui imite les bonbons sucr\u00e9s et fruit\u00e9s. Elle induit un coup de pied tropical aigre-doux avec une l\u00e9g\u00e8re nuance herbac\u00e9e. Acheter Peach Kobbler Runtz au Qatar Lorsque vous voyez la vari\u00e9t\u00e9 Gushers, vous remarquerez que les p\u00e9pites s\u00e9ch\u00e9es sont longues et vert olive avec des taches vert clair dispers\u00e9es avec de fins pistils ambr\u00e9s. Les fans de Gushers ont d\u00e9clar\u00e9 que les effets de la vari\u00e9t\u00e9 sont excellents pour soulager l'anxi\u00e9t\u00e9 et la d\u00e9pression, car cela aide \u00e0 calmer leur esprit de course. Acheter des Gushers dans le Montana D'autres disent qu'ils ont utilis\u00e9 des Gushers pendant des jours paresseux car cela d\u00e9tend leurs muscles et clarifie leur esprit. Acheter Pink Runtz en Arabie Saoudite<\/p>\n<h2>Gushers Marijuana Strain acheter en ligne en France<\/h2>\n<p>La teneur en THC du cannabis de Gusher a tendance \u00e0 varier entre le milieu de l'adolescence et le milieu de la vingtaine, alors faites des recherches sur les niveaux de THC avant d'acheter ou de pr\u00e9parer une portion. Gushers est une vari\u00e9t\u00e9 hybride \u00e0 l\u00e9g\u00e8re dominance indica (60 % indica\/40 % sativa) cr\u00e9\u00e9e en croisant les vari\u00e9t\u00e9s classiques Gelato #41 X Triangle Kush. Acheter Gruntz dans le Connecticut Nomm\u00e9 d'apr\u00e8s les d\u00e9licieux bonbons, Gushers infuse les saveurs avec une combinaison de fruits tropicaux acidul\u00e9s et de riches biscuits cr\u00e9meux dans chaque bouff\u00e9e. L'ar\u00f4me suit le m\u00eame profil, mais avec une nuance l\u00e9g\u00e8rement herbac\u00e9e et des notes de raisins \u00e9pic\u00e9s. Achetez la souche de marijuana Gushers en ligne en France. Le high de Gushers n'est pas aussi fort que le go\u00fbt, avec un effet super relaxant id\u00e9al pour les nuits paresseuses pass\u00e9es \u00e0 la maison avec des amis \u00e0 regarder Netflix. Le high commence par un afflux d'euphorie picotante qui remplit l'arri\u00e8re de la t\u00eate d'un picotement l\u00e9g\u00e8rement excitant. Acheter MoneyBagg Runtz \u00e0 Dammam Cela se propage rapidement au reste de votre corps, vous laissant assez excit\u00e9 et incroyablement d\u00e9tendu. Vous ne serez pas somnolent dans cet \u00e9tat, mais compl\u00e8tement d\u00e9tendu avec tout ce qui se passe autour de vous. Acheter Gushers dans le Montana Avec ces effets et des niveaux moyens \u00e9lev\u00e9s de THC de 15 \u00e0 22 %, Gushers serait parfait pour traiter le stress chronique ou l'anxi\u00e9t\u00e9, la d\u00e9pression et la douleur chronique. Ce bourgeon a des p\u00e9pites allong\u00e9es vert olive avec des feuilles vert clair, de nombreux poils ambr\u00e9s fins et une couche de minuscules trichomes de cristal ambr\u00e9. Champignon magique Big Mex en ligne aux \u00c9tats-Unis.<\/p>\n<p>&nbsp;<\/p>\n<p>&nbsp;<\/p>\n<p>&nbsp;<\/p>\n<p>&nbsp;<\/p>","protected":false},"excerpt":{"rendered":"<p>La vari\u00e9t\u00e9 hybride \u00e0 dominante indica Gushers est un croisement entre la Gelato #41 et la Triangle Kush. Cette vari\u00e9t\u00e9 tire son nom de son parfum et de sa saveur qui imite les bonbons sucr\u00e9s et fruit\u00e9s. Elle induit un coup de pied tropical aigre-doux avec une l\u00e9g\u00e8re nuance herbac\u00e9e.<\/p>\n<p>&nbsp;<\/p>","protected":false},"featured_media":611,"comment_status":"open","ping_status":"closed","template":"","meta":{"om_disable_all_campaigns":false,"_monsterinsights_skip_tracking":false,"_monsterinsights_sitenote_active":false,"_monsterinsights_sitenote_note":"","_monsterinsights_sitenote_category":0},"product_brand":[],"product_cat":[126,245,351],"product_tag":[202,283,285,286,288,282,284,287,289,281,290],"class_list":{"0":"post-610","1":"product","2":"type-product","3":"status-publish","4":"has-post-thumbnail","6":"product_cat-blumen","7":"product_cat-hybrid-sorten","8":"product_cat-marken-cannabis","9":"product_tag-alice-brownies-online-kaufen-in-new-york","10":"product_tag-gushers-in-europa-kaufen","11":"product_tag-gushers-in-montana-kaufen","12":"product_tag-gushers-in-new-york-kaufen","13":"product_tag-gushers-in-texas-kaufen","14":"product_tag-gushers-kaufen","15":"product_tag-gushers-kaufen-in-illinois","16":"product_tag-gushers-kaufen-in-orleans","17":"product_tag-gushers-online-kaufen","18":"product_tag-keksmischung-in-north-carolina-kaufen","19":"product_tag-mitglied-berry-in-michigan-kaufen","21":"first","22":"instock","23":"featured","24":"shipping-taxable","25":"purchasable","26":"product-type-variable"},"_links":{"self":[{"href":"https:\/\/caliweedonlineshop.com\/fr\/wp-json\/wp\/v2\/product\/610","targetHints":{"allow":["GET"]}}],"collection":[{"href":"https:\/\/caliweedonlineshop.com\/fr\/wp-json\/wp\/v2\/product"}],"about":[{"href":"https:\/\/caliweedonlineshop.com\/fr\/wp-json\/wp\/v2\/types\/product"}],"replies":[{"embeddable":true,"href":"https:\/\/caliweedonlineshop.com\/fr\/wp-json\/wp\/v2\/comments?post=610"}],"wp:featuredmedia":[{"embeddable":true,"href":"https:\/\/caliweedonlineshop.com\/fr\/wp-json\/wp\/v2\/media\/611"}],"wp:attachment":[{"href":"https:\/\/caliweedonlineshop.com\/fr\/wp-json\/wp\/v2\/media?parent=610"}],"wp:term":[{"taxonomy":"product_brand","embeddable":true,"href":"https:\/\/caliweedonlineshop.com\/fr\/wp-json\/wp\/v2\/product_brand?post=610"},{"taxonomy":"product_cat","embeddable":true,"href":"https:\/\/caliweedonlineshop.com\/fr\/wp-json\/wp\/v2\/product_cat?post=610"},{"taxonomy":"product_tag","embeddable":true,"href":"https:\/\/caliweedonlineshop.com\/fr\/wp-json\/wp\/v2\/product_tag?post=610"}],"curies":[{"name":"wp","href":"https:\/\/api.w.org\/{rel}","templated":true}]}}