{"id":616,"date":"2023-01-14T17:23:20","date_gmt":"2023-01-14T17:23:20","guid":{"rendered":"https:\/\/caliweedonlineshop.com\/?post_type=product&#038;p=616"},"modified":"2023-01-16T07:01:31","modified_gmt":"2023-01-16T07:01:31","slug":"hawaiian-skunk","status":"publish","type":"product","link":"https:\/\/caliweedonlineshop.com\/fr\/product\/hawaiian-skunk\/","title":{"rendered":"Hawaiian Skunk"},"content":{"rendered":"<h1>Acheter Hawaiian Skunk en ligne en Norv\u00e8ge<\/h1>\n<p>Achetez Hawaiian Skunk en ligne en Norv\u00e8ge. Hawaiian Skunk est une vari\u00e9t\u00e9 hybride \u00e0 dominance indica (certaines plantes sont r\u00e9colt\u00e9es comme \u00e9tant \u00e0 dominance indica) qui produit des bourgeons pr\u00eats \u00e0 \u00eatre r\u00e9colt\u00e9s qui pr\u00e9sentent une gamme de tons vert fonc\u00e9 et vert clair et d\u00e9gagent un parfum rappelant les fruits avec des nuances de mouffette et de terre . Certains remarquent un soup\u00e7on de sauge.<\/p>\n<p>Les niveaux de THC se situent en moyenne entre 11 et 17 %, la puissance doit donc \u00eatre v\u00e9rifi\u00e9e avant l'achat\/la consommation. Le high est connu pour induire un effet \u00e9l\u00e9vateur chez les utilisateurs qui am\u00e9liore l'humeur et soulage la tension physique. Bien que cette vari\u00e9t\u00e9 soit \u00e0 dominance sativa, elle produit un esprit brumeux plut\u00f4t qu'une am\u00e9lioration de la concentration et induit une s\u00e9dation, c'est pourquoi la consommation \u00e0 la maison quelques heures avant le coucher est recommand\u00e9e. L'attention et la concentration diminueront, mais le consommateur flottera joyeusement dans sa propre t\u00eate. Acheter de l'herbe en ligne<\/p>\n<p>En plus de la s\u00e9cheresse de la bouche et des yeux, les effets secondaires n\u00e9gatifs incluent la parano\u00efa et les \u00e9tourdissements si la consommation d\u00e9passe la limite de tol\u00e9rance. Acheter Hawaiian Skunk en ligne en Norv\u00e8ge<\/p>\n<p>Il faut environ 11 semaines pour qu'Hawaiian Skunk fleurisse compl\u00e8tement, donc les cultivateurs impatients devraient choisir une autre vari\u00e9t\u00e9 \u00e0 cultiver.<\/p>\n<p>Hawaiian Skunk est un hybride \u00e0 dominance indica (certaines r\u00e9coltes sont class\u00e9es comme \u00e0 dominance indica) qui produit des bourgeons pr\u00eats \u00e0 \u00eatre r\u00e9colt\u00e9s qui pr\u00e9sentent une gamme de tons vert fonc\u00e9 et vert clair et d\u00e9gagent un parfum de fruit avec des nuances de skunk et de terre. Biscuit Super Og.<\/p>\n<p>Hawaiian Skunk est un hybride \u00e0 65 % indica qui produit des branches \u00e9paisses avec de gros bourgeons de couleur vert fonc\u00e9. Cette souche favorise une relaxation totale et est pr\u00e9f\u00e9r\u00e9e comme souche m\u00e9dicinale par ceux qui luttent contre l'insomnie chronique. Acheter de l'herbe en ligne<\/p>\n<p>Les parents de cette vari\u00e9t\u00e9 sont Hawaiian Indica et Skunk #1, qui ont tous deux des caract\u00e9ristiques puissantes qui correspondent \u00e0 leur ph\u00e9notype. Hawaiian Skunk tire son odeur musqu\u00e9e et skunk et son high puissant de ses racines Skunk #1, et ses propri\u00e9t\u00e9s s\u00e9datives proviennent de sa filiation indica. Acheter Hawaiian Skunk en ligne en Norv\u00e8ge<\/p>\n<p>Go\u00fbt:<\/p>\n<p>Hawaiian Skunk est tr\u00e8s savoureuse et agr\u00e9able. La saveur sucr\u00e9e et terreuse est plus \u00e9vidente \u00e0 l'inhalation et peut s'estomper en un arri\u00e8re-go\u00fbt de skunk et chimique. La fum\u00e9e de cette vari\u00e9t\u00e9 a un go\u00fbt de sauge douce m\u00e9lang\u00e9e \u00e0 des nuances bois\u00e9es et herbac\u00e9es qui persistent \u00e0 l'int\u00e9rieur de la bouche.<\/p>\n<h2>Acheter Hawaiian Skunk en ligne en Norv\u00e8ge<\/h2>\n<p>Avantages m\u00e9dicinaux de la mouffette hawa\u00efenne<\/p>\n<p>Si vous souffrez d'insomnie, cette herbe est le soulagement que vous recherchiez. En raison de ses propri\u00e9t\u00e9s fortement s\u00e9datives, les utilisateurs n'ont besoin que de quelques bouff\u00e9es pour tomber dans un sommeil profond. Le high semble \u00eatre trompeur au d\u00e9but car il induit un high initial qui rend l'utilisateur plus sociable pendant une courte p\u00e9riode, mais est rapidement remplac\u00e9 par un corps extr\u00eamement lourd et un esprit brumeux parfait pour l'heure du coucher. Cette souche peut \u00eatre b\u00e9n\u00e9fique pour les utilisateurs souffrant de naus\u00e9es et de maux de t\u00eate, ainsi que d'autres probl\u00e8mes de sant\u00e9 mentale comme la d\u00e9pression et le stress, mais n'est pas recommand\u00e9e comme traitement principal. Cette souche peut \u00e9galement aider les personnes souffrant de l\u00e9gers \u00e9pisodes de d\u00e9pression chronique car elle les fait se sentir se sentir plus \u00e9difi\u00e9 et lib\u00e9r\u00e9 des soucis constants. Achetez Hawaiian Skunk en ligne en Norv\u00e8ge. Achetez des champignons magiques cubains en ligne.<\/p>\n<p>Effets de la mouffette hawa\u00efenne<\/p>\n<p>Effets positifs:<\/p>\n<p>Hawaiian Skunk a de nombreux effets positifs qui incitent les utilisateurs \u00e0 en redemander. Cette vari\u00e9t\u00e9 vous rend non seulement incroyablement somnolent, mais aussi \u00e9difiante, relaxante et euphorique. C'est un high heureux qui conduit souvent \u00e0 une crise de rire - si le sommeil ne vient pas en premier. Le corps et l'esprit sont tous deux affect\u00e9s : alors que les mar\u00e9es du sommeil ralentissent le corps, l'esprit bourdonne de bonne humeur avant de s'effondrer. Achetez Hawaiian Skunk en ligne en Norv\u00e8ge. Acheter des comprim\u00e9s de diaz\u00e9pam 10mg en ligne<\/p>\n<p>Effets n\u00e9gatifs<\/p>\n<p>Alors que Hawaiian Skunk a surtout des effets positifs, il y a une cons\u00e9quence n\u00e9gative claire de la consommation : les \u00e9tourdissements. Les utilisateurs doivent en \u00eatre conscients et planifier en cons\u00e9quence. Il faut s'allonger confortablement et dans un endroit s\u00fbr ou aller dormir. D'autres effets secondaires, tels que la bouche s\u00e8che et les yeux secs, sont \u00e9galement possibles. Achetez Hawaiian Skunk en ligne en Norv\u00e8ge.<\/p>","protected":false},"excerpt":{"rendered":"<p>Hawaiian Skunk est super aromatique et agr\u00e9able. La saveur sucr\u00e9e et terreuse est plus \u00e9vidente \u00e0 l'inhalation et peut s'estomper en un arri\u00e8re-go\u00fbt de skunk et chimique. La fum\u00e9e de cette vari\u00e9t\u00e9 a un go\u00fbt de sauge douce m\u00e9lang\u00e9e \u00e0 des nuances bois\u00e9es et herbac\u00e9es qui persistent \u00e0 l'int\u00e9rieur de la bouche.<\/p>\n<p>&nbsp;<\/p>","protected":false},"featured_media":617,"comment_status":"open","ping_status":"closed","template":"","meta":{"om_disable_all_campaigns":false,"_monsterinsights_skip_tracking":false,"_monsterinsights_sitenote_active":false,"_monsterinsights_sitenote_note":"","_monsterinsights_sitenote_category":0},"product_brand":[],"product_cat":[126,245,351],"product_tag":[291,292,294,293,295,296,297,298],"class_list":{"0":"post-616","1":"product","2":"type-product","3":"status-publish","4":"has-post-thumbnail","6":"product_cat-blumen","7":"product_cat-hybrid-sorten","8":"product_cat-marken-cannabis","9":"product_tag-hawaiian-skunk-online-kaufen","10":"product_tag-hawaiin-skunk-online-kaufen-in-australien","11":"product_tag-hawaiin-skunk-online-kaufen-in-deutschland","12":"product_tag-hawaiin-skunk-online-kaufen-in-frankreich","13":"product_tag-hawaiin-skunk-online-kaufen-in-polen","14":"product_tag-hawaiin-skunk-online-kaufen-in-spanien","15":"product_tag-hawaiin-skunk-online-kaufen-in-uk","16":"product_tag-hawaiin-skunk-online-kaufen-usa","18":"first","19":"instock","20":"featured","21":"shipping-taxable","22":"purchasable","23":"product-type-variable"},"_links":{"self":[{"href":"https:\/\/caliweedonlineshop.com\/fr\/wp-json\/wp\/v2\/product\/616","targetHints":{"allow":["GET"]}}],"collection":[{"href":"https:\/\/caliweedonlineshop.com\/fr\/wp-json\/wp\/v2\/product"}],"about":[{"href":"https:\/\/caliweedonlineshop.com\/fr\/wp-json\/wp\/v2\/types\/product"}],"replies":[{"embeddable":true,"href":"https:\/\/caliweedonlineshop.com\/fr\/wp-json\/wp\/v2\/comments?post=616"}],"wp:featuredmedia":[{"embeddable":true,"href":"https:\/\/caliweedonlineshop.com\/fr\/wp-json\/wp\/v2\/media\/617"}],"wp:attachment":[{"href":"https:\/\/caliweedonlineshop.com\/fr\/wp-json\/wp\/v2\/media?parent=616"}],"wp:term":[{"taxonomy":"product_brand","embeddable":true,"href":"https:\/\/caliweedonlineshop.com\/fr\/wp-json\/wp\/v2\/product_brand?post=616"},{"taxonomy":"product_cat","embeddable":true,"href":"https:\/\/caliweedonlineshop.com\/fr\/wp-json\/wp\/v2\/product_cat?post=616"},{"taxonomy":"product_tag","embeddable":true,"href":"https:\/\/caliweedonlineshop.com\/fr\/wp-json\/wp\/v2\/product_tag?post=616"}],"curies":[{"name":"wp","href":"https:\/\/api.w.org\/{rel}","templated":true}]}}