{"id":622,"date":"2023-01-14T17:27:22","date_gmt":"2023-01-14T17:27:22","guid":{"rendered":"https:\/\/caliweedonlineshop.com\/?post_type=product&#038;p=622"},"modified":"2023-01-16T07:01:31","modified_gmt":"2023-01-16T07:01:31","slug":"jack","status":"publish","type":"product","link":"https:\/\/caliweedonlineshop.com\/fr\/product\/jack\/","title":{"rendered":"Jack"},"content":{"rendered":"<h1>Vari\u00e9t\u00e9s de Jack Marijuana Acheter en ligne Lituanie<\/h1>\n<p>Achetez des souches de cannabis Jack en ligne en Lituanie. Jack Herer est une vari\u00e9t\u00e9 nomm\u00e9e d'apr\u00e8s un activiste du cannabis de longue date dont le livre de 1985 The Emperor Wears No Clothes continue d'\u00eatre une source influente dans la lutte pour la d\u00e9p\u00e9nalisation et la l\u00e9galisation du cannabis. D\u00e9velopp\u00e9 par Sensi Seeds dans les ann\u00e9es 1980 ou 90, l'hybride \u00e0 dominance sativa est une vari\u00e9t\u00e9 savoureuse et toujours populaire. Jack Herer a transmis sa g\u00e9n\u00e9tique et une partie de son nom \u00e0 des vari\u00e9t\u00e9s crois\u00e9es comme Jack the Ripper, Jack's Cleaner et Jack Skellington. acheter Member Berry<\/p>\n<p>Bien que la formule g\u00e9n\u00e9tique exacte soit un secret bien gard\u00e9, on pense que Jack Herer est le produit d'une base sativa Haze et d'un croisement entre Northern Lights #5 et Shiva Skunk. Les bourgeons collants ont un parfum et une saveur orange-citron attrayants avec des notes de pin humide. Le high offre un excellent \u00e9quilibre entre effets c\u00e9r\u00e9braux et physiques, laissant le consommateur profond\u00e9ment d\u00e9tendu, mais alerte et bavard. Le go\u00fbt attrayant et les effets bien \u00e9quilibr\u00e9s de la Jack Herer l'ont rendue tr\u00e8s populaire aupr\u00e8s des consommateurs de cannabis \u00e0 des fins m\u00e9dicales et r\u00e9cr\u00e9atives ; elle a remport\u00e9 neuf titres de Cannabis Cup. Le laboratoire de cannabis Analytical 360 a mesur\u00e9 la teneur en THC des t\u00eates de Jack Herer entre 15 % et 24 %. acheter Mintz<\/p>\n<h2>Acheter des vari\u00e9t\u00e9s de Jack Marijuana en ligne Lituanie<\/h2>\n<p>Les informations g\u00e9n\u00e9rales sur cette vari\u00e9t\u00e9 sont les suivantes : Jack Herer combine un hybride Haze avec une Northern Lights #5 et un croisement Shiva Skunk. Les s\u00e9lectionneurs originaux Sensi Seeds ont cr\u00e9\u00e9 Jack Herer dans l'espoir d'atteindre \u00e0 la fois l'\u00e9l\u00e9vation c\u00e9r\u00e9brale associ\u00e9e aux vari\u00e9t\u00e9s sativa et la forte production de r\u00e9sine des vari\u00e9t\u00e9s indica. acheter Biscuit Super Og<\/p>\n<p>Son riche patrimoine g\u00e9n\u00e9tique se traduit par diff\u00e9rentes variations de Jack Herer, chaque ph\u00e9notype ayant ses propres traits et effets uniques. Ce ph\u00e9no particulier que nous avons obtenu offre un high tr\u00e8s clair et agr\u00e9able qui permet de fumer toute la journ\u00e9e, tous les jours... Achetez Jack \u00e0 Beverly Hills. quand tu veux. Acheter de l'herbe en ligne en Europe<\/p>\n<p>Si vous cherchez un m\u00e9dicament du matin, essayez Jack. Pour le prix c'est une grande fleur. Il est tr\u00e8s bien durci, permettant une combustion propre et une odeur\/go\u00fbt riche - le seul inconv\u00e9nient est que les p\u00e9pites sont un peu a\u00e9r\u00e9es, mais elles sont GROSSES. Acheter des souches de cannabis Jack en ligne Lituanie Acheter Sour Diesel<\/p>\n<p>EFFETS:<br \/>\nKreativ, Gl\u00fccklich, Euphorisch, Energetisch<\/p>\n<p>MEDIZINISCH:<br \/>\nStress, Depression, M\u00fcdigkeit<\/p>\n<p>THC:<br \/>\n21%<\/p>\n<p>CBD:<br \/>\n1.2%<\/p>\n<p>&nbsp;<\/p>\n<p>&nbsp;<\/p>\n<p>&nbsp;<\/p>\n<p>&nbsp;<\/p>","protected":false},"excerpt":{"rendered":"<p>Jack Herer est une vari\u00e9t\u00e9 nomm\u00e9e d'apr\u00e8s un activiste du cannabis de longue date dont le livre de 1985 The Emperor Wears No Clothes reste une source influente dans la lutte pour la d\u00e9p\u00e9nalisation et la l\u00e9galisation du cannabis.<\/p>\n<p>&nbsp;<\/p>","protected":false},"featured_media":623,"comment_status":"open","ping_status":"closed","template":"","meta":{"om_disable_all_campaigns":false,"_monsterinsights_skip_tracking":false,"_monsterinsights_sitenote_active":false,"_monsterinsights_sitenote_note":"","_monsterinsights_sitenote_category":0},"product_brand":[],"product_cat":[126,245,351],"product_tag":[],"class_list":{"0":"post-622","1":"product","2":"type-product","3":"status-publish","4":"has-post-thumbnail","6":"product_cat-blumen","7":"product_cat-hybrid-sorten","8":"product_cat-marken-cannabis","10":"first","11":"instock","12":"featured","13":"shipping-taxable","14":"purchasable","15":"product-type-variable"},"_links":{"self":[{"href":"https:\/\/caliweedonlineshop.com\/fr\/wp-json\/wp\/v2\/product\/622","targetHints":{"allow":["GET"]}}],"collection":[{"href":"https:\/\/caliweedonlineshop.com\/fr\/wp-json\/wp\/v2\/product"}],"about":[{"href":"https:\/\/caliweedonlineshop.com\/fr\/wp-json\/wp\/v2\/types\/product"}],"replies":[{"embeddable":true,"href":"https:\/\/caliweedonlineshop.com\/fr\/wp-json\/wp\/v2\/comments?post=622"}],"wp:featuredmedia":[{"embeddable":true,"href":"https:\/\/caliweedonlineshop.com\/fr\/wp-json\/wp\/v2\/media\/623"}],"wp:attachment":[{"href":"https:\/\/caliweedonlineshop.com\/fr\/wp-json\/wp\/v2\/media?parent=622"}],"wp:term":[{"taxonomy":"product_brand","embeddable":true,"href":"https:\/\/caliweedonlineshop.com\/fr\/wp-json\/wp\/v2\/product_brand?post=622"},{"taxonomy":"product_cat","embeddable":true,"href":"https:\/\/caliweedonlineshop.com\/fr\/wp-json\/wp\/v2\/product_cat?post=622"},{"taxonomy":"product_tag","embeddable":true,"href":"https:\/\/caliweedonlineshop.com\/fr\/wp-json\/wp\/v2\/product_tag?post=622"}],"curies":[{"name":"wp","href":"https:\/\/api.w.org\/{rel}","templated":true}]}}