{"id":628,"date":"2023-01-14T17:32:09","date_gmt":"2023-01-14T17:32:09","guid":{"rendered":"https:\/\/caliweedonlineshop.com\/?post_type=product&#038;p=628"},"modified":"2023-05-18T16:58:27","modified_gmt":"2023-05-18T16:58:27","slug":"jealousy","status":"publish","type":"product","link":"https:\/\/caliweedonlineshop.com\/fr\/product\/jealousy\/","title":{"rendered":"Jealousy"},"content":{"rendered":"<h1>Acheter une vari\u00e9t\u00e9 de marijuana Jealousy en ligne en Pologne<\/h1>\n<p>Achetez la souche de marijuana Jealousy en ligne en Pologne. Belle fleur violette, tr\u00e8s collante et dense, des poils orange vif et des feuilles vert \u00e9meraude poussent tout au long de la fleur avec des tonnes de #trichomes ACHETER DE LA CIRE (par gramme)<\/p>\n<p>Un high physique et c\u00e9r\u00e9bral fort et intense, \u00e0 action rapide, \u00e9l\u00e8vera instantan\u00e9ment votre esprit dans un nuage et fera ressentir \u00e0 votre corps toute la gravit\u00e9. Acheter des comprim\u00e9s de diaz\u00e9pam 10 mg en ligne.<\/p>\n<p>Belle fleur violette, tr\u00e8s collante et dense, des poils orange vif et des feuilles vert \u00e9meraude poussent \u00e0 travers la fleur avec des tonnes de #trichomesBuy Cake Mix\/Mintz<\/p>\n<p>Un high physique et c\u00e9r\u00e9bral fort et intense, \u00e0 action rapide, \u00e9l\u00e8vera instantan\u00e9ment votre esprit dans un nuage et fera ressentir \u00e0 votre corps toute la gravit\u00e9. Jealousy (Gelato41 x Sherb bx1) par Cookies et Mintz \u00e9lev\u00e9s par Seed Junky Genetics. Les bourgeons de jalousie ont une teinte violet fonc\u00e9 et un \u00e9clat givr\u00e9. les saveurs de la glace et du sorbet sont un mariage parfait de gaz\u00e9, de funky et de sucr\u00e9. Vous pouvez partager ou vous pouvez rendre vos amis jaloux.acheter Jupe Kurupt Moon<\/p>\n<p>Magnifique fleur violette, tr\u00e8s collante et dense, poils orange vif et feuilles vert \u00e9meraude poussant tout au long de la fleur avec des tonnes de #trichomes acheter Strawnana<\/p>\n<h2>Acheter une vari\u00e9t\u00e9 de marijuana Jealousy en ligne en Pologne<\/h2>\n<p>High physique et c\u00e9r\u00e9bral fort et intense qui frappe rapidement et fait instantan\u00e9ment flotter votre esprit sur un nuage et permet \u00e0 votre corps de ressentir toute la gravit\u00e9.acheter Lemon Skittle<\/p>\n<p>Magnifique fleur violette, tr\u00e8s collante et dense, poils orange vif et feuilles vert \u00e9meraude poussant tout au long de la fleur avec des tonnes de #trichomes. Acheter une vari\u00e9t\u00e9 de marijuana Jealousy en ligne en Pologne<\/p>\n<p>Un high physique et c\u00e9r\u00e9bral fort et intense qui frappe rapidement et fait instantan\u00e9ment flotter votre esprit sur un nuage et fait ressentir \u00e0 votre corps toute la gravit\u00e9.acheter HASH<\/p>\n<p>Magnifique bourgeon violet, tr\u00e8s collant et dense, des poils orange vif et des feuilles vert \u00e9meraude poussent dans tout le bourgeon avec des tonnes de #trichomes. Achetez des champignons magiques cubains en ligne.<\/p>\n<p>Un high physique et c\u00e9r\u00e9bral fort et intense, \u00e0 action rapide, \u00e9l\u00e8vera instantan\u00e9ment votre esprit dans un nuage et fera ressentir \u00e0 votre corps toute la gravit\u00e9. Jealousy (Gelato41 x Sherb bx1) par Cookies et Mintz \u00e9lev\u00e9e par Seed Junky Genetics. Les bourgeons jaloux ont une teinte violet fonc\u00e9 et un \u00e9clat givr\u00e9. Les saveurs de glace et de sorbet sont un mariage parfait de gazeux, de funky et de sucr\u00e9. Vous pouvez partager ou vous pouvez rendre vos amis jaloux. Acheter Jalousie en Arizona acheter CHOCOLATE FUDGE BROWNIE<\/p>\n<p>Superbe fleur violette, tr\u00e8s collante et dense, avec des poils orange vif et des feuilles vert \u00e9meraude qui poussent tout au long de la fleur, avec des tonnes de #trichomes. Acheter de la souche de marijuana Jealousy en ligne en Pologne<\/p>\n<p>Un high physique et c\u00e9r\u00e9bral fort et intense, \u00e0 action rapide, \u00e9l\u00e8vera instantan\u00e9ment votre esprit dans un nuage et fera ressentir \u00e0 votre corps toute la gravit\u00e9.<\/p>","protected":false},"excerpt":{"rendered":"<p>Magnifique bourgeon violet, tr\u00e8s collant et dense, poils orange vif et feuilles vert \u00e9meraude poussant dans tout le bourgeon, avec des tonnes de trichomes.<\/p>\n<p>&nbsp;<\/p>","protected":false},"featured_media":629,"comment_status":"open","ping_status":"closed","template":"","meta":{"om_disable_all_campaigns":false,"_monsterinsights_skip_tracking":false,"_monsterinsights_sitenote_active":false,"_monsterinsights_sitenote_note":"","_monsterinsights_sitenote_category":0},"product_brand":[],"product_cat":[126,245,351],"product_tag":[299,233,301,302,303,304,305,306,307,308,309,300],"class_list":{"0":"post-628","1":"product","2":"type-product","3":"status-publish","4":"has-post-thumbnail","6":"product_cat-blumen","7":"product_cat-hybrid-sorten","8":"product_cat-marken-cannabis","9":"product_tag-apple-fritter-online-kaufen-in-der-tuerkei","10":"product_tag-chapo-kekse-in-alaska-kaufen","11":"product_tag-eifersucht-in-arizona-kaufen","12":"product_tag-eifersucht-kaufen-in-denver","13":"product_tag-eifersucht-kaufen-in-europa","14":"product_tag-eifersucht-kaufen-in-florida","15":"product_tag-eifersucht-kaufen-in-illinois","16":"product_tag-eifersucht-kaufen-in-new-york","17":"product_tag-eifersucht-kaufen-in-orleans","18":"product_tag-eifersucht-kaufen-in-polen","19":"product_tag-eifersucht-online-kaufen","20":"product_tag-keksmischpackung-in-north-carolina-kaufen","22":"first","23":"instock","24":"featured","25":"shipping-taxable","26":"purchasable","27":"product-type-variable"},"_links":{"self":[{"href":"https:\/\/caliweedonlineshop.com\/fr\/wp-json\/wp\/v2\/product\/628","targetHints":{"allow":["GET"]}}],"collection":[{"href":"https:\/\/caliweedonlineshop.com\/fr\/wp-json\/wp\/v2\/product"}],"about":[{"href":"https:\/\/caliweedonlineshop.com\/fr\/wp-json\/wp\/v2\/types\/product"}],"replies":[{"embeddable":true,"href":"https:\/\/caliweedonlineshop.com\/fr\/wp-json\/wp\/v2\/comments?post=628"}],"wp:featuredmedia":[{"embeddable":true,"href":"https:\/\/caliweedonlineshop.com\/fr\/wp-json\/wp\/v2\/media\/629"}],"wp:attachment":[{"href":"https:\/\/caliweedonlineshop.com\/fr\/wp-json\/wp\/v2\/media?parent=628"}],"wp:term":[{"taxonomy":"product_brand","embeddable":true,"href":"https:\/\/caliweedonlineshop.com\/fr\/wp-json\/wp\/v2\/product_brand?post=628"},{"taxonomy":"product_cat","embeddable":true,"href":"https:\/\/caliweedonlineshop.com\/fr\/wp-json\/wp\/v2\/product_cat?post=628"},{"taxonomy":"product_tag","embeddable":true,"href":"https:\/\/caliweedonlineshop.com\/fr\/wp-json\/wp\/v2\/product_tag?post=628"}],"curies":[{"name":"wp","href":"https:\/\/api.w.org\/{rel}","templated":true}]}}