{"id":634,"date":"2023-01-14T17:37:07","date_gmt":"2023-01-14T17:37:07","guid":{"rendered":"https:\/\/caliweedonlineshop.com\/?post_type=product&#038;p=634"},"modified":"2023-01-16T07:01:31","modified_gmt":"2023-01-16T07:01:31","slug":"kings-garden-copy","status":"publish","type":"product","link":"https:\/\/caliweedonlineshop.com\/fr\/product\/kings-garden-copy\/","title":{"rendered":"kings garden (Copy)"},"content":{"rendered":"<h1>Kings Garden Vari\u00e9t\u00e9 De Marijuana Acheter En Ligne Allemagne<\/h1>\n<p>Achetez la souche de marijuana Kings Garden en ligne en Allemagne. Vous connaissez la joie de trouver une vari\u00e9t\u00e9 que vous aimez, la sensation parfaite pour une exp\u00e9rience parfaite ? Mais ensuite, vous allez les acheter \u00e0 nouveau - la m\u00eame souche du m\u00eame \u00e9leveur - et quelque chose ne va pas. Ce n'est pas la m\u00eame chose. Et tu perds l'amour King's Garden est diff\u00e9rent. Acheter de l'herbe en ligne en Europe<br \/>\nParce que nous avons la recette de Charlie. Notre processus m\u00e9ticuleux exclusif garantit que chaque \u00e9levage de chaque souche a exactement le m\u00eame go\u00fbt, la m\u00eame odeur - et surtout - le m\u00eame effet satisfaisant, \u00e0 chaque fois. Nous ne sommes pas l\u00e0 pour r\u00e9inventer la roue des mauvaises herbes. Nos objectifs sont beaucoup plus \u00e9lev\u00e9s. Nous sommes l\u00e0 pour que vous puissiez tomber amoureux et rester amoureux aujourd'hui, demain et pour les ann\u00e9es \u00e0 venir. Boutique de mauvaises herbes<br \/>\nChaque plante que nous cultivons est lentement s\u00e9ch\u00e9e et m\u00fbrie pendant 14 jours dans un environnement strictement contr\u00f4l\u00e9 sans contact humain. Cela garantit la saveur, les terp\u00e8nes et la viscosit\u00e9 que vous attendez. Chaque bourgeon est r\u00e9colt\u00e9 \u00e0 la main par notre \u00e9quipe de plus de 100 tondeuses exp\u00e9riment\u00e9es pour s'assurer que les trichomes ne sont jamais endommag\u00e9s et que chaque bourgeon et souche unique conserve la taille et la forme exactes de la nature. Acheter Banane Runtz en ligne.<br \/>\nDestin\u00e9. Sans surprise, ce processus prend plus de temps. Et plus d'argent. Mais rien ne vaut plus. Parce qu'une fois que vous avez d\u00e9couvert la qualit\u00e9 et la coh\u00e9rence de Kings Garden, tout le reste n'est qu'autre chose.<\/p>\n<h2>Kings Garden Acheter une vari\u00e9t\u00e9 de cannabis en ligne Allemagne<\/h2>\n<p>Achetez la souche de marijuana Kings Garden en ligne. Chez Kings Garden, nous croyons qu'une fleur d'\u00e9tag\u00e8re sup\u00e9rieure ne conserve son statut et sa qualit\u00e9 que lorsqu'elle est finie \u00e0 la main. La coupe \u00e0 la main est l'un des \u00e9l\u00e9ments fondamentaux du produit de haute qualit\u00e9 que nous proposons sous la marque Kings Garden. Nous apportons la m\u00eame attention aux d\u00e9tails et aux normes rigoureuses \u00e0 tous nos clients. Nos syst\u00e8mes garantissent que le taux de perte d\u00fb au vol est presque nul.<\/p>\n<p>.<\/p>","protected":false},"excerpt":{"rendered":"<p>Chaque plante que nous cultivons est lentement s\u00e9ch\u00e9e et vieillie pendant 14 jours dans un environnement strictement contr\u00f4l\u00e9, non touch\u00e9 par des mains humaines. Cela garantit la saveur, les terp\u00e8nes et la viscosit\u00e9 que vous attendez<\/p>\n<p>&nbsp;<\/p>","protected":false},"featured_media":635,"comment_status":"open","ping_status":"closed","template":"","meta":{"om_disable_all_campaigns":false,"_monsterinsights_skip_tracking":false,"_monsterinsights_sitenote_active":false,"_monsterinsights_sitenote_note":"","_monsterinsights_sitenote_category":0},"product_brand":[],"product_cat":[126,245,351],"product_tag":[],"class_list":{"0":"post-634","1":"product","2":"type-product","3":"status-publish","4":"has-post-thumbnail","6":"product_cat-blumen","7":"product_cat-hybrid-sorten","8":"product_cat-marken-cannabis","10":"first","11":"instock","12":"featured","13":"shipping-taxable","14":"purchasable","15":"product-type-variable"},"_links":{"self":[{"href":"https:\/\/caliweedonlineshop.com\/fr\/wp-json\/wp\/v2\/product\/634","targetHints":{"allow":["GET"]}}],"collection":[{"href":"https:\/\/caliweedonlineshop.com\/fr\/wp-json\/wp\/v2\/product"}],"about":[{"href":"https:\/\/caliweedonlineshop.com\/fr\/wp-json\/wp\/v2\/types\/product"}],"replies":[{"embeddable":true,"href":"https:\/\/caliweedonlineshop.com\/fr\/wp-json\/wp\/v2\/comments?post=634"}],"wp:featuredmedia":[{"embeddable":true,"href":"https:\/\/caliweedonlineshop.com\/fr\/wp-json\/wp\/v2\/media\/635"}],"wp:attachment":[{"href":"https:\/\/caliweedonlineshop.com\/fr\/wp-json\/wp\/v2\/media?parent=634"}],"wp:term":[{"taxonomy":"product_brand","embeddable":true,"href":"https:\/\/caliweedonlineshop.com\/fr\/wp-json\/wp\/v2\/product_brand?post=634"},{"taxonomy":"product_cat","embeddable":true,"href":"https:\/\/caliweedonlineshop.com\/fr\/wp-json\/wp\/v2\/product_cat?post=634"},{"taxonomy":"product_tag","embeddable":true,"href":"https:\/\/caliweedonlineshop.com\/fr\/wp-json\/wp\/v2\/product_tag?post=634"}],"curies":[{"name":"wp","href":"https:\/\/api.w.org\/{rel}","templated":true}]}}