{"id":640,"date":"2023-01-14T17:40:04","date_gmt":"2023-01-14T17:40:04","guid":{"rendered":"https:\/\/caliweedonlineshop.com\/?post_type=product&#038;p=640"},"modified":"2023-05-15T02:01:57","modified_gmt":"2023-05-15T02:01:57","slug":"kush-mint","status":"publish","type":"product","link":"https:\/\/caliweedonlineshop.com\/fr\/product\/kush-mint\/","title":{"rendered":"kush mint"},"content":{"rendered":"<h1>Acheter Kush Mint en ligne au Japon<\/h1>\n<p>Acheter Kush Mint en ligne au Japon. Kush Mint est une vari\u00e9t\u00e9 hybride \u00e9quilibr\u00e9e (50 % indica\/50 % sativa) cr\u00e9\u00e9e par un puissant croisement de vari\u00e9t\u00e9s classiques Bubba Kush X Animal Mints. Parfaite pour tout fan d'une saveur super menthol\u00e9e, Kush Mint apporte un effet \u00e9quilibr\u00e9 qui frappe \u00e0 la fois l'esprit et le corps avec un haut niveau de puissance gr\u00e2ce \u00e0 ses niveaux moyens de THC super lourds de 22-24 %. Kush Mint a une saveur de menthe fabuleusement piquante avec des notes de caf\u00e9 frais et de biscuits terreux. Acheter Cherry Pie L'ar\u00f4me se compose de bois terreux et doux et d'un caf\u00e9 riche et \u00e9pic\u00e9 avec une forte touche de menthe. Le high de Kush Mint n'est pas aussi r\u00e9v\u00e9lateur que le go\u00fbt, avec des effets relaxants qui vous feront reculer et assez somnolent, si vous ne faites pas attention. Cela commence par un picotement r\u00e9chauffant dans la colonne vert\u00e9brale. ACHETER GROW (par gramme)<\/p>\n<p>Kush Mints est une puissante combinaison d'un go\u00fbt terreux et de carburant et de notes de menthe fra\u00eeche. Cette indica a un niveau de THC de plus de 30 % et est une excellente vari\u00e9t\u00e9 \u00e0 appr\u00e9cier lorsqu'une relaxation profonde est n\u00e9cessaire. Cette vari\u00e9t\u00e9 provoquera de graves effets de verrouillage du canap\u00e9 et soulagera tout stress. Champignon magique Big Mex en ligne aux \u00c9tats-Unis.<\/p>\n<h2>Acheter Kush Mint en ligne au Japon<\/h2>\n<p>THC : 30,1 % Un autre membre de la tristement c\u00e9l\u00e8bre famille Cookies, Kush Mints est un gros frappeur cr\u00e9\u00e9 \u00e0 partir d'un croisement entre Bubba Kush et Animal Mints exclusifs \u00e0 Seed Junky Genetics. Cette vari\u00e9t\u00e9 de la collection Top Shelf est un ph\u00e9notype parfait pour ceux qui veulent une sensation l\u00e9g\u00e8rement menthol\u00e9e \u00e9quilibr\u00e9e par des notes cr\u00e9meuses, caf\u00e9i\u00e8res, terreuses et gazeuses ou kush. Cet hybride unique \u00e0 dominance indica affiche des concentrations de THC sup\u00e9rieures \u00e0 la moyenne qui culminent \u00e0 environ 26 %, offrant aux utilisateurs un high puissant similaire \u00e0 son pr\u00e9d\u00e9cesseur des ann\u00e9es 1990, Bubba Kush. Le high de Kush Mints est une plante grimpante qui commence par une vague de calme de la t\u00eate aux pieds, soulageant la douleur et relaxant les muscles, tout en calmant et en \u00e9levant l'esprit. Comme beaucoup de vari\u00e9t\u00e9s embl\u00e9matiques de Seed Junkyz Genetics, Kush Mints est connue pour son profil terp\u00e9nique extr\u00eamement distinct et app\u00e9tissant, domin\u00e9 par des compos\u00e9s de pin\u00e8ne, de limon\u00e8ne, de caryophyll\u00e8ne et de linalol. Cette combinaison extraordinaire de terp\u00e8nes donne \u00e0 Kush Mints un ar\u00f4me et un go\u00fbt de dessert, qui peuvent \u00eatre reconnus comme cr\u00e9meux et terreux, avec une touche spectaculaire de menthol ou de menthe. Acheter Kush Mint en ligne au Japon. qui peut \u00eatre reconnu comme cr\u00e9meux et terreux, avec un spectaculaire coup de menthol ou de menthe. Acheter Kush Mint en ligne au Japon. qui peut \u00eatre reconnu comme cr\u00e9meux et terreux, avec un spectaculaire coup de menthol ou de menthe. Acheter Kush Mint en ligne au Japon.<\/p>","protected":false},"excerpt":{"rendered":"<p>Kush Mint est une vari\u00e9t\u00e9 hybride \u00e9quilibr\u00e9e (50 % indica\/50 % sativa) cr\u00e9\u00e9e par un puissant croisement de vari\u00e9t\u00e9s classiques Bubba Kush X Animal Mints.<\/p>\n<p>&nbsp;<\/p>","protected":false},"featured_media":641,"comment_status":"open","ping_status":"closed","template":"","meta":{"om_disable_all_campaigns":false,"_monsterinsights_skip_tracking":false,"_monsterinsights_sitenote_active":false,"_monsterinsights_sitenote_note":"","_monsterinsights_sitenote_category":0},"product_brand":[],"product_cat":[126,245,351],"product_tag":[],"class_list":{"0":"post-640","1":"product","2":"type-product","3":"status-publish","4":"has-post-thumbnail","6":"product_cat-blumen","7":"product_cat-hybrid-sorten","8":"product_cat-marken-cannabis","10":"first","11":"instock","12":"featured","13":"shipping-taxable","14":"purchasable","15":"product-type-variable"},"_links":{"self":[{"href":"https:\/\/caliweedonlineshop.com\/fr\/wp-json\/wp\/v2\/product\/640","targetHints":{"allow":["GET"]}}],"collection":[{"href":"https:\/\/caliweedonlineshop.com\/fr\/wp-json\/wp\/v2\/product"}],"about":[{"href":"https:\/\/caliweedonlineshop.com\/fr\/wp-json\/wp\/v2\/types\/product"}],"replies":[{"embeddable":true,"href":"https:\/\/caliweedonlineshop.com\/fr\/wp-json\/wp\/v2\/comments?post=640"}],"wp:featuredmedia":[{"embeddable":true,"href":"https:\/\/caliweedonlineshop.com\/fr\/wp-json\/wp\/v2\/media\/641"}],"wp:attachment":[{"href":"https:\/\/caliweedonlineshop.com\/fr\/wp-json\/wp\/v2\/media?parent=640"}],"wp:term":[{"taxonomy":"product_brand","embeddable":true,"href":"https:\/\/caliweedonlineshop.com\/fr\/wp-json\/wp\/v2\/product_brand?post=640"},{"taxonomy":"product_cat","embeddable":true,"href":"https:\/\/caliweedonlineshop.com\/fr\/wp-json\/wp\/v2\/product_cat?post=640"},{"taxonomy":"product_tag","embeddable":true,"href":"https:\/\/caliweedonlineshop.com\/fr\/wp-json\/wp\/v2\/product_tag?post=640"}],"curies":[{"name":"wp","href":"https:\/\/api.w.org\/{rel}","templated":true}]}}