{"id":646,"date":"2023-01-14T17:44:24","date_gmt":"2023-01-14T17:44:24","guid":{"rendered":"https:\/\/caliweedonlineshop.com\/?post_type=product&#038;p=646"},"modified":"2023-01-16T07:01:31","modified_gmt":"2023-01-16T07:01:31","slug":"lemon-cherry","status":"publish","type":"product","link":"https:\/\/caliweedonlineshop.com\/fr\/product\/lemon-cherry\/","title":{"rendered":"Lemon cherry"},"content":{"rendered":"<h1>Acheter Lemon Cherry en ligne en Suisse<\/h1>\n<p>Achetez Lemon Cherry en ligne en Suisse. est une vari\u00e9t\u00e9 \u00e0 pr\u00e9dominance Indica de Secret Santa Genetics et peut \u00eatre cultiv\u00e9e en l'int\u00e9rieur (o\u00f9 les plantes auront besoin d'une p\u00e9riode de floraison de \u00b156 jours), en ext\u00e9rieur et en serre. Graines de Lemon Cherry ZmartieZ de Secret Santa Genetics est une vari\u00e9t\u00e9 \u00e0 dominante THC et ne sont pas disponibles en versions f\u00e9minis\u00e9es. Commandez Motor Breath Jungleboys \u00e0 Chicago<\/p>\n<p>D\u00e9couvrez les facteurs uniques qui rendent la vari\u00e9t\u00e9 Lemon Cherry si puissante. Champignon magique Big Mex en ligne aux \u00c9tats-Unis.<\/p>\n<p>Dans le nord-ouest am\u00e9ricain, le changement des saisons est plus qu'un simple coup d'\u0153il sur le calendrier. Dans notre beau coin des \u00c9tats-Unis, nous vivons le v\u00e9ritable changement des saisons : feuillage d'automne, soleil d'\u00e9t\u00e9 et neige d'hiver. Par cons\u00e9quent, les nouvelles saisons peuvent nous inspirer \u00e0 de nouvelles exp\u00e9riences. Le temps qu'il fait dehors influence notre routine quotidienne, nos aliments et boissons pr\u00e9f\u00e9r\u00e9s et, pour certains d'entre nous, nos vari\u00e9t\u00e9s de cannabis pr\u00e9f\u00e9r\u00e9es \u00e9galement. L'une de nos vari\u00e9t\u00e9s pr\u00e9f\u00e9r\u00e9es est sans aucun doute la Lemon Cherry de Gasworks Garden. Au printemps, le temps capricieux dans le nord-ouest du Pacifique signifie qu'il faut s'attendre \u00e0 un soleil radieux un jour et \u00e0 un surplomb sombre de nuages \u200b\u200b\u200b\u200b\u00e9pais et gris le lendemain. Compte tenu de cette vari\u00e9t\u00e9, vous feriez bien d'obtenir une vari\u00e9t\u00e9 hybride de haute qualit\u00e9,<\/p>\n<h2>Acheter Lemon Cherry en ligne en Suisse<\/h2>\n<p>Il existe peu de vari\u00e9t\u00e9s mieux adapt\u00e9es \u00e0 cet objectif que Lemon Cherry, une vari\u00e9t\u00e9 soigneusement s\u00e9lectionn\u00e9e de Gasworks Garden. Ils ont pass\u00e9 beaucoup de temps \u00e0 produire cette vari\u00e9t\u00e9 d'une diversit\u00e9 impressionnante, en choisissant leurs traits pr\u00e9f\u00e9r\u00e9s parmi Lemon OG, Cherry Pie et une touche d'OG Kush. Le r\u00e9sultat est une vari\u00e9t\u00e9 minutieusement con\u00e7ue, une vari\u00e9t\u00e9 que Gasworks aime appeler une vari\u00e9t\u00e9 \"Desert Island\", la fleur parfaite que vous n'h\u00e9siteriez pas \u00e0 fumer bol apr\u00e8s bol pour le reste de vos jours. La vari\u00e9t\u00e9 pr\u00e9sente des caract\u00e9ristiques \u00e0 dominante sativa similaires \u00e0 la Lemon OG, mais sa p\u00e9riode de floraison de 10 semaines - bien plus courte que celle d'une sativa typique - lui conf\u00e8re des qualit\u00e9s indica vraiment merveilleuses, ainsi qu'un profil terp\u00e9nique d\u00e9cadent et riche, qui est fortement influenc\u00e9 par le myrc\u00e8ne et le limon\u00e8ne. Cette double combinaison de terp\u00e8nes donne \u00e0 Cherry Pie un piquant qui dilate les narines avec des tons terreux et aromatiques illumin\u00e9s par des notes piquantes et piquantes de cerise et d'agrumes. Avec sa charge \u00e9lev\u00e9e et terp\u00e9nique bien \u00e9quilibr\u00e9e, Lemon Cherry est une vari\u00e9t\u00e9 qui ne demande qu'\u00e0 \u00eatre utilis\u00e9e dans les concentr\u00e9s, et Gasworks l'a \u00e9lev\u00e9e exactement pour cette raison.<\/p>\n<p>Apr\u00e8s avoir cr\u00e9\u00e9 ce qu'ils consid\u00e9raient comme une vari\u00e9t\u00e9 parfaitement \u00e9quilibr\u00e9e, Gasworks n'a pas perdu de temps \u00e0 l'utiliser pour cr\u00e9er une gamme de produits concentr\u00e9s haut de gamme, notamment une p\u00e2te de terp\u00e8ne, des concentr\u00e9s de cristallite et des cartouches BHO (ou PHO). Ces produits concentr\u00e9s ph\u00e9nom\u00e9naux renforcent le caract\u00e8re bien \u00e9quilibr\u00e9 de Lemon Cherry, ce qui le rend aussi bien adapt\u00e9 \u00e0 une journ\u00e9e de d\u00e9tente \u00e0 la maison qu'\u00e0 une journ\u00e9e excitante en d\u00e9placement. Acheter Lemon Cherry en ligne en Suisse.<\/p>","protected":false},"excerpt":{"rendered":"<p>Lemon Cherry ZmartieZ est une vari\u00e9t\u00e9 Indica de Secret Santa Genetics et peut \u00eatre cultiv\u00e9e en l'int\u00e9rieur (o\u00f9 les plantes auront besoin d'une p\u00e9riode de floraison de \u00b156 jours), en ext\u00e9rieur et en serre.<\/p>\n<p>&nbsp;<\/p>","protected":false},"featured_media":647,"comment_status":"open","ping_status":"closed","template":"","meta":{"om_disable_all_campaigns":false,"_monsterinsights_skip_tracking":false,"_monsterinsights_sitenote_active":false,"_monsterinsights_sitenote_note":"","_monsterinsights_sitenote_category":0},"product_brand":[],"product_cat":[126,245,351],"product_tag":[311,313,312,310,201,314],"class_list":{"0":"post-646","1":"product","2":"type-product","3":"status-publish","4":"has-post-thumbnail","6":"product_cat-blumen","7":"product_cat-hybrid-sorten","8":"product_cat-marken-cannabis","9":"product_tag-lemon-cherry-online-kaufen-in-belgien","10":"product_tag-lemon-cherry-online-kaufen-in-deutschland","11":"product_tag-lemon-cherry-online-kaufen-in-europa","12":"product_tag-zitronenkirsche-online-kaufen","13":"product_tag-zitronenkirsche-online-kaufen-in-australien","14":"product_tag-zitronenkirsche-online-kaufen-in-usa","16":"first","17":"instock","18":"featured","19":"shipping-taxable","20":"purchasable","21":"product-type-variable"},"_links":{"self":[{"href":"https:\/\/caliweedonlineshop.com\/fr\/wp-json\/wp\/v2\/product\/646","targetHints":{"allow":["GET"]}}],"collection":[{"href":"https:\/\/caliweedonlineshop.com\/fr\/wp-json\/wp\/v2\/product"}],"about":[{"href":"https:\/\/caliweedonlineshop.com\/fr\/wp-json\/wp\/v2\/types\/product"}],"replies":[{"embeddable":true,"href":"https:\/\/caliweedonlineshop.com\/fr\/wp-json\/wp\/v2\/comments?post=646"}],"wp:featuredmedia":[{"embeddable":true,"href":"https:\/\/caliweedonlineshop.com\/fr\/wp-json\/wp\/v2\/media\/647"}],"wp:attachment":[{"href":"https:\/\/caliweedonlineshop.com\/fr\/wp-json\/wp\/v2\/media?parent=646"}],"wp:term":[{"taxonomy":"product_brand","embeddable":true,"href":"https:\/\/caliweedonlineshop.com\/fr\/wp-json\/wp\/v2\/product_brand?post=646"},{"taxonomy":"product_cat","embeddable":true,"href":"https:\/\/caliweedonlineshop.com\/fr\/wp-json\/wp\/v2\/product_cat?post=646"},{"taxonomy":"product_tag","embeddable":true,"href":"https:\/\/caliweedonlineshop.com\/fr\/wp-json\/wp\/v2\/product_tag?post=646"}],"curies":[{"name":"wp","href":"https:\/\/api.w.org\/{rel}","templated":true}]}}