{"id":652,"date":"2023-01-14T17:49:08","date_gmt":"2023-01-14T17:49:08","guid":{"rendered":"https:\/\/caliweedonlineshop.com\/?post_type=product&#038;p=652"},"modified":"2026-03-15T14:47:30","modified_gmt":"2026-03-15T14:47:30","slug":"lemon-cherry-gelato","status":"publish","type":"product","link":"https:\/\/caliweedonlineshop.com\/fr\/product\/lemon-cherry-gelato\/","title":{"rendered":"Lemon cherry gelato"},"content":{"rendered":"<h1>Acheter Lemon Cherry Gelato en ligne en Gr\u00e8ce<\/h1>\n<p>Achetez de la glace au citron et aux cerises en ligne en Gr\u00e8ce. Antique, une op\u00e9ration bas\u00e9e \u00e0 Oakland, travaille dur pour montrer que l'East Bay est toujours \u00e0 l'avant-garde.<\/p>\n<p>Sa derni\u00e8re goutte de Lemon Cherry Gelato ? ? est le niveau suivant. Champignon magique Big Mex en ligne aux \u00c9tats-Unis.<\/p>\n<p>La premi\u00e8re chose qui vous frappe, c'est \u00e0 quel point il a bien grandi, rougi, gu\u00e9ri et soign\u00e9. Il br\u00fble incroyablement lisse, rappelant les fleurs certifi\u00e9es vertes et propres.<\/p>\n<p>Le profil de saveur donne l'impression d'avoir \u00e9t\u00e9 pr\u00e9par\u00e9 par un chef c\u00e9l\u00e8bre. L'\u00e9quilibre entre la cerise, le citron et la glace est impeccable. La glace n'est pas trop \u00e9crasante tandis que les notes de citron et de cerise compl\u00e8tent si bien la glace.<\/p>\n<p>Lemon Gelato est une vari\u00e9t\u00e9 hybride \u00e0 dominance indica qui ravira les amateurs d'odorat et de go\u00fbt. Comme son nom l'indique, Lemon Gelato offre une douce saveur de sorbet qui rappelle les citrons et les myrtilles, mais avec une saveur bois\u00e9e \u00e0 l'expiration. L'odeur est similaire et ne devient plus intense qu'en cassant les bourgeons de cette vari\u00e9t\u00e9. Avec son ascendance de Sunset Sherbet, Thin Mint Girl Scout Cookies et Lemon Haze, il n'est pas \u00e9tonnant que son parfum et son go\u00fbt soient si divers et d\u00e9licieux. Acheter des champignons magiques cubains en ligne<\/p>\n<h2>Acheter Lemon Cherry Gelato en ligne en Gr\u00e8ce<\/h2>\n<p>Un lot de Lemon Gelato bien cultiv\u00e9 produit des p\u00e9pites avec des pointes vert fonc\u00e9 qui s'\u00e9claircissent vers la tige, ainsi que des pistils brun dor\u00e9 et une l\u00e9g\u00e8re pollinisation des trichomes. Acheter MoneyBagg Runtz \u00e0 Dammam<\/p>\n<p>La teneur en THC de Lemon Gelato peut varier, alors v\u00e9rifiez le pourcentage avant de l'essayer. Les critiques de cette vari\u00e9t\u00e9 ont souvent d\u00e9clar\u00e9 que sa concentration augmente avec l'\u00e9nergie, et un high c\u00e9r\u00e9bral s'accompagne d'un bourdonnement corporel qui vibre de la t\u00eate aux pieds.Les fans de cette vari\u00e9t\u00e9 se livrent souvent \u00e0 la relaxation, au calme et \u00e0 la paix lorsqu'ils l'essayent .. et ont \u00e9galement constat\u00e9 qu'il peut aider \u00e0 soulager la douleur, les maux de t\u00eate et \u00e9ventuellement la fatigue.<\/p>","protected":false},"excerpt":{"rendered":"<p>Cette vari\u00e9t\u00e9 descend de la vari\u00e9t\u00e9 Sunset Sherbet. Nous sommes le premier fournisseur de glaces.<br \/>\nLemon Gelato est une vari\u00e9t\u00e9 hybride \u00e0 dominance indica qui plaira aux amateurs d'odorat et de. Comme son nom l'indique, Lemon Gelato offre une douce saveur de sorbet rappelant les citrons et les myrtilles.<\/p>","protected":false},"featured_media":653,"comment_status":"open","ping_status":"closed","template":"","meta":{"om_disable_all_campaigns":false,"_monsterinsights_skip_tracking":false,"_monsterinsights_sitenote_active":false,"_monsterinsights_sitenote_note":"","_monsterinsights_sitenote_category":0},"product_brand":[],"product_cat":[126,245,351],"product_tag":[],"class_list":{"0":"post-652","1":"product","2":"type-product","3":"status-publish","4":"has-post-thumbnail","6":"product_cat-blumen","7":"product_cat-hybrid-sorten","8":"product_cat-marken-cannabis","10":"first","11":"instock","12":"featured","13":"shipping-taxable","14":"purchasable","15":"product-type-variable"},"_links":{"self":[{"href":"https:\/\/caliweedonlineshop.com\/fr\/wp-json\/wp\/v2\/product\/652","targetHints":{"allow":["GET"]}}],"collection":[{"href":"https:\/\/caliweedonlineshop.com\/fr\/wp-json\/wp\/v2\/product"}],"about":[{"href":"https:\/\/caliweedonlineshop.com\/fr\/wp-json\/wp\/v2\/types\/product"}],"replies":[{"embeddable":true,"href":"https:\/\/caliweedonlineshop.com\/fr\/wp-json\/wp\/v2\/comments?post=652"}],"wp:featuredmedia":[{"embeddable":true,"href":"https:\/\/caliweedonlineshop.com\/fr\/wp-json\/wp\/v2\/media\/653"}],"wp:attachment":[{"href":"https:\/\/caliweedonlineshop.com\/fr\/wp-json\/wp\/v2\/media?parent=652"}],"wp:term":[{"taxonomy":"product_brand","embeddable":true,"href":"https:\/\/caliweedonlineshop.com\/fr\/wp-json\/wp\/v2\/product_brand?post=652"},{"taxonomy":"product_cat","embeddable":true,"href":"https:\/\/caliweedonlineshop.com\/fr\/wp-json\/wp\/v2\/product_cat?post=652"},{"taxonomy":"product_tag","embeddable":true,"href":"https:\/\/caliweedonlineshop.com\/fr\/wp-json\/wp\/v2\/product_tag?post=652"}],"curies":[{"name":"wp","href":"https:\/\/api.w.org\/{rel}","templated":true}]}}