{"id":658,"date":"2023-01-14T18:02:05","date_gmt":"2023-01-14T18:02:05","guid":{"rendered":"https:\/\/caliweedonlineshop.com\/?post_type=product&#038;p=658"},"modified":"2026-03-04T02:16:04","modified_gmt":"2026-03-04T02:16:04","slug":"mimosa","status":"publish","type":"product","link":"https:\/\/caliweedonlineshop.com\/fr\/product\/mimosa\/","title":{"rendered":"Mimosa"},"content":{"rendered":"<h1>Acheter du mimosa en Virginie aux \u00c9tats-Unis<\/h1>\n<p>Achetez du mimosa en Virginie aux \u00c9tats-Unis. Commandez du mimosa en Virginie aux \u00c9tats-Unis. Mimosa est une vari\u00e9t\u00e9 \u00e0 dominance sativa <a href=\"https:\/\/caliweedonlineshop.com\/index.php\/product-category\/blumen\/hybrid-sorten\/\">Hybridsorte<\/a> (70% Sativa\/30% Indica) obtenu en croisant le classique P<a href=\"https:\/\/www.alchimiaweb.com\/en\/purple-punch-x-do-si-dos-product-12372.php#:~:text=Purple%20Punch%20x%20Do%2DSi%2Ddos%20by%20Philosopher%20Seeds%20is,production%2C%20appearance%20and%20psychedelic%20effect.\" target=\"_blank\" rel=\"noopener\">urple Punch X<\/a> Des vari\u00e9t\u00e9s de cl\u00e9mentines sont apparues. Si vous cherchez un remontant matinal (sans alcool), cette vari\u00e9t\u00e9 est faite pour vous. Le mimosa a un effet diurne lumineux et optimiste, parfait pour chasser le sommeil et commencer votre journ\u00e9e avec une ambiance positive. Au d\u00e9but de l'effet, vous ressentirez une t\u00eate \u00e9nergique et claire, remplissant votre cerveau d'une motivation euphorique et d'une concentration ultra-pr\u00e9cise. Cet effet s'accompagne d'une l\u00e9g\u00e8re sensation de picotement, principalement dans le corps et non dans la t\u00eate. Avec ces effets et des niveaux moyens \u00e9lev\u00e9s de THC de 19 \u00e0 27 %, Mimosa est un choix parfait pour traiter les personnes souffrant de Strawnana.<\/p>\n<h4>THC<\/h4>\n<p>T\u00e9trahydrocannabinol<br \/>\nPlus le pourcentage de THC est \u00e9lev\u00e9, plus la puissance (\u00e9lev\u00e9e) est \u00e9lev\u00e9e. Acheter Mimosa Cannabis Europe<\/p>\n<h4>CBD<\/h4>\n<p><strong>Cannabidiol<\/strong><br \/>\nLe CBD, ou cannabidiol, est le deuxi\u00e8me ingr\u00e9dient le plus courant dans la plupart des vari\u00e9t\u00e9s de marijuana. Certaines vari\u00e9t\u00e9s sont s\u00e9lectionn\u00e9es pour contenir plus de CBD que de THC. Le CBD a un effet m\u00e9dicinal \u00e9lev\u00e9, mais ne vous fait pas planer car il n'a pas de propri\u00e9t\u00e9s psychoactives. Le CBD est utilis\u00e9 pour traiter de nombreuses affections : douleur, inflammation, anxi\u00e9t\u00e9 et bien d'autres maux. brownies \u00e0 la CDB<\/p>\n<p>Mimosa est une vari\u00e9t\u00e9 indica dominante qui contient un puissant high hybride. Elle a une concentration de THC incroyablement \u00e9lev\u00e9e qui commence \u00e0 20 %. Elle a un ar\u00f4me tr\u00e8s unique et piquant qui semble parfois sucr\u00e9.<\/p>\n<p>Son ar\u00f4me a \u00e9galement des notes d'agrumes et de saveurs terreuses. La vari\u00e9t\u00e9 a une apparence moussue de couleur verd\u00e2tre et rouille. Le mimosa a une bonne saveur qui est un m\u00e9lange de saveurs terreuses et d'agrumes. Les effets positifs de cette vari\u00e9t\u00e9 sont incroyables. Il a un fort effet calmant sur les nerfs, vous rendant heureux et euphorique en m\u00eame temps.<\/p>\n<p>Apr\u00e8s avoir fum\u00e9 du mimosa, on se sent d\u00e9tendu. Cela peut aussi vous faire sentir cr\u00e9atif. Le mimosa est excellent pour traiter l'anxi\u00e9t\u00e9 et la d\u00e9pression de toutes sortes.Vous pouvez \u00e9galement l'utiliser pour gu\u00e9rir l'hyperactivit\u00e9. Achetez de l'herbe \u00e0 haute teneur en THC. Achetez tous les brownies am\u00e9ricains<\/p>\n<p>Un hybride est un m\u00e9lange de deux vari\u00e9t\u00e9s de marijuana g\u00e9n\u00e9tiquement diff\u00e9rentes. Les hybrides se forment lorsque le pollen d'un cultivar (m\u00e2le) est transf\u00e9r\u00e9 (par un insecte ou \u00e0 la main) \u00e0 une fleur (femelle) d'un autre cultivar. La plante produit alors des graines qui contiennent la g\u00e9n\u00e9tique des deux parents. Les hybrides pr\u00e9sentent parfois une puissance et une r\u00e9sistance sup\u00e9rieures \u00e0 celles de leurs parents. Par exemple, la vari\u00e9t\u00e9 Chemdawg est un croisement entre OG Kush et Sour Diesel.<\/p>","protected":false},"excerpt":{"rendered":"<p>Mimosa est une vari\u00e9t\u00e9 hybride \u00e0 dominance sativa (70 % sativa\/30 % indica) cr\u00e9\u00e9e en croisant les vari\u00e9t\u00e9s classiques Purple Punch X Clementine.<\/p>\n<p>&nbsp;<\/p>","protected":false},"featured_media":659,"comment_status":"open","ping_status":"closed","template":"","meta":{"om_disable_all_campaigns":false,"_monsterinsights_skip_tracking":false,"_monsterinsights_sitenote_active":false,"_monsterinsights_sitenote_note":"","_monsterinsights_sitenote_category":0},"product_brand":[],"product_cat":[126,245,351],"product_tag":[],"class_list":{"0":"post-658","1":"product","2":"type-product","3":"status-publish","4":"has-post-thumbnail","6":"product_cat-blumen","7":"product_cat-hybrid-sorten","8":"product_cat-marken-cannabis","10":"first","11":"instock","12":"featured","13":"shipping-taxable","14":"purchasable","15":"product-type-variable"},"_links":{"self":[{"href":"https:\/\/caliweedonlineshop.com\/fr\/wp-json\/wp\/v2\/product\/658","targetHints":{"allow":["GET"]}}],"collection":[{"href":"https:\/\/caliweedonlineshop.com\/fr\/wp-json\/wp\/v2\/product"}],"about":[{"href":"https:\/\/caliweedonlineshop.com\/fr\/wp-json\/wp\/v2\/types\/product"}],"replies":[{"embeddable":true,"href":"https:\/\/caliweedonlineshop.com\/fr\/wp-json\/wp\/v2\/comments?post=658"}],"wp:featuredmedia":[{"embeddable":true,"href":"https:\/\/caliweedonlineshop.com\/fr\/wp-json\/wp\/v2\/media\/659"}],"wp:attachment":[{"href":"https:\/\/caliweedonlineshop.com\/fr\/wp-json\/wp\/v2\/media?parent=658"}],"wp:term":[{"taxonomy":"product_brand","embeddable":true,"href":"https:\/\/caliweedonlineshop.com\/fr\/wp-json\/wp\/v2\/product_brand?post=658"},{"taxonomy":"product_cat","embeddable":true,"href":"https:\/\/caliweedonlineshop.com\/fr\/wp-json\/wp\/v2\/product_cat?post=658"},{"taxonomy":"product_tag","embeddable":true,"href":"https:\/\/caliweedonlineshop.com\/fr\/wp-json\/wp\/v2\/product_tag?post=658"}],"curies":[{"name":"wp","href":"https:\/\/api.w.org\/{rel}","templated":true}]}}