{"id":670,"date":"2023-01-14T18:13:58","date_gmt":"2023-01-14T18:13:58","guid":{"rendered":"https:\/\/caliweedonlineshop.com\/?post_type=product&#038;p=670"},"modified":"2023-01-14T18:14:54","modified_gmt":"2023-01-14T18:14:54","slug":"pineapple-express","status":"publish","type":"product","link":"https:\/\/caliweedonlineshop.com\/fr\/product\/pineapple-express\/","title":{"rendered":"Pineapple Express"},"content":{"rendered":"<h1>Acheter Ananas Express en ligne<\/h1>\n<p>Achetez Ananas Express en ligne. Pineapple Express combine les pouvoirs puissants et savoureux des souches parentes <a href=\"https:\/\/leafwell.com\/cannabis-strains\/trainwreck\/\" target=\"_blank\" rel=\"noopener\">Trainwreck<\/a> et hawa\u00efen. L'odeur rappelle la pomme fra\u00eeche et la mangue, avec un go\u00fbt d'ananas, de pin et de c\u00e8dre. Ce dur \u00e0 cuire. acheterKurupt Moon Rock<\/p>\n<p>L'hybride procure un high \u00e9nergique et durable, parfait pour les apr\u00e8s-midi productifs et les escapades cr\u00e9atives. acheter WAX (par gramme)<\/p>\n<p>&nbsp;<\/p>\n<p>Pineapple Express Strain combine les pouvoirs puissants et savoureux des vari\u00e9t\u00e9s parentes Trainwreck et Hawaiian. L'odeur rappelle la pomme fra\u00eeche et la mangue, avec un go\u00fbt d'ananas, de pin et de c\u00e8dre. Cette sativa percutante procure un high \u00e9nergique et durable, parfait pour les apr\u00e8s-midi productifs et les escapades cr\u00e9atives. Acheter des myrtilles<\/p>\n<h2>Acheter Ananas Express en ligne<\/h2>\n<p>La vari\u00e9t\u00e9 Pineapple Express est une vari\u00e9t\u00e9 \u00e0 dominance sativa. La vari\u00e9t\u00e9 est tr\u00e8s populaire et a gagn\u00e9 en notori\u00e9t\u00e9 gr\u00e2ce au film stoner du m\u00eame nom. Cependant, il faut garder \u00e0 l'esprit que la tension n'est pas aussi intense que le film le d\u00e9crit. Mais Pineapple Express parvient toujours \u00e0 fournir un effet engourdissant doux et agr\u00e9able \u00e0 attendre avec impatience. La vari\u00e9t\u00e9 se pr\u00e9sente sous la forme de p\u00e9pites bien pes\u00e9es qui ressemblent \u00e0 du pop-corn en polystyr\u00e8ne. Elle n'a pas un go\u00fbt sucr\u00e9, mais elle sent funky avec ses accents d'agrumes. Le go\u00fbt est assez exceptionnel avec des notes d'ananas \u00e0 l'inspiration. Pineapple Express est utilis\u00e9 pour traiter de nombreux probl\u00e8mes m\u00e9dicaux, notamment l'anxi\u00e9t\u00e9 et le stress. Cependant, il est encore plus efficace pour gu\u00e9rir les sympt\u00f4mes de la d\u00e9pression chronique en m\u00eame temps. Si vous souffrez de douleurs l\u00e9g\u00e8res, ne cherchez pas plus loin. Apr\u00e8s une cigarette, vous constaterez que Pineapple Express est \u00e0 la fois calmant et stimulant. Non seulement cela aiguisera tous vos sens, mais vous vous sentirez \u00e9nergis\u00e9 lorsque vous assisterez \u00e0 une augmentation de la concentration, de la conscience et de la cr\u00e9ativit\u00e9. Acheter de l'herbe en ligne Europe Observez la conscience et la cr\u00e9ativit\u00e9. Acheter de l'herbe en ligne Europe Observez la conscience et la cr\u00e9ativit\u00e9. Acheter de l'herbe en ligne Europe<\/p>\n<p>Bis zu 25-27% THC<\/p>","protected":false},"excerpt":{"rendered":"<p>Pineapple Express combine les pouvoirs puissants et savoureux des vari\u00e9t\u00e9s parentes Trainwreck et Hawaiian. L'odeur est compar\u00e9e \u00e0 la pomme fra\u00eeche et \u00e0 la mangue, avec un go\u00fbt d'ananas, de pin et de c\u00e8dre. Ce dur \u00e0 cuire.<\/p>\n<p>&nbsp;<\/p>","protected":false},"featured_media":671,"comment_status":"open","ping_status":"closed","template":"","meta":{"om_disable_all_campaigns":false,"_monsterinsights_skip_tracking":false,"_monsterinsights_sitenote_active":false,"_monsterinsights_sitenote_note":"","_monsterinsights_sitenote_category":0},"product_brand":[],"product_cat":[126,245],"product_tag":[319,320,316,317,318],"class_list":{"0":"post-670","1":"product","2":"type-product","3":"status-publish","4":"has-post-thumbnail","6":"product_cat-blumen","7":"product_cat-hybrid-sorten","8":"product_tag-ananas-express-online-kaufen-in-los-angeles","9":"product_tag-ananas-express-online-kaufen-in-otawa","10":"product_tag-pineapple-express-online-kaufen-deutschland","11":"product_tag-pineapple-express-online-kaufen-in-colorado","12":"product_tag-pineapple-express-online-kaufen-in-hawaii","14":"first","15":"instock","16":"shipping-taxable","17":"purchasable","18":"product-type-variable"},"_links":{"self":[{"href":"https:\/\/caliweedonlineshop.com\/fr\/wp-json\/wp\/v2\/product\/670","targetHints":{"allow":["GET"]}}],"collection":[{"href":"https:\/\/caliweedonlineshop.com\/fr\/wp-json\/wp\/v2\/product"}],"about":[{"href":"https:\/\/caliweedonlineshop.com\/fr\/wp-json\/wp\/v2\/types\/product"}],"replies":[{"embeddable":true,"href":"https:\/\/caliweedonlineshop.com\/fr\/wp-json\/wp\/v2\/comments?post=670"}],"wp:featuredmedia":[{"embeddable":true,"href":"https:\/\/caliweedonlineshop.com\/fr\/wp-json\/wp\/v2\/media\/671"}],"wp:attachment":[{"href":"https:\/\/caliweedonlineshop.com\/fr\/wp-json\/wp\/v2\/media?parent=670"}],"wp:term":[{"taxonomy":"product_brand","embeddable":true,"href":"https:\/\/caliweedonlineshop.com\/fr\/wp-json\/wp\/v2\/product_brand?post=670"},{"taxonomy":"product_cat","embeddable":true,"href":"https:\/\/caliweedonlineshop.com\/fr\/wp-json\/wp\/v2\/product_cat?post=670"},{"taxonomy":"product_tag","embeddable":true,"href":"https:\/\/caliweedonlineshop.com\/fr\/wp-json\/wp\/v2\/product_tag?post=670"}],"curies":[{"name":"wp","href":"https:\/\/api.w.org\/{rel}","templated":true}]}}