{"id":676,"date":"2023-01-14T18:19:51","date_gmt":"2023-01-14T18:19:51","guid":{"rendered":"https:\/\/caliweedonlineshop.com\/?post_type=product&#038;p=676"},"modified":"2023-05-05T02:37:47","modified_gmt":"2023-05-05T02:37:47","slug":"pink-dosidos","status":"publish","type":"product","link":"https:\/\/caliweedonlineshop.com\/fr\/product\/pink-dosidos\/","title":{"rendered":"pink dosidos"},"content":{"rendered":"<h1>Achetez la souche de marijuana Pink Dosidos en ligne en Europe<\/h1>\n<p>Achetez la souche de marijuana Pink Dosidos en ligne en Europe. Avec un parent comme Do-Si-Dos qui est une sorte d'enfant <a href=\"https:\/\/caliweedonlineshop.com\/index.php\/product\/girl-scout-cookies\/\">Girl Scout Cookies<\/a> on pourrait penser que le profil terp\u00e9nique du Pink Do-Si-Dos sentirait les cookies. Il s'av\u00e8re qu'elle a tendance \u00e0 \u00eatre beaucoup plus moqueuse qu'on ne le pense. Le go\u00fbt est \u00e9galement skunk et s'accompagne d'une saveur humide et terreuse qui persiste en bouche apr\u00e8s avoir fum\u00e9 ou vaporis\u00e9 Pink Do-Si-Dos. Champignon magique Big Mex en ligne aux \u00c9tats-Unis.<\/p>\n<p>La partie \"rose\" du nom vient de son autre plante m\u00e8re, la Champagne Rose. Les bourgeons roses Do-Si-Dos sont une combinaison de fleurs vert clair et vert sauge entrelac\u00e9es avec des pistils jaunes et marron clair. Ils ne sont pas roses comme certains pourraient le penser. Achetez des champignons magiques cubains en ligne.<\/p>\n<h2>Pink Dosidos Marihuana Sorte online in Europa kaufen<\/h2>\n<p>Dans les critiques positives de la vari\u00e9t\u00e9 Pink Do-Si-Dos, les utilisateurs ont exprim\u00e9 leur joie de voir \u00e0 quel point elle aidait \u00e0 surmonter l'anxi\u00e9t\u00e9, le stress et d'autres blocages mentaux. Certains ont m\u00e9dit\u00e9 avec cette souche tandis que d'autres se sont sentis somnolents ou pensifs. Notre Pink Dosido est une modification d'un nouveau classique. Crois\u00e9e avec Pink Champagne et Dosidos, cette vari\u00e9t\u00e9 a un ar\u00f4me incroyable - elle est douce, avec une odeur de skunk qui remplit toute la pi\u00e8ce lorsque vous ouvrez un bocal. Une fum\u00e9e douce et d\u00e9finitivement pr\u00e9f\u00e9r\u00e9e de l'\u00e9quipe Korova. Do-Si-Dos est un croisement entre OG Kush Breath - un ph\u00e9notype de Girl Scout Cookies - et Faceoff OG de l'Archive Seed Bank en Oregon. La banque de graines travaille sur une lign\u00e9e F2 de ph\u00e9notypes Do-Si-Dos - Do-Si-Dos #9, #18 et #22 ; ainsi que les in\u00e9dits #4 et #. 13 \u2013 dont on dit qu'elles poussent en hauteur et produisent des rendements moyens importants en une p\u00e9riode de floraison de 70 jours. L'ensemble de la lign\u00e9e F2 pr\u00e9sente des tendances hermaphrodites h\u00e9rit\u00e9es du parent OGKB chez environ 5% de la population, selon la banque de graines. Des trois ph\u00e9notypes publi\u00e9s, #9 est d\u00e9crit comme le plus puissant, dense et r\u00e9sineux - produisant de grandes quantit\u00e9s de sirotage sec - ainsi qu'un fort ar\u00f4me et saveur de cookie et de Kush. Pendant ce temps, #18 montre des glandes de r\u00e9sine \u00e9paisses et pro\u00e9minentes et un fort ar\u00f4me OG Kush, tandis que #22 est un ph\u00e9notype violet, aromatique et parfum\u00e9 au raisin recommand\u00e9 pour faire de la Ice Hash. La lign\u00e9e F2 enti\u00e8re montre des tendances hermaphrodites h\u00e9rit\u00e9es du parent OGKB chez environ 5% de la population, selon la banque de graines. Des trois ph\u00e9notypes publi\u00e9s, #9 est d\u00e9crit comme le plus puissant, dense et r\u00e9sineux - produisant de grandes quantit\u00e9s de sirotage sec - ainsi qu'un fort ar\u00f4me et saveur de cookie et de Kush. Pendant ce temps, #18 montre des glandes de r\u00e9sine \u00e9paisses et pro\u00e9minentes et un fort ar\u00f4me OG Kush, tandis que #22 est un ph\u00e9notype violet, aromatique et parfum\u00e9 au raisin recommand\u00e9 pour faire de la Ice Hash. L'ensemble de la lign\u00e9e F2 pr\u00e9sente des tendances hermaphrodites h\u00e9rit\u00e9es du parent OGKB chez environ 5% de la population, selon la banque de graines. Des trois ph\u00e9notypes publi\u00e9s, #9 est d\u00e9crit comme le plus puissant, dense et r\u00e9sineux - produisant de grandes quantit\u00e9s de sirotage sec - ainsi qu'un fort ar\u00f4me et saveur de cookie et de Kush. Pendant ce temps, #18 montre des glandes de r\u00e9sine \u00e9paisses et pro\u00e9minentes et un fort ar\u00f4me OG Kush, tandis que #22 est un ph\u00e9notype violet, aromatique et parfum\u00e9 au raisin recommand\u00e9 pour faire de la Ice Hash. La plus dense et la plus r\u00e9sineuse d\u00e9crite - elle produit de grandes quantit\u00e9s de boisson s\u00e8che - ainsi qu'un fort ar\u00f4me et saveur de biscuit et de Kush. Pendant ce temps, #18 montre des glandes de r\u00e9sine \u00e9paisses et pro\u00e9minentes et un fort ar\u00f4me OG Kush, tandis que #22 est un ph\u00e9notype violet, aromatique et parfum\u00e9 au raisin recommand\u00e9 pour faire de la Ice Hash. La plus dense et la plus r\u00e9sineuse d\u00e9crite - elle produit de grandes quantit\u00e9s de boisson s\u00e8che - ainsi qu'un fort ar\u00f4me et saveur de biscuit et de Kush. Pendant ce temps, #18 montre des glandes de r\u00e9sine \u00e9paisses et pro\u00e9minentes et un fort ar\u00f4me OG Kush, tandis que #22 est un ph\u00e9notype violet, aromatique et parfum\u00e9 au raisin recommand\u00e9 pour faire de la Ice Hash.<\/p>","protected":false},"excerpt":{"rendered":"<p>Avec un parent comme Do-Si-Dos, qui \u00e9tait une souche enfant de Girl Scout Cookies, on pourrait penser que le profil de terp\u00e8ne Pink Do-Si-Dos sentirait comme des cookies.<\/p>\n<p>&nbsp;<\/p>","protected":false},"featured_media":677,"comment_status":"open","ping_status":"closed","template":"","meta":{"om_disable_all_campaigns":false,"_monsterinsights_skip_tracking":false,"_monsterinsights_sitenote_active":false,"_monsterinsights_sitenote_note":"","_monsterinsights_sitenote_category":0},"product_brand":[],"product_cat":[126,245,351],"product_tag":[231,321,224],"class_list":{"0":"post-676","1":"product","2":"type-product","3":"status-publish","4":"has-post-thumbnail","6":"product_cat-blumen","7":"product_cat-hybrid-sorten","8":"product_cat-marken-cannabis","9":"product_tag-frosties-kekse-online-kaufen-in-new-jersy","10":"product_tag-fruity-pebbles-in-nevada-kaufen","11":"product_tag-kekse-und-broetchen-in-north-dakota-kaufen","13":"first","14":"instock","15":"featured","16":"shipping-taxable","17":"purchasable","18":"product-type-variable"},"_links":{"self":[{"href":"https:\/\/caliweedonlineshop.com\/fr\/wp-json\/wp\/v2\/product\/676","targetHints":{"allow":["GET"]}}],"collection":[{"href":"https:\/\/caliweedonlineshop.com\/fr\/wp-json\/wp\/v2\/product"}],"about":[{"href":"https:\/\/caliweedonlineshop.com\/fr\/wp-json\/wp\/v2\/types\/product"}],"replies":[{"embeddable":true,"href":"https:\/\/caliweedonlineshop.com\/fr\/wp-json\/wp\/v2\/comments?post=676"}],"wp:featuredmedia":[{"embeddable":true,"href":"https:\/\/caliweedonlineshop.com\/fr\/wp-json\/wp\/v2\/media\/677"}],"wp:attachment":[{"href":"https:\/\/caliweedonlineshop.com\/fr\/wp-json\/wp\/v2\/media?parent=676"}],"wp:term":[{"taxonomy":"product_brand","embeddable":true,"href":"https:\/\/caliweedonlineshop.com\/fr\/wp-json\/wp\/v2\/product_brand?post=676"},{"taxonomy":"product_cat","embeddable":true,"href":"https:\/\/caliweedonlineshop.com\/fr\/wp-json\/wp\/v2\/product_cat?post=676"},{"taxonomy":"product_tag","embeddable":true,"href":"https:\/\/caliweedonlineshop.com\/fr\/wp-json\/wp\/v2\/product_tag?post=676"}],"curies":[{"name":"wp","href":"https:\/\/api.w.org\/{rel}","templated":true}]}}