{"id":682,"date":"2023-01-14T18:26:38","date_gmt":"2023-01-14T18:26:38","guid":{"rendered":"https:\/\/caliweedonlineshop.com\/?post_type=product&#038;p=682"},"modified":"2023-01-14T18:26:38","modified_gmt":"2023-01-14T18:26:38","slug":"purple-haze-2","status":"publish","type":"product","link":"https:\/\/caliweedonlineshop.com\/fr\/product\/purple-haze-2\/","title":{"rendered":"Purple haze"},"content":{"rendered":"<h1>Acheter Purple Haze en ligne en Allemagne<\/h1>\n<p>Acheter Purple Haze en ligne en Allemagne. Rendu c\u00e9l\u00e8bre par le classique de 1967 de Jimi Hendrix, Purple Haze offre une explosion d'euphorie r\u00eaveuse qui ram\u00e8nera les utilisateurs v\u00e9t\u00e9rans \u00e0 leur apog\u00e9e psych\u00e9d\u00e9lique. Cet aliment de base sativa nostalgique continue d'\u00eatre pris\u00e9 pour sa stimulation c\u00e9r\u00e9brale \u00e0 haute \u00e9nergie qui inspire la cr\u00e9ativit\u00e9 et le bonheur tout au long de la journ\u00e9e. On pense que la Purple Haze descend des vari\u00e9t\u00e9s parentes Purple Thai et Haze, qui transmettent un m\u00e9lange d'ar\u00f4mes sucr\u00e9s et terreux soutenus par des notes de baies et d'\u00e9pices piquantes. Les t\u00eates de Purple Haze ont g\u00e9n\u00e9ralement une teinte lavande brillante, ce qui justifie encore plus le nom de cette vari\u00e9t\u00e9.<\/p>\n<p>Gr\u00e2ce au hit \"Purple Haze\" de Jimi Hendrix, cela pourrait \u00eatre l'une des vari\u00e9t\u00e9s les plus connues au monde. Apr\u00e8s avoir fum\u00e9 cette vari\u00e9t\u00e9, vous saurez pourquoi elle a \u00e9t\u00e9 nomm\u00e9e d'apr\u00e8s la c\u00e9l\u00e8bre chanson rock. ACHETER CRO\u00ceTRE (par gramme) La g\u00e9n\u00e9tique \u00e0 dominante sativa de Purple Haze vous fournira un incroyable effet mental qui peut m\u00eame d\u00e9border dans les domaines du trippy psych\u00e9d\u00e9lique. Acheter Purple Haze en ligne en Allemagne<\/p>\n<p><strong>Pouvoir<\/strong><\/p>\n<p>La plupart des vari\u00e9t\u00e9s sativa ont une teneur en THC d'environ 13,5 %. OG Kush Purple Haze se situe entre 13 % et 20 % de THC. La puissance du bourgeon sp\u00e9cifique sur lequel vous mettez la main jouera un r\u00f4le cl\u00e9 dans l'intensit\u00e9 de votre effet final.<\/p>\n<h2>Acheter Purple Haze en ligne en Allemagne<\/h2>\n<p><strong>Effets<\/strong><\/p>\n<p>Cette souche est tout au sujet du cerveau. Apr\u00e8s avoir consomm\u00e9 Purple Haze, vous pouvez vous attendre \u00e0 un high c\u00e9r\u00e9bral distinct et fort. Vous vous sentirez certainement euphorique, \u00e9nergique, exalt\u00e9 et cr\u00e9atif. Et si vous utilisez une fleur puissante ou prenez une dose plus \u00e9lev\u00e9e, vous pouvez \u00e9galement ressentir des effets psych\u00e9d\u00e9liques trippants. Quoi qu'il en soit, vous vous retrouverez au paradis apr\u00e8s seulement quelques bouff\u00e9es de cette vari\u00e9t\u00e9 de cannabis premium. Acheter Biscuit Super Og<\/p>\n<p><strong>Le go\u00fbt de l'odorat<\/strong><\/p>\n<p>Purple Haze a une odeur terreuse avec des notes sucr\u00e9es. Le m\u00eame profil se r\u00e9percute sur la saveur de la fum\u00e9e, qui prend \u00e9galement une l\u00e9g\u00e8re saveur de baies. Acheter Purple Haze en ligne en Allemagne.<br \/>\nPurple Haze est un hybride \u00e0 dominante sativa (85 % sativa\/15 % indica) qui est un croisement puissant entre les vari\u00e9t\u00e9s rares mais populaires Purple Thai X Haze. Nomm\u00e9e d'apr\u00e8s la chanson classique de Jimi Hendrix de 1967, Purple Haze est l'une des vari\u00e9t\u00e9s les plus connues gr\u00e2ce \u00e0 sa popularit\u00e9 dans les ann\u00e9es 1960. Les utilisateurs de Buy Honey Bun d\u00e9crivent le high de Purple Haze comme une stimulation c\u00e9r\u00e9brale \u00e0 haute \u00e9nergie presque instantan\u00e9e accompagn\u00e9e d'un sens intense d'inspiration cr\u00e9ative et d'un contentement bienheureux. Acheter de l'herbe en ligne Europe Un l\u00e9ger high corporel peut \u00eatre ressenti qui se r\u00e9chauffe et se propage de la t\u00eate et du cou \u00e0 tout le corps. En raison de ces effets puissants, Purple Haze est une vari\u00e9t\u00e9 id\u00e9ale pour traiter les patients souffrant de fatigue, souffrez de d\u00e9pression l\u00e9g\u00e8re \u00e0 mod\u00e9r\u00e9e, de stress chronique ou d'anxi\u00e9t\u00e9. Acheter Cherry PiePurple Haze a de longs bourgeons denses et poivr\u00e9s qui sont vert menthe clair avec de riches nuances violettes. Ces p\u00e9pites sont couvertes de longs poils violets clairs et fonc\u00e9s et d'une fine couche de trichomes blanc laiteux et de r\u00e9sine douce et collante. Il a un ar\u00f4me doux de baies terreuses et une saveur piquante de baies avec des notes d'\u00e9pices. Acheter Purple Haze en ligne en Allemagne. recouvert de r\u00e9sine collante. Il a un ar\u00f4me doux de baies terreuses et une saveur piquante de baies avec des notes d'\u00e9pices. Acheter Purple Haze en ligne en Allemagne. recouvert de r\u00e9sine collante. Il a un ar\u00f4me doux de baies terreuses et une saveur piquante de baies avec des notes d'\u00e9pices. Acheter Purple Haze en ligne en Allemagne.<\/p>","protected":false},"excerpt":{"rendered":"<p>Les niveaux de THC sont d'environ 13,5 % dans la plupart des vari\u00e9t\u00e9s sativa. La Purple Haze contient entre 13 % et 20 % de THC. La puissance du bourgeon sp\u00e9cifique sur lequel vous mettez la main jouera un r\u00f4le cl\u00e9 dans l'intensit\u00e9 de votre effet final.<\/p>\n<p>&nbsp;<\/p>","protected":false},"featured_media":683,"comment_status":"open","ping_status":"closed","template":"","meta":{"om_disable_all_campaigns":false,"_monsterinsights_skip_tracking":false,"_monsterinsights_sitenote_active":false,"_monsterinsights_sitenote_note":"","_monsterinsights_sitenote_category":0},"product_brand":[],"product_cat":[126,245],"product_tag":[],"class_list":{"0":"post-682","1":"product","2":"type-product","3":"status-publish","4":"has-post-thumbnail","6":"product_cat-blumen","7":"product_cat-hybrid-sorten","9":"first","10":"instock","11":"shipping-taxable","12":"purchasable","13":"product-type-variable"},"_links":{"self":[{"href":"https:\/\/caliweedonlineshop.com\/fr\/wp-json\/wp\/v2\/product\/682","targetHints":{"allow":["GET"]}}],"collection":[{"href":"https:\/\/caliweedonlineshop.com\/fr\/wp-json\/wp\/v2\/product"}],"about":[{"href":"https:\/\/caliweedonlineshop.com\/fr\/wp-json\/wp\/v2\/types\/product"}],"replies":[{"embeddable":true,"href":"https:\/\/caliweedonlineshop.com\/fr\/wp-json\/wp\/v2\/comments?post=682"}],"wp:featuredmedia":[{"embeddable":true,"href":"https:\/\/caliweedonlineshop.com\/fr\/wp-json\/wp\/v2\/media\/683"}],"wp:attachment":[{"href":"https:\/\/caliweedonlineshop.com\/fr\/wp-json\/wp\/v2\/media?parent=682"}],"wp:term":[{"taxonomy":"product_brand","embeddable":true,"href":"https:\/\/caliweedonlineshop.com\/fr\/wp-json\/wp\/v2\/product_brand?post=682"},{"taxonomy":"product_cat","embeddable":true,"href":"https:\/\/caliweedonlineshop.com\/fr\/wp-json\/wp\/v2\/product_cat?post=682"},{"taxonomy":"product_tag","embeddable":true,"href":"https:\/\/caliweedonlineshop.com\/fr\/wp-json\/wp\/v2\/product_tag?post=682"}],"curies":[{"name":"wp","href":"https:\/\/api.w.org\/{rel}","templated":true}]}}