{"id":688,"date":"2023-01-14T18:32:28","date_gmt":"2023-01-14T18:32:28","guid":{"rendered":"https:\/\/caliweedonlineshop.com\/?post_type=product&#038;p=688"},"modified":"2023-05-17T20:08:15","modified_gmt":"2023-05-17T20:08:15","slug":"purple-punch-2","status":"publish","type":"product","link":"https:\/\/caliweedonlineshop.com\/fr\/product\/purple-punch-2\/","title":{"rendered":"purple punch"},"content":{"rendered":"<h1>Acheter du punch violet en ligne au Royaume-Uni<\/h1>\n<p>Achetez Purple Punch en ligne. C'est gr\u00e2ce aux s\u00e9lectionneurs UK Mystery que la Purple Punch est entr\u00e9e dans nos vies, car cette puissante t\u00eate offre une explosion de go\u00fbt avec un effet dont vous aurez toujours envie. Croiser Granddaddy Purple avec Larry OG \u00e9tait une bonne id\u00e9e car cette vari\u00e9t\u00e9 \u00e0 dominance indica fait ressortir le meilleur des deux parents. Les personnes qui recherchent un high mental et physique tout aussi puissant devraient essayer cette vari\u00e9t\u00e9. Acheter M\u00e9lange \u00e0 G\u00e2teau\/Minntz<\/p>\n<p>Bien qu'elle ne semble pas tr\u00e8s forte avec 20 % de THC, Purple Punch contient \u00e9galement 1 % de CBD et vous frappera comme un Mack Truck. Les p\u00e9pites sont tr\u00e8s moelleuses et lumineuses avec une teinte n\u00e9on accompagn\u00e9e de pistils rouge\u00e2tres et de trichomes ambr\u00e9s. Certains d\u00e9criraient les ar\u00f4mes et les saveurs de ce bourgeon comme une gifle, et \u00e0 juste titre car une forte note de Grape Kool-Aid est pr\u00e9sente. Cependant, cela est compens\u00e9 par d'autres saveurs d\u00e9licieuses telles que les myrtilles, la vanille et les herbes.acheter Aurore bor\u00e9ale<\/p>\n<p>Le high avec Purple Punch commence avec toute sa force, car une puissante stimulation c\u00e9r\u00e9brale vous frappe juste derri\u00e8re les yeux. L'ambiance se l\u00e8ve avec facilit\u00e9 et vous vous sentirez presque comme un ballon s'\u00e9levant dans le ciel. Au fur et \u00e0 mesure que vous montez litt\u00e9ralement en fl\u00e8che, les effets physiques se font sentir, aidant \u00e0 \u00e9quilibrer les choses avec un \u00e9tat de s\u00e9dation intense. Selon votre tol\u00e9rance, c'est le moment id\u00e9al pour vous pelotonner et vous endormir, ou du moins le moment de la soir\u00e9e pour regarder votre film pr\u00e9f\u00e9r\u00e9 et vous d\u00e9tendre.Mintz<\/p>\n<p>Purple Punch est connue pour sa capacit\u00e9 \u00e0 am\u00e9liorer l'humeur avec facilit\u00e9, il n'est donc pas surprenant que les consommateurs m\u00e9dicinaux se tournent vers elle lorsqu'ils se sentent d\u00e9prim\u00e9s. Le stress et la d\u00e9pression sont soulag\u00e9s relativement rapidement, et la douleur physique est \u00e9galement trait\u00e9e avec facilit\u00e9. Si vous avez des maux de t\u00eate, des crampes, des spasmes musculaires ou \u00e0 peu pr\u00e8s n'importe quel autre mal, tournez-vous vers Purple Punch. Bien s\u00fbr, ce bourgeon est \u00e9galement id\u00e9al pour les personnes qui luttent r\u00e9guli\u00e8rement contre l'insomnie.<\/p>\n<p>Si vous \u00eates tomb\u00e9 amoureux de cette vari\u00e9t\u00e9, il y a de fortes chances que vous souhaitiez la ramener \u00e0 la maison et vous l'approprier. Heureusement, les graines de Purple Punch sont tr\u00e8s faciles \u00e0 obtenir, et apr\u00e8s seulement 8 \u00e0 10 semaines, vous vous attendez \u00e0 un rendement tr\u00e8s \u00e9lev\u00e9. Les sp\u00e9cifications de croissance sont un peu floues sur cette vari\u00e9t\u00e9, mais nous savons qu'elle peut \u00eatre facilement cultiv\u00e9e \u00e0 l'int\u00e9rieur et \u00e0 l'ext\u00e9rieur. Achetez Pluto Cookies en ligne.<\/p>\n<p>Si vous voulez r\u00e9galer vos papilles et vivre une exp\u00e9rience cannabique vraiment inoubliable, Purple Punch est fait pour vous. Ce bourgeon est disponible dans de nombreux endroits \u00e0 travers le pays, alors essayez-le et regardez tous vos soucis s'estomper. r\u00eave bleu<\/p>","protected":false},"excerpt":{"rendered":"<p>Purple Punch est la fusion douce et apaisante de deux classiques \u00e0 dominance indica. En croisant Larry OG avec Granddaddy Purple, l'incroyable\u2026<\/p>\n<p>&nbsp;<\/p>","protected":false},"featured_media":689,"comment_status":"open","ping_status":"closed","template":"","meta":{"om_disable_all_campaigns":false,"_monsterinsights_skip_tracking":false,"_monsterinsights_sitenote_active":false,"_monsterinsights_sitenote_note":"","_monsterinsights_sitenote_category":0},"product_brand":[],"product_cat":[126,245,351],"product_tag":[],"class_list":{"0":"post-688","1":"product","2":"type-product","3":"status-publish","4":"has-post-thumbnail","6":"product_cat-blumen","7":"product_cat-hybrid-sorten","8":"product_cat-marken-cannabis","10":"first","11":"instock","12":"featured","13":"shipping-taxable","14":"purchasable","15":"product-type-variable"},"_links":{"self":[{"href":"https:\/\/caliweedonlineshop.com\/fr\/wp-json\/wp\/v2\/product\/688","targetHints":{"allow":["GET"]}}],"collection":[{"href":"https:\/\/caliweedonlineshop.com\/fr\/wp-json\/wp\/v2\/product"}],"about":[{"href":"https:\/\/caliweedonlineshop.com\/fr\/wp-json\/wp\/v2\/types\/product"}],"replies":[{"embeddable":true,"href":"https:\/\/caliweedonlineshop.com\/fr\/wp-json\/wp\/v2\/comments?post=688"}],"wp:featuredmedia":[{"embeddable":true,"href":"https:\/\/caliweedonlineshop.com\/fr\/wp-json\/wp\/v2\/media\/689"}],"wp:attachment":[{"href":"https:\/\/caliweedonlineshop.com\/fr\/wp-json\/wp\/v2\/media?parent=688"}],"wp:term":[{"taxonomy":"product_brand","embeddable":true,"href":"https:\/\/caliweedonlineshop.com\/fr\/wp-json\/wp\/v2\/product_brand?post=688"},{"taxonomy":"product_cat","embeddable":true,"href":"https:\/\/caliweedonlineshop.com\/fr\/wp-json\/wp\/v2\/product_cat?post=688"},{"taxonomy":"product_tag","embeddable":true,"href":"https:\/\/caliweedonlineshop.com\/fr\/wp-json\/wp\/v2\/product_tag?post=688"}],"curies":[{"name":"wp","href":"https:\/\/api.w.org\/{rel}","templated":true}]}}