{"id":700,"date":"2023-01-14T18:45:45","date_gmt":"2023-01-14T18:45:45","guid":{"rendered":"https:\/\/caliweedonlineshop.com\/?post_type=product&#038;p=700"},"modified":"2023-01-16T07:01:30","modified_gmt":"2023-01-16T07:01:30","slug":"sherblato","status":"publish","type":"product","link":"https:\/\/caliweedonlineshop.com\/fr\/product\/sherblato\/","title":{"rendered":"Sherblato"},"content":{"rendered":"<h1>Achetez la souche de marijuana Sherblato en ligne en Autriche<\/h1>\n<p>Achetez la souche de marijuana Sherblato en ligne en Autriche. Sherblato est une dominante sativa raresouche hybride, provoqu\u00e9e par une d\u00e9licieuse combinaison de l'inf\u00e2me <a href=\"https:\/\/caliweedonlineshop.com\/index.php\/product-category\/blumen\/hybrid-sorten\/\">Hybrid-Sorte<\/a>, provoqu\u00e9e par une d\u00e9licieuse combinaison de l'inf\u00e2me <a href=\"https:\/\/www.hytiva.com\/strains\/hybrid\/sherbert\" target=\"_blank\" rel=\"noopener\">Sherbet<\/a> X <a href=\"https:\/\/caliweedonlineshop.com\/index.php\/product\/gelato\/\">Gelato<\/a>- Des vari\u00e9t\u00e9s sont apparues. Nomm\u00e9 pour son go\u00fbt super d\u00e9licieux, Sherblato apporte la saveur super fruit\u00e9e avec une exhalation l\u00e9g\u00e8rement acide d'agrumes tropicaux \u00e0 chaque bouff\u00e9e. L'ar\u00f4me suit le m\u00eame profil, mais avec une connotation gazeuse et piquante qui a des notes de biscuit noisette. Le high de Sherblato est tout aussi d\u00e9licieux que le go\u00fbt, avec des effets stoney qui vous plongeront dans une profonde introspection apr\u00e8s seulement quelques bouff\u00e9es. Le high commence dans la t\u00eate avec un bourdonnement relaxant qui remplit votre esprit de pens\u00e9es heureuses et floues avant de les transformer en une brume heureuse et inconsciente. Votre esprit continue de se calmer. Sherblato est un puissant hybride \u00e0 dominance indica qui a du punch ! Le carrefour qui fait Sherblato sont Sherbert et Gelato ! Lorsque vous ouvrez la bouteille de Sherblato pour la premi\u00e8re fois, vous sentez une forte odeur de gaz qui est tr\u00e8s piquante mais avec un deuxi\u00e8me souffle d'un biscuit fort qui submerge rapidement le gaz. En fumant, des notes d'agrumes douces sont lib\u00e9r\u00e9es, laissant un arri\u00e8re-go\u00fbt de biscuit reconnaissable. Acheter Cherry Pie Cette vari\u00e9t\u00e9 est connue pour ses propri\u00e9t\u00e9s curatives qui soulagent la douleur chronique sans vous transformer en patate de canap\u00e9. Sherblato est un puissant hybride \u00e0 dominance indica qui a du punch ! Les croisements qui font Sherblato sont Sherbert et Gelato ! Lorsque vous ouvrez la bouteille de Sherblato pour la premi\u00e8re fois, vous sentez une forte odeur de gaz tr\u00e8s piquante, une deuxi\u00e8me explosion d'un cookie fort qui submerge rapidement le gaz. Lorsque vous ouvrez la bouteille de Sherblato pour la premi\u00e8re fois, vous sentez une forte odeur de gaz qui est tr\u00e8s piquante mais avec un deuxi\u00e8me souffle d'un biscuit fort qui submerge rapidement le gaz. En fumant, des notes d'agrumes douces sont lib\u00e9r\u00e9es, laissant un arri\u00e8re-go\u00fbt de biscuit reconnaissable. Acheter Cherry Pie Cette vari\u00e9t\u00e9 est connue pour ses propri\u00e9t\u00e9s curatives qui soulagent la douleur chronique sans vous transformer en patate de canap\u00e9. Sherblato est un puissant hybride \u00e0 dominance indica qui a du punch ! Les croisements qui font Sherblato sont Sherbert et Gelato ! Lorsque vous ouvrez la bouteille de Sherblato pour la premi\u00e8re fois, vous sentez une forte odeur de gaz tr\u00e8s piquante, une deuxi\u00e8me explosion d'un cookie fort qui submerge rapidement le gaz. Lorsque vous ouvrez la bouteille de Sherblato pour la premi\u00e8re fois, vous sentez une forte odeur de gaz qui est tr\u00e8s piquante mais avec un deuxi\u00e8me souffle d'un biscuit fort qui submerge rapidement le gaz. En fumant, des notes d'agrumes douces sont lib\u00e9r\u00e9es, laissant un arri\u00e8re-go\u00fbt de biscuit reconnaissable. Acheter Cherry Pie Cette vari\u00e9t\u00e9 est connue pour ses propri\u00e9t\u00e9s curatives qui soulagent la douleur chronique sans vous transformer en patate de canap\u00e9. Sherblato est un puissant hybride \u00e0 dominance indica qui a du punch ! Les croisements qui font Sherblato sont Sherbert et Gelato ! Lorsque vous ouvrez la bouteille de Sherblato pour la premi\u00e8re fois, vous sentez une forte odeur de gaz tr\u00e8s piquante, une deuxi\u00e8me explosion d'un cookie fort qui submerge rapidement le gaz. qui est tr\u00e8s piquant, mais avec un deuxi\u00e8me souffle d'un cookie puissant qui submerge rapidement le gaz. En fumant, des notes d'agrumes douces sont lib\u00e9r\u00e9es, laissant un arri\u00e8re-go\u00fbt de biscuit reconnaissable. Acheter Cherry Pie Cette vari\u00e9t\u00e9 est connue pour ses propri\u00e9t\u00e9s curatives qui soulagent la douleur chronique sans vous transformer en patate de canap\u00e9. Sherblato est un hybride \u00e0 forte dominante indica qui a du punch ! Les croisements qui font Sherblato sont Sherbert et Gelato ! Lorsque vous ouvrez la bouteille de Sherblato pour la premi\u00e8re fois, vous sentez une forte odeur de gaz tr\u00e8s piquante, une deuxi\u00e8me explosion d'un cookie fort qui submerge rapidement le gaz. qui est tr\u00e8s piquant, mais avec un deuxi\u00e8me souffle d'un cookie puissant qui submerge rapidement le gaz. En fumant, des notes d'agrumes douces sont lib\u00e9r\u00e9es, laissant un arri\u00e8re-go\u00fbt de biscuit reconnaissable. Acheter Cherry Pie Cette vari\u00e9t\u00e9 est connue pour ses propri\u00e9t\u00e9s curatives qui soulagent la douleur chronique sans vous transformer en patate de canap\u00e9. Sherblato est un hybride \u00e0 forte dominante indica qui a du punch ! Les croisements qui font Sherblato sont Sherbert et Gelato ! Lorsque vous ouvrez la bouteille de Sherblato pour la premi\u00e8re fois, vous sentez une forte odeur de gaz tr\u00e8s piquante, une deuxi\u00e8me explosion d'un cookie fort qui submerge rapidement le gaz. En fumant, des notes d'agrumes douces sont lib\u00e9r\u00e9es, laissant un arri\u00e8re-go\u00fbt de biscuit reconnaissable. Acheter Cherry Pie Cette vari\u00e9t\u00e9 est connue pour ses propri\u00e9t\u00e9s curatives qui soulagent la douleur chronique sans vous transformer en patate de canap\u00e9. Sherblato est un puissant hybride \u00e0 dominance indica qui a du punch ! Les croisements qui font Sherblato sont Sherbert et Gelato ! Lorsque vous ouvrez la bouteille de Sherblato pour la premi\u00e8re fois, vous sentez une forte odeur de gaz tr\u00e8s piquante, une deuxi\u00e8me explosion d'un cookie fort qui submerge rapidement le gaz. En fumant, des notes d'agrumes douces sont lib\u00e9r\u00e9es, laissant un arri\u00e8re-go\u00fbt de biscuit reconnaissable. Acheter Cherry Pie Cette vari\u00e9t\u00e9 est connue pour ses propri\u00e9t\u00e9s curatives qui soulagent la douleur chronique sans vous transformer en patate de canap\u00e9. Sherblato est un hybride \u00e0 forte dominante indica qui a du punch ! Les croisements qui font Sherblato sont Sherbert et Gelato ! Lorsque vous ouvrez la bouteille de Sherblato pour la premi\u00e8re fois, vous sentez une forte odeur de gaz tr\u00e8s piquante, une deuxi\u00e8me explosion d'un cookie fort qui submerge rapidement le gaz. qui a tout ! Les croisements qui font Sherblato sont Sherbert et Gelato ! Lorsque vous ouvrez la bouteille de Sherblato pour la premi\u00e8re fois, vous sentez une forte odeur de gaz tr\u00e8s piquante, une deuxi\u00e8me explosion d'un cookie fort qui submerge rapidement le gaz. qui a tout ! Les croisements qui font Sherblato sont Sherbert et Gelato ! Lorsque vous ouvrez la bouteille de Sherblato pour la premi\u00e8re fois, vous sentez une forte odeur de gaz tr\u00e8s piquante, une deuxi\u00e8me explosion d'un cookie fort qui submerge rapidement le gaz.<\/p>\n<h2>Achetez la souche de marijuana Sherblato en ligne en Autriche<\/h2>\n<p>Des notes d'agrumes douces et fum\u00e9es sont lib\u00e9r\u00e9es et laissent un arri\u00e8re-go\u00fbt de biscuit reconnaissable. Member Berry Cette vari\u00e9t\u00e9 est connue pour ses propri\u00e9t\u00e9s curatives, soulageant la douleur chronique sans vous transformer en patate de canap\u00e9.<br \/>\nSativa-dominanter Hybrid -70% Sativa \/ 30% Indica<br \/>\nTHC: 21% &#8211; 22%.<\/p>","protected":false},"excerpt":{"rendered":"<p>Sherblato est une rare vari\u00e9t\u00e9 hybride \u00e0 dominance sativa cr\u00e9\u00e9e par une d\u00e9licieuse combinaison des tristement c\u00e9l\u00e8bres vari\u00e9t\u00e9s Sherbet X Gelato. Nomm\u00e9 pour sa saveur super d\u00e9licieuse, Sherblato apporte la saveur super fruit\u00e9e avec une exhalation l\u00e9g\u00e8rement acide d'agrumes tropicaux \u00e0 chaque bouff\u00e9e.<\/p>\n<p>&nbsp;<\/p>","protected":false},"featured_media":701,"comment_status":"open","ping_status":"closed","template":"","meta":{"om_disable_all_campaigns":false,"_monsterinsights_skip_tracking":false,"_monsterinsights_sitenote_active":false,"_monsterinsights_sitenote_note":"","_monsterinsights_sitenote_category":0},"product_brand":[],"product_cat":[126,245,351],"product_tag":[202,203,322],"class_list":{"0":"post-700","1":"product","2":"type-product","3":"status-publish","4":"has-post-thumbnail","6":"product_cat-blumen","7":"product_cat-hybrid-sorten","8":"product_cat-marken-cannabis","9":"product_tag-alice-brownies-online-kaufen-in-new-york","10":"product_tag-cdb-brownies-online-kaufen-in-texas","11":"product_tag-kekspackung-online-kaufen-in-maine","13":"first","14":"instock","15":"featured","16":"shipping-taxable","17":"purchasable","18":"product-type-variable"},"_links":{"self":[{"href":"https:\/\/caliweedonlineshop.com\/fr\/wp-json\/wp\/v2\/product\/700","targetHints":{"allow":["GET"]}}],"collection":[{"href":"https:\/\/caliweedonlineshop.com\/fr\/wp-json\/wp\/v2\/product"}],"about":[{"href":"https:\/\/caliweedonlineshop.com\/fr\/wp-json\/wp\/v2\/types\/product"}],"replies":[{"embeddable":true,"href":"https:\/\/caliweedonlineshop.com\/fr\/wp-json\/wp\/v2\/comments?post=700"}],"wp:featuredmedia":[{"embeddable":true,"href":"https:\/\/caliweedonlineshop.com\/fr\/wp-json\/wp\/v2\/media\/701"}],"wp:attachment":[{"href":"https:\/\/caliweedonlineshop.com\/fr\/wp-json\/wp\/v2\/media?parent=700"}],"wp:term":[{"taxonomy":"product_brand","embeddable":true,"href":"https:\/\/caliweedonlineshop.com\/fr\/wp-json\/wp\/v2\/product_brand?post=700"},{"taxonomy":"product_cat","embeddable":true,"href":"https:\/\/caliweedonlineshop.com\/fr\/wp-json\/wp\/v2\/product_cat?post=700"},{"taxonomy":"product_tag","embeddable":true,"href":"https:\/\/caliweedonlineshop.com\/fr\/wp-json\/wp\/v2\/product_tag?post=700"}],"curies":[{"name":"wp","href":"https:\/\/api.w.org\/{rel}","templated":true}]}}