{"id":706,"date":"2023-01-14T18:48:53","date_gmt":"2023-01-14T18:48:53","guid":{"rendered":"https:\/\/caliweedonlineshop.com\/?post_type=product&#038;p=706"},"modified":"2023-01-16T07:01:30","modified_gmt":"2023-01-16T07:01:30","slug":"sinmint","status":"publish","type":"product","link":"https:\/\/caliweedonlineshop.com\/fr\/product\/sinmint\/","title":{"rendered":"Sinmint"},"content":{"rendered":"<h1>Acheter une vari\u00e9t\u00e9 de marijuana Sinmint en ligne Su\u00e8de<\/h1>\n<p>Acheter Sinmint Marijuana Strain Online Sweden, \u00e9galement connue sous le nom de \"SinMint Cookies\", est une souche hybride l\u00e9g\u00e8rement indica (60% indica \/ 40% sativa) cr\u00e9\u00e9e en croisant les d\u00e9licieuses souches Girl Scout Cookies X Blue Power. Avec des parents comme ceux-ci, vous savez que Sinmint va avoir une saveur incroyablement addictive et un effet \u00e9poustouflant. On dit que Sinmint a le go\u00fbt d'un cookie \u00e0 la menthe douce, avec un soup\u00e7on de Kush \u00e0 l'expiration qui est \u00e9tonnamment d\u00e9licieux. L'ar\u00f4me est \u00e0 peu pr\u00e8s le m\u00eame, bien qu'il soit un peu plus terreux que le go\u00fbt. Les bourgeons de Sinmint ont des p\u00e9pites surdimensionn\u00e9es, longues, poivr\u00e9es, vert fluo avec des poils ambr\u00e9s clairs et une couche menthol\u00e9e de trichomes de cristal. Le high de Sinmint est tout aussi addictif que son go\u00fbt, avec des effets picotements euphorisants,<\/p>\n<p>SinMint Cookies est le croisement signature de Sin City Seeds entre Girl Scout Cookies et Blue Power. SinMint Cookies offre un puissant effet euphorique qui \u00e9loignera merveilleusement votre esprit du stress de la journ\u00e9e. Son ar\u00f4me est un subtil m\u00e9lange de douceur terreuse avec un soup\u00e7on de menthe chaude.<\/p>\n<h2>Acheter une vari\u00e9t\u00e9 de marijuana Sinmint en ligne Su\u00e8de<\/h2>","protected":false},"excerpt":{"rendered":"<p>SinMint est un hybride \u00e0 dominance indica cr\u00e9\u00e9 par Sin City Seeds. D\u00e9riv\u00e9e de l'unique Girl Scout Cookies, cette vari\u00e9t\u00e9 a la saveur unique de noisette des Cookies avec une touche de menthe suppl\u00e9mentaire.<\/p>\n<p>&nbsp;<\/p>","protected":false},"featured_media":707,"comment_status":"open","ping_status":"closed","template":"","meta":{"om_disable_all_campaigns":false,"_monsterinsights_skip_tracking":false,"_monsterinsights_sitenote_active":false,"_monsterinsights_sitenote_note":"","_monsterinsights_sitenote_category":0},"product_brand":[],"product_cat":[126,245,351],"product_tag":[],"class_list":{"0":"post-706","1":"product","2":"type-product","3":"status-publish","4":"has-post-thumbnail","6":"product_cat-blumen","7":"product_cat-hybrid-sorten","8":"product_cat-marken-cannabis","10":"first","11":"instock","12":"featured","13":"shipping-taxable","14":"purchasable","15":"product-type-variable"},"_links":{"self":[{"href":"https:\/\/caliweedonlineshop.com\/fr\/wp-json\/wp\/v2\/product\/706","targetHints":{"allow":["GET"]}}],"collection":[{"href":"https:\/\/caliweedonlineshop.com\/fr\/wp-json\/wp\/v2\/product"}],"about":[{"href":"https:\/\/caliweedonlineshop.com\/fr\/wp-json\/wp\/v2\/types\/product"}],"replies":[{"embeddable":true,"href":"https:\/\/caliweedonlineshop.com\/fr\/wp-json\/wp\/v2\/comments?post=706"}],"wp:featuredmedia":[{"embeddable":true,"href":"https:\/\/caliweedonlineshop.com\/fr\/wp-json\/wp\/v2\/media\/707"}],"wp:attachment":[{"href":"https:\/\/caliweedonlineshop.com\/fr\/wp-json\/wp\/v2\/media?parent=706"}],"wp:term":[{"taxonomy":"product_brand","embeddable":true,"href":"https:\/\/caliweedonlineshop.com\/fr\/wp-json\/wp\/v2\/product_brand?post=706"},{"taxonomy":"product_cat","embeddable":true,"href":"https:\/\/caliweedonlineshop.com\/fr\/wp-json\/wp\/v2\/product_cat?post=706"},{"taxonomy":"product_tag","embeddable":true,"href":"https:\/\/caliweedonlineshop.com\/fr\/wp-json\/wp\/v2\/product_tag?post=706"}],"curies":[{"name":"wp","href":"https:\/\/api.w.org\/{rel}","templated":true}]}}