{"id":712,"date":"2023-01-14T18:53:32","date_gmt":"2023-01-14T18:53:32","guid":{"rendered":"https:\/\/caliweedonlineshop.com\/?post_type=product&#038;p=712"},"modified":"2023-05-13T13:16:25","modified_gmt":"2023-05-13T13:16:25","slug":"sour-diesel","status":"publish","type":"product","link":"https:\/\/caliweedonlineshop.com\/fr\/product\/sour-diesel\/","title":{"rendered":"Sour diesel"},"content":{"rendered":"<h1>Acheter Sour Diesel en ligne au Danemark<\/h1>\n<p>Achetez Sour Diesel en ligne au Danemark. Le high \u00e9nergique et positif de Sour Diesel permet de comprendre facilement pourquoi la vari\u00e9t\u00e9 est si populaire aux \u00c9tats-Unis. Elle a engendr\u00e9 des vari\u00e9t\u00e9s populaires et savoureuses comme Sour Tsunami et Sour Jack, tout en inspirant des vari\u00e9t\u00e9s comme NYC Diesel qui imitent sa saveur unique. Aussi agr\u00e9able dans des contextes sociaux anim\u00e9s que lorsqu'elle est consomm\u00e9e seule, sa combinaison d'effets physiques et mentaux la rend suffisamment polyvalente pour r\u00e9pondre aux besoins de l'utilisateur. Sour Diesel, parfois abr\u00e9g\u00e9 en Sour D, est une vari\u00e9t\u00e9 extr\u00eamement populaire caract\u00e9ris\u00e9e par l'odeur chimique de carburant de ses t\u00eates. Elle a un high principalement sativa avec quelques subtils indicateurs de relaxation physique, ce qui la rend populaire aupr\u00e8s des consommateurs r\u00e9cr\u00e9atifs et m\u00e9dicinaux. C'est une vari\u00e9t\u00e9 puissante avec des niveaux de THC mesur\u00e9s entre 20 % et 25 %. Acheter des comprim\u00e9s de diaz\u00e9pam 10 mg en ligne.<\/p>\n<p>\u00c9tant donn\u00e9 que le march\u00e9 clandestin du cannabis des ann\u00e9es 80 et 90 fonctionnait sans aucun type de documentation permanente, l'origine exacte de Sour Diesel est inconnue. Bien qu'il n'y ait pas d'accord d\u00e9finitif sur sa constitution g\u00e9n\u00e9tique d'origine, la popularit\u00e9 de Sour Diesel en a fait l'objet de nombreuses sp\u00e9culations. Certains pensent que la v\u00e9ritable Sour Diesel est \u00e0 l'origine un ph\u00e9notype distinct d'une vari\u00e9t\u00e9 originale appel\u00e9e Diesel. D'autres disent qu'elle \u00e9tait un ph\u00e9notype de Chemdawg qui penchait plus vers sativa qu'indica. D'autres encore pr\u00e9tendent qu'elle \u00e9tait un croisement entre Chemdawg et Northern Lights, ou peut-\u00eatre Chemdawg, Northern Lights et Skunk #1. Acheter Sour Diesel en ligne au Danemark<\/p>\n<p>Acheter Sour Diesel \u00e0 New York. Sour Diesel a des bourgeons ronds de taille moyenne avec des feuilles qui apparaissent vert jaun\u00e2tre. Les poils rouges appel\u00e9s pistils, structures qui servent \u00e0 attraper le pollen des plantes m\u00e2les, contrastent avec les feuilles dens\u00e9ment tass\u00e9es. Lorsqu'elles sont correctement s\u00e9ch\u00e9es, les t\u00eates sont un peu collantes - les trichomes ne sont pas aussi \u00e9vidents que dans des vari\u00e9t\u00e9s plus r\u00e9sineuses comme la White Widow. Cependant, l'ouverture des bourgeons r\u00e9v\u00e8le des trichomes recouvrant l'int\u00e9rieur des bourgeons denses. Les bourgeons ont une odeur irr\u00e9sistible qui, fid\u00e8le au nom de cette vari\u00e9t\u00e9, est tr\u00e8s similaire \u00e0 l'essence. L'odeur a \u00e9galement des notes d'orange. L'ouverture ou l'\u00e9crasement des bourgeons intensifie encore cette odeur, en ajoutant des composants de musc et de s\u00e8ve de pin. Sour Diesel a une fum\u00e9e notoirement piquante et \u00e2cre qui peut faire tousser ou d\u00e9chirer les sinus des utilisateurs. La fum\u00e9e a une saveur aigre et vaguement skunky que beaucoup d\u00e9crivent comme d\u00e9sagr\u00e9able ; \u00e0 l'expiration, le go\u00fbt presque ammoniac du diesel pique le palais et peut persister longtemps. Les fumeurs essayant de rester discrets doivent \u00eatre avertis qu'il s'agit d'une vari\u00e9t\u00e9 tr\u00e8s piquante et que l'odeur peut \u00eatre d\u00e9tect\u00e9e \u00e0 grande distance. Achetez Sour Diesel en ligne au Danemark. \u00e0 l'expiration, le go\u00fbt presque ammoniac du diesel pique le palais et peut persister longtemps. Les fumeurs essayant de rester discrets doivent \u00eatre avertis qu'il s'agit d'une vari\u00e9t\u00e9 tr\u00e8s piquante et que l'odeur peut \u00eatre d\u00e9tect\u00e9e \u00e0 grande distance. Achetez Sour Diesel en ligne au Danemark. \u00e0 l'expiration, le go\u00fbt presque ammoniac du diesel pique le palais et peut persister longtemps. Les fumeurs essayant de rester discrets doivent \u00eatre avertis qu'il s'agit d'une vari\u00e9t\u00e9 tr\u00e8s piquante et que l'odeur peut \u00eatre d\u00e9tect\u00e9e \u00e0 grande distance. Achetez Sour Diesel en ligne au Danemark.<\/p>\n<h2>Acheter Sour Diesel en ligne au Danemark<\/h2>\n<p>Le high de Sour Diesel frappe rapidement les utilisateurs sous la forme d'un mal de t\u00eate chaud et agr\u00e9able. Une am\u00e9lioration de l'humeur peut \u00e9galement \u00eatre ressentie. Bien que Sour Diesel stimule l'activit\u00e9 synaptique dans le cerveau, le caract\u00e8re de cet effet c\u00e9r\u00e9bral est planant plut\u00f4t qu'intens\u00e9ment c\u00e9r\u00e9bral. Les consommateurs peuvent se sentir bavards lorsqu'ils sont entour\u00e9s d'autres personnes, ou quelque peu introspectifs lorsqu'ils appr\u00e9cient la vari\u00e9t\u00e9 seuls. Pour beaucoup, cette mont\u00e9e en fl\u00e8che est ancr\u00e9e en partie par une l\u00e9g\u00e8re sensation de relaxation physique. Cependant, la relaxation physique menant \u00e0 un enfermement complet dans le canap\u00e9 est rare. Le sentiment d'euphorie qui accompagne cette vari\u00e9t\u00e9 peut \u00eatre utile pour traiter certains sympt\u00f4mes de stress l\u00e9ger, d'anxi\u00e9t\u00e9 ou de d\u00e9pression. Votre tendance \u00e0 la pens\u00e9e associative peut \u00e9voquer un peu d'inspiration cr\u00e9ative. Les fans de cette vari\u00e9t\u00e9 d\u00e9crivent \u00e9galement le soulagement des douleurs g\u00eanantes. La combinaison d'effets mentaux et somatiques de Sour Diesel peut \u00e9galement en faire un puissant aphrodisiaque dans certaines situations. Comme c'est souvent le cas avec de nombreuses sativas fortes, l'\u00e9tat mental alt\u00e9r\u00e9 induit par Sour Diesel peut s'av\u00e9rer \u00e9crasant pour certains, conduisant \u00e0 une pens\u00e9e parano\u00efaque et r\u00e9cursive ou \u00e0 un sentiment de g\u00e9n\u00e9ralement aucun contr\u00f4le sur son esprit ou son corps. Les utilisateurs, en particulier ceux qui ont une faible tol\u00e9rance au THC, doivent ajuster leur consommation en cons\u00e9quence. Acheter Florida Cake Jungleboys Sour Diesel a une longueur moyenne \u00e9lev\u00e9e qui dure environ 2 \u00e0 3 heures. Achetez Sour Diesel en ligne au Danemark. Acheter Gruntz dans le Connecticut<\/p>\n<p>Les graines de Sour Diesel sont conditionn\u00e9es et disponibles \u00e0 la vente dans diverses banques de graines. Les s\u00e9lectionneurs peuvent \u00e9galement reproduire des plantes en tant que clones en prenant des boutures de plantes adultes de la m\u00eame souche. La Sour Diesel peut \u00eatre cultiv\u00e9e en int\u00e9rieur ou en ext\u00e9rieur, bien que la culture en ext\u00e9rieur n\u00e9cessite un climat m\u00e9diterran\u00e9en semi-humide avec des temp\u00e9ratures quotidiennes comprises entre 72 et 80 degr\u00e9s Fahrenheit. Les plantes sont plus typiquement sativa qu'indica, avec une apparence haute en forme de fuseau et un large espacement entre les n\u0153uds de floraison. Les plantes peuvent atteindre plus d'un m\u00e8tre de hauteur, augmentant de mani\u00e8re exponentielle en hauteur pendant la floraison. Lors de la culture en int\u00e9rieur, la flexion et la taille des branches au d\u00e9but de la phase v\u00e9g\u00e9tative peuvent aider les plantes \u00e0 s'adapter \u00e0 l'espace vertical limit\u00e9. La Sour Diesel fleurit en 10 semaines en int\u00e9rieur et vers le d\u00e9but novembre en ext\u00e9rieur. Elle a un rendement mod\u00e9r\u00e9ment \u00e9lev\u00e9 : les cultivateurs peuvent s'attendre \u00e0 entre 42 et 56 grammes (ou entre 1,5 et 2 onces) par m\u00e8tre carr\u00e9 de plante. Achetez Sour Diesel en ligne au Danemark.<\/p>","protected":false},"excerpt":{"rendered":"<p>Le high \u00e9nergique et positif de Sour Diesel permet de comprendre facilement pourquoi la vari\u00e9t\u00e9 est si populaire aux \u00c9tats-Unis.<\/p>\n<p>&nbsp;<\/p>","protected":false},"featured_media":713,"comment_status":"open","ping_status":"closed","template":"","meta":{"om_disable_all_campaigns":false,"_monsterinsights_skip_tracking":false,"_monsterinsights_sitenote_active":false,"_monsterinsights_sitenote_note":"","_monsterinsights_sitenote_category":0},"product_brand":[],"product_cat":[126,245,351],"product_tag":[276,324,323,325,326,327,328,329,331,330],"class_list":{"0":"post-712","1":"product","2":"type-product","3":"status-publish","4":"has-post-thumbnail","6":"product_cat-blumen","7":"product_cat-hybrid-sorten","8":"product_cat-marken-cannabis","9":"product_tag-garrison-lane-in-virginia-kaufen","10":"product_tag-kekse-vorverpackt-in-new-york-kaufen","11":"product_tag-keksmischung-online-kaufen-in-maine","12":"product_tag-sour-diesel-in-chicago-kaufen","13":"product_tag-sour-diesel-in-denver-kaufen","14":"product_tag-sour-diesel-in-illinois-kaufen","15":"product_tag-sour-diesel-in-los-angeles-kaufen","16":"product_tag-sour-diesel-in-new-york-kaufen","17":"product_tag-sour-diesel-in-texas-kaufen","18":"product_tag-sour-diesel-kaufen-in-orleans","20":"first","21":"instock","22":"featured","23":"shipping-taxable","24":"purchasable","25":"product-type-variable"},"_links":{"self":[{"href":"https:\/\/caliweedonlineshop.com\/fr\/wp-json\/wp\/v2\/product\/712","targetHints":{"allow":["GET"]}}],"collection":[{"href":"https:\/\/caliweedonlineshop.com\/fr\/wp-json\/wp\/v2\/product"}],"about":[{"href":"https:\/\/caliweedonlineshop.com\/fr\/wp-json\/wp\/v2\/types\/product"}],"replies":[{"embeddable":true,"href":"https:\/\/caliweedonlineshop.com\/fr\/wp-json\/wp\/v2\/comments?post=712"}],"wp:featuredmedia":[{"embeddable":true,"href":"https:\/\/caliweedonlineshop.com\/fr\/wp-json\/wp\/v2\/media\/713"}],"wp:attachment":[{"href":"https:\/\/caliweedonlineshop.com\/fr\/wp-json\/wp\/v2\/media?parent=712"}],"wp:term":[{"taxonomy":"product_brand","embeddable":true,"href":"https:\/\/caliweedonlineshop.com\/fr\/wp-json\/wp\/v2\/product_brand?post=712"},{"taxonomy":"product_cat","embeddable":true,"href":"https:\/\/caliweedonlineshop.com\/fr\/wp-json\/wp\/v2\/product_cat?post=712"},{"taxonomy":"product_tag","embeddable":true,"href":"https:\/\/caliweedonlineshop.com\/fr\/wp-json\/wp\/v2\/product_tag?post=712"}],"curies":[{"name":"wp","href":"https:\/\/api.w.org\/{rel}","templated":true}]}}