{"id":718,"date":"2023-01-14T19:00:03","date_gmt":"2023-01-14T19:00:03","guid":{"rendered":"https:\/\/caliweedonlineshop.com\/?post_type=product&#038;p=718"},"modified":"2023-01-14T19:00:03","modified_gmt":"2023-01-14T19:00:03","slug":"strawberry-kush","status":"publish","type":"product","link":"https:\/\/caliweedonlineshop.com\/fr\/product\/strawberry-kush\/","title":{"rendered":"strawberry kush"},"content":{"rendered":"<h1>Acheter Strawberry Kush en ligne<\/h1>\n<p>Acheter Strawberry Kush en ligne : Strawberry Kush est une vari\u00e9t\u00e9 forte et douce qui est une femme bien \u00e9quilibr\u00e9e. Avec sa saveur de fraise musqu\u00e9e, cette vari\u00e9t\u00e9 est \u00e0 la hauteur de sa lign\u00e9e. Typiquement un croisement entre la douce Strawberry Cough et la piquante OG Kush, Strawberry Kush est forte mais pas \u00e9crasante. Une vari\u00e9t\u00e9 puissante pour.<\/p>\n<p>Pour les d\u00e9butants, c'est une vari\u00e9t\u00e9 somnolente qui produit une sensation corporelle lourde et apaisante, bien que les effets puissent varier en fonction du dosage et des utilisateurs. Pour les cultivateurs, Strawberry Kush n'est disponible qu'en tant que clone et fleurit g\u00e9n\u00e9ralement entre 8 et 9 semaines.<\/p>\n<h2>Acheter Strawberry Kush en ligne<\/h2>\n<p>Acheter Strawberry Kush en ligne. est doux, fort et vraiment bien arrondi. Cette vari\u00e9t\u00e9 justifie certainement sa lign\u00e9e et contient une saveur artificielle de fraise musqu\u00e9e avec un niveau de THC de 16 \u00e0 18 %. Essentiellement trouv\u00e9e comme un croisement entre l'am\u00e8re OG Kush et la sucr\u00e9e Strawberry Cough, elle est g\u00e9n\u00e9ralement forte mais pas \u00e9crasante. La filiation de cette souche varie selon le dispensaire. Certains dispensaires proposent des versions \u00e0 dominance sativa ou hybrides qui produisent l'effet inverse et stimulant. Cette vari\u00e9t\u00e9 fleurit g\u00e9n\u00e9ralement en huit \u00e0 neuf semaines et ne peut \u00eatre obtenue que par clonage. Strawberry Kush contient des g\u00e9n\u00e9tiques sativa et se fume plus comme une sativa que comme une indica. Lorsque vous allumez cette herbe, vous reconnaissez imm\u00e9diatement les agrumes, pin et bien s\u00fbr fraises. La combinaison fruit\u00e9e offre un go\u00fbt propre et le high de cette herbe stimulera mentalement une personne, la laissant alerte et pr\u00eate \u00e0 l'action. acheter de l'herbe en ligne Europe Strawberry Kush est une bonne herbe \u00e0 fumer pendant la journ\u00e9e car elle ne vous rend pas somnolent. D'un point de vue m\u00e9dical, il aide les patients souffrant de stress et de perte d'app\u00e9tit.<\/p>\n<h3>Informations sur la vari\u00e9t\u00e9<\/h3>\n<p>G\u00e9n\u00e9tiquement class\u00e9 comme Sativa (80% Sativa et 20% Indica). On dit que cette vari\u00e9t\u00e9 est un croisement entre Strawberry Fields et une myst\u00e9rieuse vari\u00e9t\u00e9 Haze \u00e0 l'ancienne. Bien qu'il y ait beaucoup de sp\u00e9culations sur les faits sur la fa\u00e7on dont cette puissante sativa est n\u00e9e.<\/p>\n<h3>Ar\u00f4me, go\u00fbt et apparence<\/h3>\n<p>Comme son nom l'indique, l'ar\u00f4me g\u00e9n\u00e9ral de Strawberry Kush est plut\u00f4t bon. des fraises; rappelant les baies fra\u00eeches d'\u00e9t\u00e9 qui poussent dans un champ \u00e0 la campagne. Certaines nuances culminent \u00e9galement dans le profil olfactif, avec des notes de terre et de skunk, ce qui pourrait expliquer pourquoi cette vari\u00e9t\u00e9 de marijuana a tendance \u00e0 \u00eatre. provoquer une toux apr\u00e8s inhalation. Le parfum consomme instantan\u00e9ment n'importe quelle pi\u00e8ce dans laquelle il se trouve et persiste longtemps. M\u00eame apr\u00e8s que les bourgeons eux-m\u00eames ont \u00e9t\u00e9 enferm\u00e9s herm\u00e9tiquement.<br \/>\nLe go\u00fbt de Strawberry Banana Kush est similaire \u00e0 l'ar\u00f4me, \u00e0 part quelques diff\u00e9rences subtiles. La saveur g\u00e9n\u00e9rale est bien s\u00fbr riche en fraises fruit\u00e9es, mais il y a aussi une pointe de terre \u00e0 d\u00e9guster, semblable \u00e0 une baie cueillie directement de la terre.<\/p>\n<h5>Effets<\/h5>\n<p>Strawberry Kush est une vari\u00e9t\u00e9 sativa quelque peu complexe, car elle pr\u00e9sente la m\u00eame \u00e9nergie et la m\u00eame portance que les autres vari\u00e9t\u00e9s de la m\u00eame cat\u00e9gorie, tout en \u00e9tant tr\u00e8s douce et relaxante en m\u00eame temps.<\/p>\n<p>&nbsp;<\/p>\n<p>&nbsp;<\/p>\n<p>&nbsp;<\/p>","protected":false},"excerpt":{"rendered":"<p>La souche Strawberry Cough est une souche unique. Il est parfait pour commencer la journ\u00e9e et vous aider \u00e0 exceller partout o\u00f9 la vie vous m\u00e8ne. Acheter une tarte aux cerises<\/p>\n<p>&nbsp;<\/p>","protected":false},"featured_media":719,"comment_status":"open","ping_status":"closed","template":"","meta":{"om_disable_all_campaigns":false,"_monsterinsights_skip_tracking":false,"_monsterinsights_sitenote_active":false,"_monsterinsights_sitenote_note":"","_monsterinsights_sitenote_category":0},"product_brand":[],"product_cat":[126,245],"product_tag":[],"class_list":{"0":"post-718","1":"product","2":"type-product","3":"status-publish","4":"has-post-thumbnail","6":"product_cat-blumen","7":"product_cat-hybrid-sorten","9":"first","10":"instock","11":"shipping-taxable","12":"purchasable","13":"product-type-variable"},"_links":{"self":[{"href":"https:\/\/caliweedonlineshop.com\/fr\/wp-json\/wp\/v2\/product\/718","targetHints":{"allow":["GET"]}}],"collection":[{"href":"https:\/\/caliweedonlineshop.com\/fr\/wp-json\/wp\/v2\/product"}],"about":[{"href":"https:\/\/caliweedonlineshop.com\/fr\/wp-json\/wp\/v2\/types\/product"}],"replies":[{"embeddable":true,"href":"https:\/\/caliweedonlineshop.com\/fr\/wp-json\/wp\/v2\/comments?post=718"}],"wp:featuredmedia":[{"embeddable":true,"href":"https:\/\/caliweedonlineshop.com\/fr\/wp-json\/wp\/v2\/media\/719"}],"wp:attachment":[{"href":"https:\/\/caliweedonlineshop.com\/fr\/wp-json\/wp\/v2\/media?parent=718"}],"wp:term":[{"taxonomy":"product_brand","embeddable":true,"href":"https:\/\/caliweedonlineshop.com\/fr\/wp-json\/wp\/v2\/product_brand?post=718"},{"taxonomy":"product_cat","embeddable":true,"href":"https:\/\/caliweedonlineshop.com\/fr\/wp-json\/wp\/v2\/product_cat?post=718"},{"taxonomy":"product_tag","embeddable":true,"href":"https:\/\/caliweedonlineshop.com\/fr\/wp-json\/wp\/v2\/product_tag?post=718"}],"curies":[{"name":"wp","href":"https:\/\/api.w.org\/{rel}","templated":true}]}}