{"id":730,"date":"2023-01-14T19:11:32","date_gmt":"2023-01-14T19:11:32","guid":{"rendered":"https:\/\/caliweedonlineshop.com\/?post_type=product&#038;p=730"},"modified":"2023-01-16T07:01:30","modified_gmt":"2023-01-16T07:01:30","slug":"white-cherry-gelato","status":"publish","type":"product","link":"https:\/\/caliweedonlineshop.com\/fr\/product\/white-cherry-gelato\/","title":{"rendered":"white cherry gelato"},"content":{"rendered":"<h1>Glace \u00e0 la cerise blanche en ligne \u00e0 Europa kaufen<\/h1>\n<p>Achetez de la glace White Cherry en ligne en Europe. Gelato (alias \"Larry Bird\") est une vari\u00e9t\u00e9 de cannabis hybride s\u00e9duisante cr\u00e9\u00e9e par Cookie Fam et Sherbinski, suivant les traces de ses parents Sunset Sherbet et Thin Mint GSC. Originaire de la Bay Area, en Californie, cette vari\u00e9t\u00e9 tire son nom de l'ar\u00f4me fruit\u00e9 de dessert, un fil g\u00e9n\u00e9tique commun dans la famille Cookie. Les d\u00e9butants devraient approcher cette centrale \u00e9lectrique de THC avec prudence, mais ceux qui ont une tol\u00e9rance \u00e9lev\u00e9e appr\u00e9cieront la lourde euphorie de la glace. acheter JealousyLa relaxation physique est forte, mais beaucoup se trouvent encore suffisamment agiles mentalement pour rester productifs et cr\u00e9atifs lorsqu'ils d\u00e9gustent Gelato pendant la journ\u00e9e.acheter Super Og Cookie<\/p>\n<h2>Acheter de la glace \u00e0 la cerise blanche en ligne en Europe<\/h2>","protected":false},"excerpt":{"rendered":"<p>Gelato (alias \"Larry Bird\") est une vari\u00e9t\u00e9 de cannabis hybride s\u00e9duisante cr\u00e9\u00e9e par Cookie Fam et Sherbinski, suivant les traces de ses parents Sunset Sherbet et Thin Mint GSC<\/p>\n<p>&nbsp;<\/p>","protected":false},"featured_media":731,"comment_status":"open","ping_status":"closed","template":"","meta":{"om_disable_all_campaigns":false,"_monsterinsights_skip_tracking":false,"_monsterinsights_sitenote_active":false,"_monsterinsights_sitenote_note":"","_monsterinsights_sitenote_category":0},"product_brand":[],"product_cat":[126,245,351],"product_tag":[332,338,339,340,333,334,336,342,341,337,335],"class_list":{"0":"post-730","1":"product","2":"type-product","3":"status-publish","4":"has-post-thumbnail","6":"product_cat-blumen","7":"product_cat-hybrid-sorten","8":"product_cat-marken-cannabis","9":"product_tag-frosties-cookies-online-kaufen-in-new-jersy","10":"product_tag-gelato-mit-weisser-kirsche-in-illinois-kaufen","11":"product_tag-gelato-mit-weisser-kirsche-in-polen-kaufen","12":"product_tag-gelato-mit-weisser-kirsche-in-santa-cruz-kaufen","13":"product_tag-ghost-strain-haze-online-kaufen-in-las-vegas","14":"product_tag-hawaiian-haze-online-kaufen-in-florida","15":"product_tag-weisse-kirsche-gelato-in-florida-kaufen","16":"product_tag-weisse-kirsche-gelato-texas-kaufen","17":"product_tag-weisses-kirschgelato-online-kaufen","18":"product_tag-white-cherry-gelato-in-deutschland-kaufen","19":"product_tag-white-cherry-gelato-kaufen","21":"first","22":"instock","23":"featured","24":"shipping-taxable","25":"purchasable","26":"product-type-variable"},"_links":{"self":[{"href":"https:\/\/caliweedonlineshop.com\/fr\/wp-json\/wp\/v2\/product\/730","targetHints":{"allow":["GET"]}}],"collection":[{"href":"https:\/\/caliweedonlineshop.com\/fr\/wp-json\/wp\/v2\/product"}],"about":[{"href":"https:\/\/caliweedonlineshop.com\/fr\/wp-json\/wp\/v2\/types\/product"}],"replies":[{"embeddable":true,"href":"https:\/\/caliweedonlineshop.com\/fr\/wp-json\/wp\/v2\/comments?post=730"}],"wp:featuredmedia":[{"embeddable":true,"href":"https:\/\/caliweedonlineshop.com\/fr\/wp-json\/wp\/v2\/media\/731"}],"wp:attachment":[{"href":"https:\/\/caliweedonlineshop.com\/fr\/wp-json\/wp\/v2\/media?parent=730"}],"wp:term":[{"taxonomy":"product_brand","embeddable":true,"href":"https:\/\/caliweedonlineshop.com\/fr\/wp-json\/wp\/v2\/product_brand?post=730"},{"taxonomy":"product_cat","embeddable":true,"href":"https:\/\/caliweedonlineshop.com\/fr\/wp-json\/wp\/v2\/product_cat?post=730"},{"taxonomy":"product_tag","embeddable":true,"href":"https:\/\/caliweedonlineshop.com\/fr\/wp-json\/wp\/v2\/product_tag?post=730"}],"curies":[{"name":"wp","href":"https:\/\/api.w.org\/{rel}","templated":true}]}}